{"id":2322,"date":"2025-08-24T12:38:29","date_gmt":"2025-08-24T09:38:29","guid":{"rendered":"https:\/\/juvenala.ro\/?page_id=2322"},"modified":"2026-02-06T09:51:52","modified_gmt":"2026-02-06T07:51:52","slug":"city-bound","status":"publish","type":"page","link":"https:\/\/juvenala.ro\/nb\/city-bound\/","title":{"rendered":"City Bound"},"content":{"rendered":"<div class=\"wpb-content-wrapper\"><div class=\"vc_row wpb_row vc_row-fluid tpath-vc-section bg-style tpath-standard bg-shapecolor-tpath-standard\"><div class=\"tpath-row-inner-wrapper\"><div class=\"container\"><div class=\"row\"><div class=\"wpb_column vc_main_column vc_column_container vc_col-sm-12 typo-default\"><div class=\"tpath-column-inner-wrapper vc_column-inner bg-style column-bg-default\"><div class=\"wpb_wrapper\">\n\t<div  class=\"wpb_single_image wpb_content_element vc_align_left\">\n\t\t\n\t\t<figure class=\"wpb_wrapper vc_figure\">\n\t\t\t<div class=\"vc_single_image-wrapper   vc_box_border_grey\"><img loading=\"lazy\" decoding=\"async\" width=\"1600\" height=\"1068\" src=\"https:\/\/juvenala.ro\/wp-content\/uploads\/2025\/08\/city-bound-main-image-1.jpg\" class=\"vc_single_image-img attachment-full\" alt=\"\" title=\"bybundet hovedbilde\" \/><\/div>\n\t\t<\/figure>\n\t<\/div>\n\n\t<div class=\"wpb_raw_code wpb_content_element wpb_raw_html\" >\n\t\t<div class=\"wpb_wrapper\">\n\t\t\t<p>City Bound er en aktivitet som gir erfaringsbaserte l\u00e6ringsmuligheter med utgangspunkt i milj\u00f8et der de bor. Aktivitetene inneholder et bredt spekter av temaer basert p\u00e5 deltakernes hverdagsbehov. Aktivitetene tilsvarer sosiale situasjoner som barn f\u00f8r eller senere m\u00e5 forholde seg til. De positive erfaringene som h\u00f8stes, vil ha en langsiktig effekt og bidra til \u00e5 h\u00e5ndtere de utfordringene som oppst\u00e5r i det virkelige liv.<\/p>\n\n<p>City Bound gj\u00f8r det mulig \u00e5 visualisere egne roller, m\u00f8nstre og vaner fra et nytt perspektiv, og skaper p\u00e5 den m\u00e5ten intense rom for l\u00e6ring og erfaring. Deltakerne oppfordres til \u00e5 handle, til \u00e5 utforske omgivelsene og til \u00e5 komme n\u00e6rmere fremmede mennesker. M\u00f8ter og sosiale l\u00e6ringsprosesser finner sted i det lokalsamfunnet der de utf\u00f8rer aktivitetene sine, og der de skal integreres.<\/p>\n\n<p>City Bound bidrar til \u00e5 utvikle og trene opp kreativitet, kommunikasjon og teamarbeid, ressursforvaltning, best mulig utnyttelse av tid, h\u00e5ndtering av konfliktsituasjoner, produktiv konkurransekraft, individuelt bidrag til teamets suksess og utvikling av strategiske ferdigheter.<\/p>\n\t\t<\/div>\n\t<\/div>\n<\/div><\/div><\/div><\/div><\/div><\/div><\/div><div class=\"vc_row wpb_row vc_row-fluid tpath-vc-section bg-style tpath-standard bg-shapecolor-tpath-standard\"><div class=\"tpath-row-inner-wrapper\"><div class=\"container\"><div class=\"row\"><div class=\"wpb_column vc_main_column vc_column_container vc_col-sm-12 typo-default\"><div class=\"tpath-column-inner-wrapper vc_column-inner bg-style column-bg-default\"><div class=\"wpb_wrapper\">\n\t<div class=\"wpb_raw_code wpb_content_element wpb_raw_html remove-margins-bottom\" >\n\t\t<div class=\"wpb_wrapper\">\n\t\t\t<h2>Galleri<\/h2>\n\t\t<\/div>\n\t<\/div>\n\n<div class=\"vc_grid-container-wrapper vc_clearfix vc_grid-animation-none\">\n\t<div class=\"vc_grid-container vc_clearfix wpb_content_element vc_media_grid\" data-initial-loading-animation=\"none\" data-vc-grid-settings=\"{&quot;page_id&quot;:2322,&quot;style&quot;:&quot;all&quot;,&quot;action&quot;:&quot;vc_get_vc_grid_data&quot;,&quot;shortcode_id&quot;:&quot;1770357035803-45a3193e-562b-9&quot;,&quot;tag&quot;:&quot;vc_media_grid&quot;}\" data-vc-request=\"https:\/\/juvenala.ro\/wp-admin\/admin-ajax.php\" data-vc-post-id=\"2322\" data-vc-public-nonce=\"27ebb9f546\">\n\t\t\n\t<\/div>\n<\/div><\/div><\/div><\/div><\/div><\/div><\/div><\/div><div class=\"vc_row wpb_row vc_row-fluid tpath-vc-section bg-style tpath-standard bg-shapecolor-tpath-standard\"><div class=\"tpath-row-inner-wrapper\"><div class=\"container\"><div class=\"row\"><div class=\"wpb_column vc_main_column vc_column_container vc_col-sm-12 typo-default\"><div class=\"tpath-column-inner-wrapper vc_column-inner bg-style column-bg-default\"><div class=\"wpb_wrapper\">\n<div class=\"vc_grid-container-wrapper vc_clearfix vc_grid-animation-none\">\n\t<div class=\"vc_grid-container vc_clearfix wpb_content_element vc_media_grid\" data-initial-loading-animation=\"none\" data-vc-grid-settings=\"{&quot;page_id&quot;:2322,&quot;style&quot;:&quot;all&quot;,&quot;action&quot;:&quot;vc_get_vc_grid_data&quot;,&quot;shortcode_id&quot;:&quot;1770357035805-29354b2c-766e-5&quot;,&quot;tag&quot;:&quot;vc_media_grid&quot;}\" data-vc-request=\"https:\/\/juvenala.ro\/wp-admin\/admin-ajax.php\" data-vc-post-id=\"2322\" data-vc-public-nonce=\"27ebb9f546\">\n\t\t\n\t<\/div>\n<\/div><\/div><\/div><\/div><\/div><\/div><\/div><\/div><div class=\"vc_row wpb_row vc_row-fluid tpath-vc-section bg-style tpath-standard bg-shapecolor-tpath-standard\"><div class=\"tpath-row-inner-wrapper\"><div class=\"container\"><div class=\"row\"><div class=\"wpb_column vc_main_column vc_column_container vc_col-sm-12 typo-default\"><div class=\"tpath-column-inner-wrapper vc_column-inner bg-style column-bg-default\"><div class=\"wpb_wrapper\">\n<div class=\"vc_grid-container-wrapper vc_clearfix vc_grid-animation-none\">\n\t<div class=\"vc_grid-container vc_clearfix wpb_content_element vc_media_grid\" data-initial-loading-animation=\"none\" data-vc-grid-settings=\"{&quot;page_id&quot;:2322,&quot;style&quot;:&quot;all&quot;,&quot;action&quot;:&quot;vc_get_vc_grid_data&quot;,&quot;shortcode_id&quot;:&quot;1770357035806-44031d0e-fe6e-9&quot;,&quot;tag&quot;:&quot;vc_media_grid&quot;}\" data-vc-request=\"https:\/\/juvenala.ro\/wp-admin\/admin-ajax.php\" data-vc-post-id=\"2322\" data-vc-public-nonce=\"27ebb9f546\">\n\t\t\n\t<\/div>\n<\/div><\/div><\/div><\/div><\/div><\/div><\/div><\/div><div class=\"vc_row wpb_row vc_row-fluid tpath-vc-section bg-style tpath-standard bg-shapecolor-tpath-standard\"><div class=\"tpath-row-inner-wrapper\"><div class=\"container\"><div class=\"row\"><div class=\"wpb_column vc_main_column vc_column_container vc_col-sm-12 typo-default\"><div class=\"tpath-column-inner-wrapper vc_column-inner bg-style column-bg-default\"><div class=\"wpb_wrapper\">\n<div class=\"vc_grid-container-wrapper vc_clearfix vc_grid-animation-none\">\n\t<div class=\"vc_grid-container vc_clearfix wpb_content_element vc_media_grid\" data-initial-loading-animation=\"none\" data-vc-grid-settings=\"{&quot;page_id&quot;:2322,&quot;style&quot;:&quot;all&quot;,&quot;action&quot;:&quot;vc_get_vc_grid_data&quot;,&quot;shortcode_id&quot;:&quot;1770357035807-84dd0cb2-0b57-5&quot;,&quot;tag&quot;:&quot;vc_media_grid&quot;}\" data-vc-request=\"https:\/\/juvenala.ro\/wp-admin\/admin-ajax.php\" data-vc-post-id=\"2322\" data-vc-public-nonce=\"27ebb9f546\">\n\t\t\n\t<\/div>\n<\/div><\/div><\/div><\/div><\/div><\/div><\/div><\/div><div class=\"vc_row wpb_row vc_row-fluid tpath-vc-section bg-style tpath-standard bg-shapecolor-tpath-standard\"><div class=\"tpath-row-inner-wrapper\"><div class=\"container\"><div class=\"row\"><div class=\"wpb_column vc_main_column vc_column_container vc_col-sm-12 typo-default\"><div class=\"tpath-column-inner-wrapper vc_column-inner bg-style column-bg-default\"><div class=\"wpb_wrapper\">\n<div class=\"vc_grid-container-wrapper vc_clearfix vc_grid-animation-none\">\n\t<div class=\"vc_grid-container vc_clearfix wpb_content_element vc_media_grid\" data-initial-loading-animation=\"none\" data-vc-grid-settings=\"{&quot;page_id&quot;:2322,&quot;style&quot;:&quot;all&quot;,&quot;action&quot;:&quot;vc_get_vc_grid_data&quot;,&quot;shortcode_id&quot;:&quot;1770357035809-51223d01-45fa-10&quot;,&quot;tag&quot;:&quot;vc_media_grid&quot;}\" data-vc-request=\"https:\/\/juvenala.ro\/wp-admin\/admin-ajax.php\" data-vc-post-id=\"2322\" data-vc-public-nonce=\"27ebb9f546\">\n\t\t\n\t<\/div>\n<\/div><\/div><\/div><\/div><\/div><\/div><\/div><\/div><div class=\"vc_row wpb_row vc_row-fluid tpath-vc-section bg-style tpath-standard bg-shapecolor-tpath-standard\"><div class=\"tpath-row-inner-wrapper\"><div class=\"container\"><div class=\"row\"><div class=\"wpb_column vc_main_column vc_column_container vc_col-sm-12 typo-default\"><div class=\"tpath-column-inner-wrapper vc_column-inner bg-style column-bg-default\"><div class=\"wpb_wrapper\">\n<div class=\"vc_grid-container-wrapper vc_clearfix vc_grid-animation-none\">\n\t<div class=\"vc_grid-container vc_clearfix wpb_content_element vc_media_grid\" data-initial-loading-animation=\"none\" data-vc-grid-settings=\"{&quot;page_id&quot;:2322,&quot;style&quot;:&quot;all&quot;,&quot;action&quot;:&quot;vc_get_vc_grid_data&quot;,&quot;shortcode_id&quot;:&quot;1770357046394-b89aa686-5540-10&quot;,&quot;tag&quot;:&quot;vc_media_grid&quot;}\" data-vc-request=\"https:\/\/juvenala.ro\/wp-admin\/admin-ajax.php\" data-vc-post-id=\"2322\" data-vc-public-nonce=\"27ebb9f546\">\n\t\t\n\t<\/div>\n<\/div><\/div><\/div><\/div><\/div><\/div><\/div><\/div><div class=\"vc_row wpb_row vc_row-fluid tpath-vc-section bg-style tpath-standard bg-shapecolor-tpath-standard\"><div class=\"tpath-row-inner-wrapper\"><div class=\"container\"><div class=\"row\"><div class=\"wpb_column vc_main_column vc_column_container vc_col-sm-12 typo-default\"><div class=\"tpath-column-inner-wrapper vc_column-inner bg-style column-bg-default\"><div class=\"wpb_wrapper\">\n\t<div class=\"wpb_raw_code wpb_content_element wpb_raw_html\" >\n\t\t<div class=\"wpb_wrapper\">\n\t\t\t<a \n  href=\"https:\/\/www.facebook.com\/AsociatiaJuvenALA\"\n  target=\"_blank\"\n  rel=\"noopener noreferrer\"\n  style=\"    display:inline-block;    padding:14px 28px;    background:#1877f2;    color:#ffffff;    font-size:16px;    font-weight:600;    text-decoration:none;    border-radius:6px;  \"\n>\n  F\u00f8lg oss p\u00e5 Facebook\n<\/a>\n\n\t\t<\/div>\n\t<\/div>\n<\/div><\/div><\/div><\/div><\/div><\/div><\/div><div class=\"vc_row wpb_row vc_row-fluid tpath-vc-section bg-style tpath-standard bg-shapecolor-tpath-standard\"><div class=\"tpath-row-inner-wrapper\"><div class=\"container\"><div class=\"row\"><div class=\"wpb_column vc_main_column vc_column_container vc_col-sm-12 typo-default\"><div class=\"tpath-column-inner-wrapper vc_column-inner bg-style column-bg-default\"><div class=\"wpb_wrapper\"><div class=\"vc_empty_space\"   style=\"height: 32px\"><span class=\"vc_empty_space_inner\"><\/span><\/div><\/div><\/div><\/div><\/div><\/div><\/div><\/div><div class=\"vc_row wpb_row vc_row-fluid tpath-vc-section bg-style tpath-standard bg-shapecolor-tpath-standard\"><div class=\"tpath-row-inner-wrapper\"><div class=\"container\"><div class=\"row\"><div class=\"wpb_column vc_main_column vc_column_container vc_col-sm-12 typo-default\"><div class=\"tpath-column-inner-wrapper vc_column-inner bg-style column-bg-default\"><div class=\"wpb_wrapper\"><div class=\"vc_icon_element vc_icon_element-outer vc_icon_element-align-center\"><div class=\"vc_icon_element-inner vc_icon_element-color-juicy_pink vc_icon_element-size-xl vc_icon_element-style- vc_icon_element-background-color-grey\" ><span class=\"vc_icon_element-icon fab fa-youtube\" ><\/span><a class=\"vc_icon_element-link\" href=\"https:\/\/www.youtube.com\/channel\/UCq1T6Sbdhw4bqLKBlRHyPDQ\"  title=\"Ungdom - Youtube\" target=\"_blank\"><\/a><\/div><\/div><\/div><\/div><\/div><\/div><\/div><\/div><\/div><div class=\"vc_row wpb_row vc_row-fluid tpath-vc-section bg-style tpath-standard bg-shapecolor-tpath-standard\"><div class=\"tpath-row-inner-wrapper\"><div class=\"container\"><div class=\"row\"><div class=\"wpb_column vc_main_column vc_column_container vc_col-sm-12 typo-default\"><div class=\"tpath-column-inner-wrapper vc_column-inner bg-style column-bg-default\"><div class=\"wpb_wrapper\">\n\t<div class=\"wpb_text_column wpb_content_element\" >\n\t\t<div class=\"wpb_wrapper\">\n\t\t\t<p style=\"text-align: center;\"><strong>Vi er p\u00e5 YouTube!<\/strong><\/p>\n\n\t\t<\/div>\n\t<\/div>\n<\/div><\/div><\/div><\/div><\/div><\/div><\/div>\n<\/div>","protected":false},"excerpt":{"rendered":"City Bound este o activitate care ofer\u0103 oportunit\u0103\u021bi de \u00eenv\u0103\u021bare bazate pe experien\u021ba din mediul \u00een care tr\u0103iesc. Ac\u021biunile con\u021bin o tematic\u0103 vast\u0103, bazate pe necesit\u0103\u021bile de zi cu zi...","protected":false},"author":1,"featured_media":0,"parent":0,"menu_order":0,"comment_status":"closed","ping_status":"closed","template":"","meta":{"footnotes":""},"class_list":["post-2322","page","type-page","status-publish","hentry"],"_links":{"self":[{"href":"https:\/\/juvenala.ro\/nb\/wp-json\/wp\/v2\/pages\/2322","targetHints":{"allow":["GET"]}}],"collection":[{"href":"https:\/\/juvenala.ro\/nb\/wp-json\/wp\/v2\/pages"}],"about":[{"href":"https:\/\/juvenala.ro\/nb\/wp-json\/wp\/v2\/types\/page"}],"author":[{"embeddable":true,"href":"https:\/\/juvenala.ro\/nb\/wp-json\/wp\/v2\/users\/1"}],"replies":[{"embeddable":true,"href":"https:\/\/juvenala.ro\/nb\/wp-json\/wp\/v2\/comments?post=2322"}],"version-history":[{"count":6,"href":"https:\/\/juvenala.ro\/nb\/wp-json\/wp\/v2\/pages\/2322\/revisions"}],"predecessor-version":[{"id":2812,"href":"https:\/\/juvenala.ro\/nb\/wp-json\/wp\/v2\/pages\/2322\/revisions\/2812"}],"wp:attachment":[{"href":"https:\/\/juvenala.ro\/nb\/wp-json\/wp\/v2\/media?parent=2322"}],"curies":[{"name":"wp","href":"https:\/\/api.w.org\/{rel}","templated":true}]}}