{"id":2055,"date":"2025-08-14T18:12:02","date_gmt":"2025-08-14T15:12:02","guid":{"rendered":"https:\/\/juvenala.ro\/?page_id=2055"},"modified":"2025-08-14T18:12:02","modified_gmt":"2025-08-14T15:12:02","slug":"politica-cookies","status":"publish","type":"page","link":"https:\/\/juvenala.ro\/nb\/politica-cookies\/","title":{"rendered":"Retningslinjer for informasjonskapsler"},"content":{"rendered":"<div class=\"wpb-content-wrapper\"><div class=\"vc_row wpb_row vc_row-fluid tpath-vc-section bg-style tpath-standard bg-shapecolor-tpath-standard\"><div class=\"tpath-row-inner-wrapper\"><div class=\"container\"><div class=\"row\"><div class=\"wpb_column vc_main_column vc_column_container vc_col-sm-12 typo-default\"><div class=\"tpath-column-inner-wrapper vc_column-inner bg-style column-bg-default\"><div class=\"wpb_wrapper\">\n\t<div class=\"wpb_raw_code wpb_content_element wpb_raw_html\" >\n\t\t<div class=\"wpb_wrapper\">\n\t\t\t<div class=\"cookies-policy\">\n  <h1>Retningslinjer for informasjonskapsler<\/h1>\n  <p><em>Siste oppdatering: 14. august 2025<\/em><\/p>\n\n  <h2>1. Hva er informasjonskapsler?<\/h2>\n  <p>\n    Informasjonskapsler er sm\u00e5 tekstfiler som lagres p\u00e5 enheten din n\u00e5r du bes\u00f8ker et nettsted.\n    De brukes for \u00e5 sikre at nettstedet fungerer som det skal og for \u00e5 forbedre brukeropplevelsen.\n  <\/p>\n\n  <h2>2. Typer informasjonskapsler som brukes<\/h2>\n  <p>\n    Nettsted <strong>Juvenala-foreningen<\/strong> bruker bare viktige informasjonskapsler, som er n\u00f8dvendige for at sidene skal fungere p\u00e5 riktig m\u00e5te.\n    De samler ikke inn personopplysninger og brukes ikke til reklameform\u00e5l.\n  <\/p>\n\n  <h2>3. Informasjonskapsler fra tredjeparter<\/h2>\n  <p>\n    Dette nettstedet bruker for \u00f8yeblikket ikke analyse-, reklame- eller tredjeparts informasjonskapsler.\n  <\/p>\n\n  <h2>4. Kontroll av informasjonskapsler<\/h2>\n  <p>\n    Du kan kontrollere og\/eller slette informasjonskapsler via innstillingene i nettleseren din.\n    V\u00e6r oppmerksom p\u00e5 at deaktivering av viktige informasjonskapsler kan p\u00e5virke nettstedets funksjon.\n  <\/p>\n\n  <h2>5. Endringer i retningslinjene<\/h2>\n  <p>\n    Juvenalaf\u00f6rbundet forbeholder seg retten til n\u00e5r som helst \u00e5 endre disse retningslinjene for informasjonskapsler uten forvarsel.\n    Eventuelle endringer vil bli lagt ut p\u00e5 denne siden.\n  <\/p>\n\n  <h2>6. Kontakt<\/h2>\n  <p>\n    For mer informasjon om bruken av informasjonskapsler, kan du kontakte oss p\u00e5<br>\n    E-post: <a href=\"mailto:contact@asociatiajuvenala.ro\">contact@asociatiajuvenala.ro<\/a><br>\n    Adresse: Str. Vasile Conta nr. 4 \/ O8 \/ 18, Piatra Neamt, jud. Neam\u021b, Romania\n  <\/p>\n<\/div>\n\n\t\t<\/div>\n\t<\/div>\n<div class=\"vc_empty_space\"   style=\"height: 20px\"><span class=\"vc_empty_space_inner\"><\/span><\/div><\/div><\/div><\/div><\/div><\/div><\/div><\/div>\n<\/div>","protected":false},"excerpt":{"rendered":"Politica privind fi\u0219ierele cookie Ultima actualizare: 14 august 2025 1. Ce sunt cookie-urile? Cookie-urile sunt fi\u0219iere mici de text stocate pe dispozitivul dumneavoastr\u0103 atunci c\u00e2nd vizita\u021bi un site web. Ele...","protected":false},"author":1,"featured_media":0,"parent":0,"menu_order":0,"comment_status":"closed","ping_status":"closed","template":"","meta":{"footnotes":""},"class_list":["post-2055","page","type-page","status-publish","hentry"],"_links":{"self":[{"href":"https:\/\/juvenala.ro\/nb\/wp-json\/wp\/v2\/pages\/2055","targetHints":{"allow":["GET"]}}],"collection":[{"href":"https:\/\/juvenala.ro\/nb\/wp-json\/wp\/v2\/pages"}],"about":[{"href":"https:\/\/juvenala.ro\/nb\/wp-json\/wp\/v2\/types\/page"}],"author":[{"embeddable":true,"href":"https:\/\/juvenala.ro\/nb\/wp-json\/wp\/v2\/users\/1"}],"replies":[{"embeddable":true,"href":"https:\/\/juvenala.ro\/nb\/wp-json\/wp\/v2\/comments?post=2055"}],"version-history":[{"count":1,"href":"https:\/\/juvenala.ro\/nb\/wp-json\/wp\/v2\/pages\/2055\/revisions"}],"predecessor-version":[{"id":2056,"href":"https:\/\/juvenala.ro\/nb\/wp-json\/wp\/v2\/pages\/2055\/revisions\/2056"}],"wp:attachment":[{"href":"https:\/\/juvenala.ro\/nb\/wp-json\/wp\/v2\/media?parent=2055"}],"curies":[{"name":"wp","href":"https:\/\/api.w.org\/{rel}","templated":true}]}}