{"id":1975,"date":"2023-05-29T08:44:00","date_gmt":"2023-05-29T05:44:00","guid":{"rendered":"https:\/\/juvenala.ro\/?page_id=1975"},"modified":"2023-05-29T08:53:52","modified_gmt":"2023-05-29T05:53:52","slug":"tabara-sankt-englmar-2023","status":"publish","type":"page","link":"https:\/\/juvenala.ro\/nb\/tabara-sankt-englmar-2023\/","title":{"rendered":"LEIR - SANKT ENGLMAR 2023"},"content":{"rendered":"<div class=\"wpb-content-wrapper\"><div class=\"vc_row wpb_row vc_row-fluid tpath-vc-section bg-style tpath-standard bg-shapecolor-tpath-standard wpb_animate_when_almost_visible wpb_appear appear\"><div class=\"tpath-row-inner-wrapper\"><div class=\"container\"><div class=\"row\"><div class=\"wpb_column vc_main_column vc_column_container vc_col-sm-3 typo-default\"><div class=\"tpath-column-inner-wrapper vc_column-inner bg-style column-bg-default\"><div class=\"wpb_wrapper\">\n\t<div  class=\"wpb_single_image wpb_content_element vc_align_left\">\n\t\t\n\t\t<figure class=\"wpb_wrapper vc_figure\">\n\t\t\t<div class=\"vc_single_image-wrapper   vc_box_border_grey\"><img loading=\"lazy\" decoding=\"async\" width=\"150\" height=\"96\" src=\"https:\/\/juvenala.ro\/wp-content\/uploads\/2018\/03\/important-atentie-3-150x96.png\" class=\"vc_single_image-img attachment-thumbnail\" alt=\"\" title=\"viktig-at\" \/><\/div>\n\t\t<\/figure>\n\t<\/div>\n<\/div><\/div><\/div><div class=\"wpb_column vc_main_column vc_column_container vc_col-sm-9 typo-default\"><div class=\"tpath-column-inner-wrapper vc_column-inner bg-style column-bg-default\"><div class=\"wpb_wrapper\">\n\t<div class=\"wpb_raw_code wpb_content_element wpb_raw_html\" >\n\t\t<div class=\"wpb_wrapper\">\n\t\t\t<a href=\"https:\/\/juvenala.ro\/wp-content\/uploads\/2023\/05\/Formular-de-\u00eenscriere-tab\u0103ra-de-var\u0103-\u00een-Germania-2023-1.pdf\" target=\"_blank\"><h4 style=\"color: #237ebd\">P\u00e5meldingsskjema for leir <strong>Sankt Englmar \/ Tyskland - 2023<\/strong> + generelle regler for deltakelse<\/h4><\/a>\n<a href=\"https:\/\/juvenala.ro\/wp-content\/uploads\/2018\/07\/Check-list.pdf\" target=\"_blank\" style=\"color: #237ebd\"><strong>Sjekkliste<\/strong><\/a>\n\t\t<\/div>\n\t<\/div>\n<\/div><\/div><\/div><\/div><\/div><\/div><\/div><div class=\"vc_row wpb_row vc_row-fluid tpath-vc-section bg-style tpath-standard bg-shapecolor-tpath-standard wpb_animate_when_almost_visible wpb_appear appear\"><div class=\"tpath-row-inner-wrapper\"><div class=\"container\"><div class=\"row\"><div class=\"wpb_column vc_main_column vc_column_container vc_col-sm-12 typo-default\"><div class=\"tpath-column-inner-wrapper vc_column-inner bg-style column-bg-default\"><div class=\"wpb_wrapper\">\n\t<div class=\"wpb_text_column wpb_content_element\" >\n\t\t<div class=\"wpb_wrapper\">\n\t\t\t<p><strong>BELIGGENHET<\/strong>: Sankt Englmar \/ TYSKLAND<br \/>\n<strong>PERIODEN<\/strong>: 17. august - 28. august (12 dager)<br \/>\n<strong>Deltakernes alder:<\/strong> 12 - 16 \u00e5r<\/p>\n<p><strong>Kostnader<\/strong>: 1380,- Euro\/Person (inkluderer transport med buss *****, overnatting med<br \/>\nhelpensjon i Sankt Englmar + overnatting med middag og frokost i Ungarn - overnatting<br \/>\nobligatorisk transport i maksimalt 8 timer, undervisningsmateriell og betaling av inngangspenger til alle<br \/>\nseverdigheter \u00e5 bes\u00f8ke)<\/p>\n<p><strong>S\u00f8knadsfrist<\/strong>: 15. juni 2023<br \/>\n<strong>Full betalingsfrist<\/strong>: 15. juli 2023<\/p>\n<p><em><strong>Aktiviteter:<\/strong><\/em><br \/>\n<strong>AVSLAPPENDE<\/strong> - avspenning, kunnskap og utvikling<br \/>\n- Bes\u00f8k i N\u00fcrnberg - nazistenes rettssal fra 1944<br \/>\n- Leirb\u00e5l med marshmallows, pinnebr\u00f8d, masse sanger, historier og leker;<br \/>\n- Bes\u00f8k dyreparken i M\u00fcnchen og slottet \"Turn und Taxis\" i Regensburg;<br \/>\nOUTDOOR - l\u00e6ring og orientering i naturen<br \/>\n- Trekking - Fantastiske ruter i fjellene opp til 1456 meters h\u00f8yde;<br \/>\n- Klatreruter i hengende tauhager - Eventyr, adrenalin og<br \/>\nSelvtillit.<\/p>\n<p><strong>UFORGLEMMELIG<\/strong> - gjennom nye opplevelser blir tysk spr\u00e5koppl\u00e6ring en vakker og morsom m\u00e5te \u00e5 l\u00e6re tysk p\u00e5.<br \/>\nnyttig \u00e5 bruke tiden din p\u00e5<br \/>\n- Bes\u00f8k M\u00fcnchens gamleby og M\u00fcnchen Zoo;<br \/>\n- Bes\u00f8k med b\u00e5t p\u00e5 Donau til klosteret Barock Weltemburg;<br \/>\n- Bes\u00f8k p\u00e5 Volksfest (som Oktoberfest) i Straubing;<br \/>\n- Hip-hop-dansetime med en ber\u00f8mt koreograf av Justin Timberlake<\/p>\n<p><strong>EVENTYR<\/strong> - i forn\u00f8yelsesparker<br \/>\n- BOB &amp; COASTER p\u00e5 2 x 1000 m Toboggan, 3 x 70 m Tubing - Racer i paradis<br \/>\nsommermoro;<br \/>\n- Bayern Park - Rent adrenalin med \"Freisch\u00fctz\" - fra 0 til 80 km\/t p\u00e5 2,3 sekunder<br \/>\n483 spektakul\u00e6re meter lang; \"The Whitewateride\", Twinbob Tobogan,<br \/>\nInnend\u00f8rs fjellklatring og flere opplevelser for unge hjerter...<\/p>\n<p><strong>Dato for kontakt<\/strong>: Telefon 0741030071, 0725311006.<br \/>\n<strong>E-post<\/strong>: office@juvenala.ro<br \/>\nDet er begrenset antall plasser.<br \/>\nPrisen er 1380 Euro\/person og inkluderer busstransport, overnatting p\u00e5 gjestehus og<br \/>\nhelpensjon, undervisningsmateriell og inngangsbilletter til alle severdighetene.<br \/>\n<strong>Arrang\u00f8r<\/strong>: ROUA Camps Germany og Juvenala Association<\/p>\n\n\t\t<\/div>\n\t<\/div>\n\n\t<div  class=\"wpb_single_image wpb_content_element vc_align_left\">\n\t\t\n\t\t<figure class=\"wpb_wrapper vc_figure\">\n\t\t\t<div class=\"vc_single_image-wrapper   vc_box_border_grey\"><img loading=\"lazy\" decoding=\"async\" width=\"74\" height=\"67\" src=\"https:\/\/juvenala.ro\/wp-content\/uploads\/2023\/05\/juv.png\" class=\"vc_single_image-img attachment-full\" alt=\"\" title=\"juv\" \/><\/div>\n\t\t<\/figure>\n\t<\/div>\n<\/div><\/div><\/div><\/div><\/div><\/div><\/div>\n<\/div>","protected":false},"excerpt":{"rendered":"Formular de \u00eenscriere tab\u0103ra Sankt Englmar \/ Germania - 2023 + reguli generale de participare Check-list LOCA\u021aIA: Sankt Englmar \/ GERMANIA PERIOADA: 17 august \u2013 28 august (12 zile) V\u00e2rsta...","protected":false},"author":1,"featured_media":0,"parent":0,"menu_order":0,"comment_status":"closed","ping_status":"closed","template":"","meta":{"footnotes":""},"class_list":["post-1975","page","type-page","status-publish","hentry"],"_links":{"self":[{"href":"https:\/\/juvenala.ro\/nb\/wp-json\/wp\/v2\/pages\/1975","targetHints":{"allow":["GET"]}}],"collection":[{"href":"https:\/\/juvenala.ro\/nb\/wp-json\/wp\/v2\/pages"}],"about":[{"href":"https:\/\/juvenala.ro\/nb\/wp-json\/wp\/v2\/types\/page"}],"author":[{"embeddable":true,"href":"https:\/\/juvenala.ro\/nb\/wp-json\/wp\/v2\/users\/1"}],"replies":[{"embeddable":true,"href":"https:\/\/juvenala.ro\/nb\/wp-json\/wp\/v2\/comments?post=1975"}],"version-history":[{"count":7,"href":"https:\/\/juvenala.ro\/nb\/wp-json\/wp\/v2\/pages\/1975\/revisions"}],"predecessor-version":[{"id":1986,"href":"https:\/\/juvenala.ro\/nb\/wp-json\/wp\/v2\/pages\/1975\/revisions\/1986"}],"wp:attachment":[{"href":"https:\/\/juvenala.ro\/nb\/wp-json\/wp\/v2\/media?parent=1975"}],"curies":[{"name":"wp","href":"https:\/\/api.w.org\/{rel}","templated":true}]}}