{"id":1660,"date":"2018-11-22T09:19:50","date_gmt":"2018-11-22T09:19:50","guid":{"rendered":"https:\/\/juvenala.ro\/?page_id=1660"},"modified":"2018-11-22T12:37:19","modified_gmt":"2018-11-22T12:37:19","slug":"city-break-tokyo-japonia","status":"publish","type":"page","link":"https:\/\/juvenala.ro\/nb\/city-break-tokyo-japonia\/","title":{"rendered":"Storbyferie TOKYO - Japan"},"content":{"rendered":"<p>STED: TOKYO - JAPAN<\/p>\n<p>PERIODE: 20. juni 2019 - 30. juni 2019 (10 dager)<\/p>\n<p>Alder p\u00e5 deltakerne: 14 - 18 \u00e5r<\/p>\n<p>Antall plasser: 20<\/p>\n<p>Kostnader: 1850,- Euro\/person (inkluderer flytransport (fly med mellomlanding) Bucuresti-Tokyo tur\/retur, overnatting med helpensjon i sentrum av metropolen, inngangsbilletter til severdighetene)<\/p>\n<p>S\u00f8knadsfrist: 10. februar 2019<\/p>\n<p>FRIST FOR FULL BETALING: 30. mai 2019<\/p>\n<p>Ikke inkludert i prisen: transport til og fra Otopeni lufthavn Bucuresti<\/p>\n<p>AKTIVITETER<br \/>\nRELAXING - avkobling, kunnskap og utvikling:<br \/>\n- Aktiviteter for personlighetsutvikling, forbedring av kommunikasjonsferdigheter og -evner p\u00e5 engelsk<br \/>\n- Bes\u00f8k Meiji-tempelet<br \/>\n- Bes\u00f8k til Tokyo Tower - symbolet p\u00e5 metropolen (kjent fra filmene Godzilla, Sailor Moon)<br \/>\nOUTDOOR - l\u00e6ring og orientering:<br \/>\n- Orientering i en metropol med 11 millioner mennesker<br \/>\n- Bes\u00f8k Tsukiji Oceanic Fish Exchange (verdens st\u00f8rste fiskemarked)<br \/>\nUforglemmelig - gjennom unike opplevelser:<br \/>\n- Utveksling med elever og l\u00e6rere p\u00e5 en av de mest ber\u00f8mte tradisjonelle videreg\u00e5ende skolene i Tokyo<br \/>\n- Bes\u00f8k nasjonalmuseet (det eldste japanske museet);<br \/>\n- Bes\u00f8k keiserpalasset EDO og keiserlige hager;<br \/>\n- Forbedring av engelsk (det anbefales at hver deltaker har et h\u00f8yt engelskniv\u00e5 som er n\u00f8dvendig for \u00e5 kommunisere med japanske studenter)<br \/>\nADVENTURE - i storbyens nabolag:<br \/>\n- Bes\u00f8k i Shibuya-omr\u00e5det (storbyens st\u00f8rste shoppingdistrikt, der vi blant annet kan beundre statuen av den trofaste hunden Hachiko)<br \/>\n- Bes\u00f8k den \"elektriske\" bydelen Akihabara;<br \/>\n- Bes\u00f8k Kinza-omr\u00e5det (verdens mest luksuri\u00f8se shoppingstr\u00f8k)<\/p>\n<p>Kontakt: Telefon: 0741030071, 0725311006, 0725311006<br \/>\nE-post: office@juvenala.ro<br \/>\nDet er begrenset antall plasser.<br \/>\nArrang\u00f8r : ROUA Camps Tyskland og Juvenala Association<\/p>\n<p><a href=\"https:\/\/juvenala.ro\/wp-content\/uploads\/2018\/11\/Formular-de-\u00eenscriere-City-Break-\u00een-Tokyo.pdf\" target=\"_blank\" style=\"color: blue;\">S\u00f8knadsskjema<\/a><\/p>","protected":false},"excerpt":{"rendered":"<p>LOCATIA: TOKYO \u2013 JAPONIA PERIOADA: 20 iunie 2019 \u2013 30 iunie 2019 (10 zile) V\u00e2rsta participan\u021bi: 14 &#8211; 18 ani Nr. locuri: 20 Costuri: 1850,- Euro\/Persoana (include transport cu avionul&#8230;<\/p>","protected":false},"author":1,"featured_media":0,"parent":0,"menu_order":0,"comment_status":"closed","ping_status":"closed","template":"","meta":{"footnotes":""},"class_list":["post-1660","page","type-page","status-publish","hentry"],"_links":{"self":[{"href":"https:\/\/juvenala.ro\/nb\/wp-json\/wp\/v2\/pages\/1660","targetHints":{"allow":["GET"]}}],"collection":[{"href":"https:\/\/juvenala.ro\/nb\/wp-json\/wp\/v2\/pages"}],"about":[{"href":"https:\/\/juvenala.ro\/nb\/wp-json\/wp\/v2\/types\/page"}],"author":[{"embeddable":true,"href":"https:\/\/juvenala.ro\/nb\/wp-json\/wp\/v2\/users\/1"}],"replies":[{"embeddable":true,"href":"https:\/\/juvenala.ro\/nb\/wp-json\/wp\/v2\/comments?post=1660"}],"version-history":[{"count":3,"href":"https:\/\/juvenala.ro\/nb\/wp-json\/wp\/v2\/pages\/1660\/revisions"}],"predecessor-version":[{"id":1666,"href":"https:\/\/juvenala.ro\/nb\/wp-json\/wp\/v2\/pages\/1660\/revisions\/1666"}],"wp:attachment":[{"href":"https:\/\/juvenala.ro\/nb\/wp-json\/wp\/v2\/media?parent=1660"}],"curies":[{"name":"wp","href":"https:\/\/api.w.org\/{rel}","templated":true}]}}