{"id":1515,"date":"2018-03-09T15:05:13","date_gmt":"2018-03-09T15:05:13","guid":{"rendered":"https:\/\/juvenala.ro\/?page_id=1515"},"modified":"2018-03-09T15:10:44","modified_gmt":"2018-03-09T15:10:44","slug":"lumea-juvenala","status":"publish","type":"page","link":"https:\/\/juvenala.ro\/nb\/lumea-juvenala\/","title":{"rendered":"Juvenala World"},"content":{"rendered":"<div class=\"wpb-content-wrapper\"><div class=\"vc_row wpb_row vc_row-fluid tpath-vc-section bg-style tpath-standard bg-shapecolor-tpath-standard\"><div class=\"tpath-row-inner-wrapper\"><div class=\"container\"><div class=\"row\"><div class=\"wpb_column vc_main_column vc_column_container vc_col-sm-12 typo-default\"><div class=\"tpath-column-inner-wrapper vc_column-inner bg-style column-bg-default\"><div class=\"wpb_wrapper\">\n\t<div class=\"wpb_raw_code wpb_content_element wpb_raw_html\" >\n\t\t<div class=\"wpb_wrapper\">\n\t\t\t<p><strong><span style=\"color: #237ebd;\">Hva er et frivillig engasjement?<\/span><\/strong><br>\nFrivillig arbeid er egentlig en honorarbasert og tidsbegrenset aktivitet for ideelle institusjoner og organisasjoner. Frivillige f\u00e5r vanligvis ingen betaling eller bare et lite bel\u00f8p til dekning av reiseutgifter. \u00c5rsaken til denne formen for frivillig arbeid er vanligvis at de frivillige f\u00e5r sin f\u00f8rste arbeidserfaring og f\u00e5r en spesiell overskrift p\u00e5 CV-en sin - noe som er sv\u00e6rt ettertraktet blant HR-avdelingene i alle bedrifter og p\u00e5 universiteter.\n<\/p>\n<p>Frivillig arbeid har en positiv effekt p\u00e5 lokalsamfunnet, hjelper deg \u00e5 l\u00e6re mer om deg selv, f\u00e5r deg til \u00e5 f\u00f8le deg vel, forbedrer ferdighetene dine, bygger selvtilliten din og gir deg \u00f8kt selvtillit. Cristiana, en bemerkelsesverdig engasjert student som har jobbet frivillig i Juvenala, kaller det \"en vinn-vinn-situasjon\". Hun sier: \"Du f\u00f8ler deg bra fordi arbeidet mitt hjelper andre, og andre f\u00f8ler seg bra fordi de f\u00e5r hjelp\".<\/p>\n\n<p><strong><span style=\"color: #237ebd;\">Grunner til \u00e5 melde seg som frivillig<\/span><\/strong><br>\n\u00c5 gi tilbake til samfunnet er verdifullt i seg selv, men det \u00e5 hjelpe andre har ogs\u00e5 mange andre fordeler. For eksempel kan det hjelpe deg med \u00e5 l\u00e6re mer om deg selv og til og med hjelpe deg med \u00e5 orientere deg i din fremtidige karriere. Nedenfor kan du lese mer om hvorfor du b\u00f8r melde deg som frivillig.\n<\/p>\n\n<p><strong><span style=\"color: #237ebd;\">F\u00e5 verdifulle livserfaringer og ferdigheter<\/span><\/strong><br>\nUansett hva du gj\u00f8r som frivillig: om det er \u00e5 plante l\u00f8v- eller n\u00e5letr\u00e6r i \u00e5sene og fjellene v\u00e5re eller \u00e5 produsere markedsf\u00f8ringsbrosjyrer for et lokalt arrangement du arrangerer, kan du oppleve den virkelige verden gjennom \u00e5 jobbe p\u00e5 stedet. Samtidig kan du utforske dine hovedfag eller karriereinteresser.\n<\/p>\n\n<p><strong><span style=\"color: #237ebd;\">M\u00f8t interesserte mennesker<\/span><\/strong><br>\nB\u00e5de menneskene du hjelper og de andre frivillige kan gi deg ny innsikt. Uansett hvilken gruppe mennesker du jobber med, vil du oppdage at de har informasjon og m\u00e5ter \u00e5 se verden p\u00e5 som kan utvide horisonten din.\n<\/p>\n\n\n\n<p><strong><span style=\"color: #237ebd;\">Vis ditt engasjement i bylivet<\/span><\/strong>\nDitt frivillige arbeid illustrerer dine interesser og din karakter. N\u00e5r du oppgir frivillig arbeid i en s\u00f8knad til en h\u00f8yskole eller en potensiell jobb, viser du opptaks- eller ansettelseskomiteen hvilken verdi du vil tilf\u00f8re campusmilj\u00f8et eller bedriften.\n<\/p>\n\n\n<p><strong><span style=\"color: #237ebd;\">Gj\u00f8r en forskjell<\/span><\/strong>\nF\u00e5 \u00f8ynene opp for hvor stor innvirkning arbeidet ditt har p\u00e5 andre, selv n\u00e5r det gjelder sm\u00e5 ting. V\u00e5r frivillige Roberta husker et bes\u00f8k hun gjorde p\u00e5 et rehabiliteringssenter i P\u0103str\u0103veni da hun var frivillig i Romania: \"En kvinne i rullestol s\u00e5 p\u00e5 meg etter \u00e5 ha h\u00f8rt meg nynne en gammel sang og sa med glad stemme: 'Du har reddet dagen min fordi du minnet meg p\u00e5 denne sangen'. \"Ingen har noen gang takket meg for noe s\u00e5 lite, og enda mindre en fremmed!\"\n<\/p>\n\n\n<p><strong><span style=\"color: #237ebd;\">Tanker f\u00f8r du melder deg som frivillig<\/span><\/strong>\nF\u00f8r du engasjerer deg i foreningen v\u00e5r, b\u00f8r du stille deg selv disse sp\u00f8rsm\u00e5lene:\n<ul>\n<li>Hva har jeg gjort s\u00e5 langt som jeg har likt?<\/li>\n<li>Hva vil jeg gjerne gj\u00f8re som frivillig - og hva utelukker det?<\/li>\n<li>Hvor lenge kan jeg v\u00e6re involvert?<\/li>\n<li>Hvilke talenter eller ferdigheter kan jeg tilby?<\/li>\n<li>Hva slags mennesker vil jeg gjerne jobbe med?<\/li>\n<li>Hva vil jeg helst l\u00e6re av \u00e5 jobbe frivillig?<\/li>\n\n\n<\/ul>\n<\/p>\n\t\t<\/div>\n\t<\/div>\n<\/div><\/div><\/div><\/div><\/div><\/div><\/div><div class=\"vc_row wpb_row vc_row-fluid tpath-vc-section bg-style tpath-standard bg-shapecolor-tpath-standard\"><div class=\"tpath-row-inner-wrapper\"><div class=\"container\"><div class=\"row\"><div class=\"wpb_column vc_main_column vc_column_container vc_col-sm-12 typo-default\"><div class=\"tpath-column-inner-wrapper vc_column-inner bg-style column-bg-default\"><div class=\"wpb_wrapper\">\n\t<div class=\"wpb_video_widget wpb_content_element vc_clearfix   vc_video-aspect-ratio-169 vc_video-el-width-100 vc_video-align-left\" >\n\t\t<div class=\"wpb_wrapper\">\n\t\t\t\n\t\t\t<div class=\"wpb_video_wrapper\"><iframe loading=\"lazy\" title=\"JuvenALA Association | Voluntari\" width=\"500\" height=\"281\" src=\"https:\/\/www.youtube.com\/embed\/fIhXmLyaBZE?feature=oembed\" frameborder=\"0\" allow=\"accelerometer; autoplay; clipboard-write; encrypted-media; gyroscope; picture-in-picture; web-share\" referrerpolicy=\"strict-origin-when-cross-origin\" allowfullscreen><\/iframe><\/div>\n\t\t<\/div>\n\t<\/div>\n<\/div><\/div><\/div><\/div><\/div><\/div><\/div>\n<\/div>","protected":false},"excerpt":{"rendered":"Ce este un stagiu de voluntariat? De fapt prin voluntariat se \u00een\u021belege o activitate onorific\u0103 \u0219i limitat\u0103 \u00een timp pentru institu\u021biile \u0219i organiza\u021biile f\u0103r\u0103 scop lucrativ. Voluntarii nu primesc de...","protected":false},"author":1,"featured_media":0,"parent":0,"menu_order":0,"comment_status":"closed","ping_status":"closed","template":"","meta":{"footnotes":""},"class_list":["post-1515","page","type-page","status-publish","hentry"],"_links":{"self":[{"href":"https:\/\/juvenala.ro\/nb\/wp-json\/wp\/v2\/pages\/1515","targetHints":{"allow":["GET"]}}],"collection":[{"href":"https:\/\/juvenala.ro\/nb\/wp-json\/wp\/v2\/pages"}],"about":[{"href":"https:\/\/juvenala.ro\/nb\/wp-json\/wp\/v2\/types\/page"}],"author":[{"embeddable":true,"href":"https:\/\/juvenala.ro\/nb\/wp-json\/wp\/v2\/users\/1"}],"replies":[{"embeddable":true,"href":"https:\/\/juvenala.ro\/nb\/wp-json\/wp\/v2\/comments?post=1515"}],"version-history":[{"count":2,"href":"https:\/\/juvenala.ro\/nb\/wp-json\/wp\/v2\/pages\/1515\/revisions"}],"predecessor-version":[{"id":1518,"href":"https:\/\/juvenala.ro\/nb\/wp-json\/wp\/v2\/pages\/1515\/revisions\/1518"}],"wp:attachment":[{"href":"https:\/\/juvenala.ro\/nb\/wp-json\/wp\/v2\/media?parent=1515"}],"curies":[{"name":"wp","href":"https:\/\/api.w.org\/{rel}","templated":true}]}}