{"id":1487,"date":"2018-03-09T13:55:16","date_gmt":"2018-03-09T13:55:16","guid":{"rendered":"https:\/\/juvenala.ro\/?page_id=1487"},"modified":"2018-03-09T14:08:47","modified_gmt":"2018-03-09T14:08:47","slug":"sigla-juvenala","status":"publish","type":"page","link":"https:\/\/juvenala.ro\/nb\/sigla-juvenala\/","title":{"rendered":"Akronym Juvenala"},"content":{"rendered":"<div class=\"wpb-content-wrapper\"><div class=\"vc_row wpb_row vc_row-fluid tpath-vc-section bg-style tpath-standard bg-shapecolor-tpath-standard wpb_animate_when_almost_visible wpb_appear appear\"><div class=\"tpath-row-inner-wrapper\"><div class=\"container\"><div class=\"row\"><div class=\"wpb_column vc_main_column vc_column_container vc_col-sm-12 typo-default\"><div class=\"tpath-column-inner-wrapper vc_column-inner bg-style column-bg-default\"><div class=\"wpb_wrapper\">\n\t<div class=\"wpb_raw_code wpb_content_element wpb_raw_html\" >\n\t\t<div class=\"wpb_wrapper\">\n\t\t\t<h4 style=\"color: #237ebd\">Hvorfor <strong>MENS SANA i CORPORE SANO<\/strong> i <strong>akronym JUVENALA<\/strong><\/h4>\n\t\t<\/div>\n\t<\/div>\n<\/div><\/div><\/div><\/div><\/div><\/div><\/div><div class=\"vc_row wpb_row vc_row-fluid tpath-vc-section bg-style tpath-standard bg-shapecolor-tpath-standard wpb_animate_when_almost_visible wpb_appear appear\"><div class=\"tpath-row-inner-wrapper\"><div class=\"container\"><div class=\"row\"><div class=\"wpb_column vc_main_column vc_column_container vc_col-sm-12 typo-default\"><div class=\"tpath-column-inner-wrapper vc_column-inner bg-style column-bg-default\"><div class=\"wpb_wrapper\">\n\t<div class=\"wpb_raw_code wpb_content_element wpb_raw_html\" >\n\t\t<div class=\"wpb_wrapper\">\n\t\t\t<p>For rundt 1900 \u00e5r siden, i satirene til den romerske poeten JUVENAL, dukket det opp et velkjent uttrykk. Bokstavelig talt sies det i satire 10, 356: <br>\n\"Orandum est, ut sit <strong><u>mens sana in corpore sano<\/strong><\/u> ...\"<br>\n\"Vi m\u00e5 be om \u00e5 ha en sunn sjel i et sunt legeme\".<\/p>\n\t\t<\/div>\n\t<\/div>\n<\/div><\/div><\/div><\/div><\/div><\/div><\/div><div class=\"vc_row wpb_row vc_row-fluid tpath-vc-section bg-style tpath-standard bg-shapecolor-tpath-standard wpb_animate_when_almost_visible wpb_appear appear\"><div class=\"tpath-row-inner-wrapper\"><div class=\"container\"><div class=\"row\"><div class=\"wpb_column vc_main_column vc_column_container vc_col-sm-12 typo-default\"><div class=\"tpath-column-inner-wrapper vc_column-inner bg-style column-bg-default\"><div class=\"wpb_wrapper\">\n\t<div class=\"wpb_raw_code wpb_content_element wpb_raw_html\" >\n\t\t<div class=\"wpb_wrapper\">\n\t\t\t<p>Juvenal beskriver her folkets utilstrekkelige begj\u00e6r etter gudene\nfordi flertallet ikke kan innse hva de trenger for virkelig \u00e5 oppn\u00e5 lykke.<br>\nDerfor er de vanligste \u00f8nskene \"rikdom\", men ogs\u00e5 \"politisk makt\"\n\"suksess som foredragsholder\", \"krigens \u00e6re\", \"et langt liv\" og \"skj\u00f8nnhet\". \n<br>\nAlle disse begj\u00e6rene skaper store misforst\u00e5elser for Juvenal. Den rike mannen er konstant redd for tyver, og den aldrende er redd for alle slags sykdommer. Juvenal bruker mytologiens mennesker som lider p\u00e5 sine gamle dager, eller politikere som faller i un\u00e5de, som eksempler.\n<br>\nAvslutningsvis oppfordrer han til at livet b\u00f8r g\u00e5 sin gang uten \u00e5 be gudene om noe som helst, for de vet uansett hva folk trenger for \u00e5 bli lykkelige.\nOg hvis man virkelig vil be til gudene, er det bedre \u00e5 be om noe av det aller viktigste: en sunn sjel i et sunt legeme.\n\n<\/p>\n\t\t<\/div>\n\t<\/div>\n<\/div><\/div><\/div><\/div><\/div><\/div><\/div><div class=\"vc_row wpb_row vc_row-fluid tpath-vc-section bg-style tpath-standard bg-shapecolor-tpath-standard wpb_animate_when_almost_visible wpb_appear appear\"><div class=\"tpath-row-inner-wrapper\"><div class=\"container\"><div class=\"row\"><div class=\"wpb_column vc_main_column vc_column_container vc_col-sm-12 typo-default\"><div class=\"tpath-column-inner-wrapper vc_column-inner bg-style column-bg-default\"><div class=\"wpb_wrapper\">\n\t<div class=\"wpb_raw_code wpb_content_element wpb_raw_html\" >\n\t\t<div class=\"wpb_wrapper\">\n\t\t\t<p>I dag blir uttrykket i stor grad overfladisk feiltolket eller misforst\u00e5tt med vilje som \"et sunt sinn i en sunn kropp\".<\/p>\n\t\t<\/div>\n\t<\/div>\n<\/div><\/div><\/div><\/div><\/div><\/div><\/div><div class=\"vc_row wpb_row vc_row-fluid tpath-vc-section bg-style tpath-standard bg-shapecolor-tpath-standard\"><div class=\"tpath-row-inner-wrapper\"><div class=\"container\"><div class=\"row\"><div class=\"wpb_column vc_main_column vc_column_container vc_col-sm-12 typo-default\"><div class=\"tpath-column-inner-wrapper vc_column-inner bg-style column-bg-default\"><div class=\"wpb_wrapper\">\n\t<div class=\"wpb_raw_code wpb_content_element wpb_raw_html\" >\n\t\t<div class=\"wpb_wrapper\">\n\t\t\t<p>Fysisk trening, som av ideologiske grunner spilte en sentral rolle i den tyske nasjonalsosialismen, ble brukt med en kort tolkning av Juvenals motto.<\/p>\n\t\t<\/div>\n\t<\/div>\n<\/div><\/div><\/div><\/div><\/div><\/div><\/div><div class=\"vc_row wpb_row vc_row-fluid tpath-vc-section bg-style tpath-standard bg-shapecolor-tpath-standard\"><div class=\"tpath-row-inner-wrapper\"><div class=\"container\"><div class=\"row\"><div class=\"wpb_column vc_main_column vc_column_container vc_col-sm-12 typo-default\"><div class=\"tpath-column-inner-wrapper vc_column-inner bg-style column-bg-default\"><div class=\"wpb_wrapper\">\n\t<div class=\"wpb_raw_code wpb_content_element wpb_raw_html\" >\n\t\t<div class=\"wpb_wrapper\">\n\t\t\t<p>I dag propaganderer ulike mentale guruer, som Tony Buzan, gjentatte ganger at intens trening forbedrer den intellektuelle yteevnen betydelig. Men dette er ikke vitenskapelig bevist.<\/p>\n\t\t<\/div>\n\t<\/div>\n<\/div><\/div><\/div><\/div><\/div><\/div><\/div><div class=\"vc_row wpb_row vc_row-fluid tpath-vc-section bg-style tpath-standard bg-shapecolor-tpath-standard wpb_animate_when_almost_visible wpb_appear appear\"><div class=\"tpath-row-inner-wrapper\"><div class=\"container\"><div class=\"row\"><div class=\"wpb_column vc_main_column vc_column_container vc_col-sm-12 typo-default\"><div class=\"tpath-column-inner-wrapper vc_column-inner bg-style column-bg-default\"><div class=\"wpb_wrapper\">\n\t<div class=\"wpb_raw_code wpb_content_element wpb_raw_html\" >\n\t\t<div class=\"wpb_wrapper\">\n\t\t\t<p>Tvert imot, i den n\u00e5v\u00e6rende tolkningen av uttrykket betyr det at det ikke kan v\u00e6re et sunt sinn i en syk og svak kropp. En slik analogi f\u00f8rer direkte til diskriminering av mennesker med nedsatt funksjonsevne. I denne sammenhengen avviser representanter for mennesker med nedsatt funksjonsevne p\u00e5 det sterkeste den forkortede tolkningen av uttrykket \"Mens sana in corpore sano\". For eksempel kan en person som er fysisk \u00f8delagt av sykdom, v\u00e6re en briljant forsker, som Stephen Hawking.<\/p>\n\t\t<\/div>\n\t<\/div>\n<\/div><\/div><\/div><\/div><\/div><\/div><\/div><div class=\"vc_row wpb_row vc_row-fluid tpath-vc-section bg-style tpath-standard bg-shapecolor-tpath-standard wpb_animate_when_almost_visible wpb_appear appear\"><div class=\"tpath-row-inner-wrapper\"><div class=\"container\"><div class=\"row\"><div class=\"wpb_column vc_main_column vc_column_container vc_col-sm-12 typo-default\"><div class=\"tpath-column-inner-wrapper vc_column-inner bg-style column-bg-default\"><div class=\"wpb_wrapper\">\n\t<div class=\"wpb_raw_code wpb_content_element wpb_raw_html\" >\n\t\t<div class=\"wpb_wrapper\">\n\t\t\t<p>Studier har imidlertid ogs\u00e5 vist at trening kan redusere risikoen for Alzheimers sykdom med opptil 50%.<\/p>\n\t\t<\/div>\n\t<\/div>\n<\/div><\/div><\/div><\/div><\/div><\/div><\/div><div class=\"vc_row wpb_row vc_row-fluid tpath-vc-section bg-style tpath-standard bg-shapecolor-tpath-standard wpb_animate_when_almost_visible wpb_appear appear\"><div class=\"tpath-row-inner-wrapper\"><div class=\"container\"><div class=\"row\"><div class=\"wpb_column vc_main_column vc_column_container vc_col-sm-12 typo-default\"><div class=\"tpath-column-inner-wrapper vc_column-inner bg-style column-bg-default\"><div class=\"wpb_wrapper\"><div class=\"wpb_images_carousel wpb_content_element vc_clearfix\"><div class=\"wpb_wrapper\"><div id=\"vc_images-carousel-1-1778248810\" data-ride=\"vc_carousel\" data-wrap=\"true\" style=\"width: 100%;\" data-interval=\"2000\" data-auto-height=\"yes\" data-mode=\"horizontal\" data-partial=\"false\" data-per-view=\"6\" data-hide-on-end=\"false\" class=\"vc_slide vc_images_carousel\"><ol class=\"vc_carousel-indicators\"><li data-target=\"#vc_images-carousel-1-1778248810\" data-slide-to=\"0\"><\/li><li data-target=\"#vc_images-carousel-1-1778248810\" data-slide-to=\"1\"><\/li><li data-target=\"#vc_images-carousel-1-1778248810\" data-slide-to=\"2\"><\/li><li data-target=\"#vc_images-carousel-1-1778248810\" data-slide-to=\"3\"><\/li><li data-target=\"#vc_images-carousel-1-1778248810\" data-slide-to=\"4\"><\/li><li data-target=\"#vc_images-carousel-1-1778248810\" data-slide-to=\"5\"><\/li><\/ol><div class=\"vc_carousel-inner\"><div class=\"vc_carousel-slideline\"><div class=\"vc_carousel-slideline-inner\"><div class=\"vc_item\"><div class=\"vc_inner\"><a class=\"\" href=\"https:\/\/juvenala.ro\/wp-content\/uploads\/2018\/03\/juvenala1-1.jpg\" data-lightbox=\"lightbox[rel-1487-4119817900]\"><img loading=\"lazy\" decoding=\"async\" width=\"800\" height=\"524\" src=\"https:\/\/juvenala.ro\/wp-content\/uploads\/2018\/03\/juvenala1-1.jpg\" class=\"attachment-full\" alt=\"\" title=\"juvenala1\" srcset=\"https:\/\/juvenala.ro\/wp-content\/uploads\/2018\/03\/juvenala1-1.jpg 800w, https:\/\/juvenala.ro\/wp-content\/uploads\/2018\/03\/juvenala1-1-300x197.jpg 300w, https:\/\/juvenala.ro\/wp-content\/uploads\/2018\/03\/juvenala1-1-768x503.jpg 768w\" sizes=\"auto, (max-width: 800px) 100vw, 800px\" \/><\/a><\/div><\/div><div class=\"vc_item\"><div class=\"vc_inner\"><a class=\"\" href=\"https:\/\/juvenala.ro\/wp-content\/uploads\/2018\/03\/juvenala2-1.jpg\" data-lightbox=\"lightbox[rel-1487-4119817900]\"><img loading=\"lazy\" decoding=\"async\" width=\"800\" height=\"525\" src=\"https:\/\/juvenala.ro\/wp-content\/uploads\/2018\/03\/juvenala2-1.jpg\" class=\"attachment-full\" alt=\"\" title=\"juvenala2\" srcset=\"https:\/\/juvenala.ro\/wp-content\/uploads\/2018\/03\/juvenala2-1.jpg 800w, https:\/\/juvenala.ro\/wp-content\/uploads\/2018\/03\/juvenala2-1-300x197.jpg 300w, https:\/\/juvenala.ro\/wp-content\/uploads\/2018\/03\/juvenala2-1-768x504.jpg 768w\" sizes=\"auto, (max-width: 800px) 100vw, 800px\" \/><\/a><\/div><\/div><div class=\"vc_item\"><div class=\"vc_inner\"><a class=\"\" href=\"https:\/\/juvenala.ro\/wp-content\/uploads\/2018\/03\/juvenala3-1.jpg\" data-lightbox=\"lightbox[rel-1487-4119817900]\"><img loading=\"lazy\" decoding=\"async\" width=\"800\" height=\"525\" src=\"https:\/\/juvenala.ro\/wp-content\/uploads\/2018\/03\/juvenala3-1.jpg\" class=\"attachment-full\" alt=\"\" title=\"juvenala3\" srcset=\"https:\/\/juvenala.ro\/wp-content\/uploads\/2018\/03\/juvenala3-1.jpg 800w, https:\/\/juvenala.ro\/wp-content\/uploads\/2018\/03\/juvenala3-1-300x197.jpg 300w, https:\/\/juvenala.ro\/wp-content\/uploads\/2018\/03\/juvenala3-1-768x504.jpg 768w\" sizes=\"auto, (max-width: 800px) 100vw, 800px\" \/><\/a><\/div><\/div><div class=\"vc_item\"><div class=\"vc_inner\"><a class=\"\" href=\"https:\/\/juvenala.ro\/wp-content\/uploads\/2018\/03\/juvenala4-1.jpg\" data-lightbox=\"lightbox[rel-1487-4119817900]\"><img loading=\"lazy\" decoding=\"async\" width=\"800\" height=\"526\" src=\"https:\/\/juvenala.ro\/wp-content\/uploads\/2018\/03\/juvenala4-1.jpg\" class=\"attachment-full\" alt=\"\" title=\"juvenala4\" srcset=\"https:\/\/juvenala.ro\/wp-content\/uploads\/2018\/03\/juvenala4-1.jpg 800w, https:\/\/juvenala.ro\/wp-content\/uploads\/2018\/03\/juvenala4-1-300x197.jpg 300w, https:\/\/juvenala.ro\/wp-content\/uploads\/2018\/03\/juvenala4-1-768x505.jpg 768w\" sizes=\"auto, (max-width: 800px) 100vw, 800px\" \/><\/a><\/div><\/div><div class=\"vc_item\"><div class=\"vc_inner\"><a class=\"\" href=\"https:\/\/juvenala.ro\/wp-content\/uploads\/2018\/03\/juvenala5-1.jpg\" data-lightbox=\"lightbox[rel-1487-4119817900]\"><img loading=\"lazy\" decoding=\"async\" width=\"800\" height=\"526\" src=\"https:\/\/juvenala.ro\/wp-content\/uploads\/2018\/03\/juvenala5-1.jpg\" class=\"attachment-full\" alt=\"\" title=\"juvenala5\" srcset=\"https:\/\/juvenala.ro\/wp-content\/uploads\/2018\/03\/juvenala5-1.jpg 800w, https:\/\/juvenala.ro\/wp-content\/uploads\/2018\/03\/juvenala5-1-300x197.jpg 300w, https:\/\/juvenala.ro\/wp-content\/uploads\/2018\/03\/juvenala5-1-768x505.jpg 768w\" sizes=\"auto, (max-width: 800px) 100vw, 800px\" \/><\/a><\/div><\/div><div class=\"vc_item\"><div class=\"vc_inner\"><a class=\"\" href=\"https:\/\/juvenala.ro\/wp-content\/uploads\/2018\/03\/juvenala6-1.jpg\" data-lightbox=\"lightbox[rel-1487-4119817900]\"><img loading=\"lazy\" decoding=\"async\" width=\"800\" height=\"526\" src=\"https:\/\/juvenala.ro\/wp-content\/uploads\/2018\/03\/juvenala6-1.jpg\" class=\"attachment-full\" alt=\"\" title=\"juvenala6\" srcset=\"https:\/\/juvenala.ro\/wp-content\/uploads\/2018\/03\/juvenala6-1.jpg 800w, https:\/\/juvenala.ro\/wp-content\/uploads\/2018\/03\/juvenala6-1-300x197.jpg 300w, https:\/\/juvenala.ro\/wp-content\/uploads\/2018\/03\/juvenala6-1-768x505.jpg 768w\" sizes=\"auto, (max-width: 800px) 100vw, 800px\" \/><\/a><\/div><\/div><\/div><\/div><\/div><\/div><\/div><\/div><\/div><\/div><\/div><\/div><\/div><\/div><\/div>\n<\/div>","protected":false},"excerpt":{"rendered":"De ce MENS SANA \u00een CORPORE SANO \u00een sigla JUVENALA In urm\u0103 cu 1900 \u0219i ceva de ani, \u00een satirele poetului roman JUVENAL a ap\u0103rut o expresie foarte cunoscut\u0103. Literalmente...","protected":false},"author":1,"featured_media":0,"parent":0,"menu_order":0,"comment_status":"closed","ping_status":"closed","template":"","meta":{"footnotes":""},"class_list":["post-1487","page","type-page","status-publish","hentry"],"_links":{"self":[{"href":"https:\/\/juvenala.ro\/nb\/wp-json\/wp\/v2\/pages\/1487","targetHints":{"allow":["GET"]}}],"collection":[{"href":"https:\/\/juvenala.ro\/nb\/wp-json\/wp\/v2\/pages"}],"about":[{"href":"https:\/\/juvenala.ro\/nb\/wp-json\/wp\/v2\/types\/page"}],"author":[{"embeddable":true,"href":"https:\/\/juvenala.ro\/nb\/wp-json\/wp\/v2\/users\/1"}],"replies":[{"embeddable":true,"href":"https:\/\/juvenala.ro\/nb\/wp-json\/wp\/v2\/comments?post=1487"}],"version-history":[{"count":3,"href":"https:\/\/juvenala.ro\/nb\/wp-json\/wp\/v2\/pages\/1487\/revisions"}],"predecessor-version":[{"id":1494,"href":"https:\/\/juvenala.ro\/nb\/wp-json\/wp\/v2\/pages\/1487\/revisions\/1494"}],"wp:attachment":[{"href":"https:\/\/juvenala.ro\/nb\/wp-json\/wp\/v2\/media?parent=1487"}],"curies":[{"name":"wp","href":"https:\/\/api.w.org\/{rel}","templated":true}]}}