{"id":1485,"date":"2018-03-09T13:54:26","date_gmt":"2018-03-09T13:54:26","guid":{"rendered":"https:\/\/juvenala.ro\/?page_id=1485"},"modified":"2018-03-09T14:04:23","modified_gmt":"2018-03-09T14:04:23","slug":"povestea-juvenala","status":"publish","type":"page","link":"https:\/\/juvenala.ro\/nb\/povestea-juvenala\/","title":{"rendered":"Juvenala-historien"},"content":{"rendered":"<div class=\"wpb-content-wrapper\"><div class=\"vc_row wpb_row vc_row-fluid tpath-vc-section bg-style tpath-standard bg-shapecolor-tpath-standard\"><div class=\"tpath-row-inner-wrapper\"><div class=\"container\"><div class=\"row\"><div class=\"wpb_column vc_main_column vc_column_container vc_col-sm-12 typo-default\"><div class=\"tpath-column-inner-wrapper vc_column-inner bg-style column-bg-default\"><div class=\"wpb_wrapper\">\n\t<div class=\"wpb_raw_code wpb_content_element wpb_raw_html\" >\n\t\t<div class=\"wpb_wrapper\">\n\t\t\t<p>Betydningen av navnet <strong><span style=\"color: #237ebd;\">Juvenala<\/span><\/strong> kommer fra latin og betyr <strong>\"Unge vinger\"<\/strong>.<\/p>\n\n<p>Historie <span style=\"color: #237ebd\"><strong>Juvenala<\/strong><\/span> oppstod i de bayerske alpene da jeg veiledet ungdommer med atferdsproblemer eller psykiske lidelser. Sammen med dem reiste vi i lange perioder p\u00e5 fjellrygger, syklet gjennom skoger, rodde kanadier p\u00e5 tyske elver eller lette etter s\u00f8rlige vinder i akterenden av en katamaran, og ofte lyktes vi med \u00e5 hjelpe dem til \u00e5 finne tilbake til normalitetens middelvei. Samtidig organiserte og deltok vi i sosiale og frivillige aktiviteter i landsbyer i Marokko og Spania, milj\u00f8aktiviteter i de bayerske skogfjellene, ved bredden av Donau eller tyske elver.<\/p>\n\t\t<\/div>\n\t<\/div>\n<\/div><\/div><\/div><\/div><\/div><\/div><\/div><div class=\"vc_row wpb_row vc_row-fluid tpath-vc-section bg-style tpath-standard bg-shapecolor-tpath-standard wpb_animate_when_almost_visible wpb_appear appear\"><div class=\"tpath-row-inner-wrapper\"><div class=\"container\"><div class=\"row\"><div class=\"wpb_column vc_main_column vc_column_container vc_col-sm-12 typo-default\"><div class=\"tpath-column-inner-wrapper vc_column-inner bg-style column-bg-default\"><div class=\"wpb_wrapper\">\n\t<div class=\"wpb_raw_code wpb_content_element wpb_raw_html\" >\n\t\t<div class=\"wpb_wrapper\">\n\t\t\t<p>Alle mine erfaringer som terapeut har brakt meg n\u00e6rmere naturen og skapt en beundring for den tyske staten, som investerer mye i utdanning av ungdom p\u00e5 barne- og ungdomshjem, i kriminalomsorgen eller p\u00e5 ungdomspsykiatriske klinikker for unge mennesker med kognitive dysfunksjoner eller psykiske lidelser og atferdsforstyrrelser.<\/p>\n\t\t<\/div>\n\t<\/div>\n<\/div><\/div><\/div><\/div><\/div><\/div><\/div><div class=\"vc_row wpb_row vc_row-fluid tpath-vc-section bg-style tpath-standard bg-shapecolor-tpath-standard wpb_animate_when_almost_visible wpb_appear appear\"><div class=\"tpath-row-inner-wrapper\"><div class=\"container\"><div class=\"row\"><div class=\"wpb_column vc_main_column vc_column_container vc_col-sm-12 typo-default\"><div class=\"tpath-column-inner-wrapper vc_column-inner bg-style column-bg-default\"><div class=\"wpb_wrapper\">\n\t<div class=\"wpb_raw_code wpb_content_element wpb_raw_html\" >\n\t\t<div class=\"wpb_wrapper\">\n\t\t\t<p>Jeg lurte p\u00e5: \"Hvis tyskerne skaper ekstraordin\u00e6re oppl\u00e6ringsvilk\u00e5r for unge mennesker som truer roen i morgendagens samfunn, hva med dem som l\u00e6rer godt og er opptatt av \u00e5 oppleve naturaktiviteter selv?\"<\/p>\n\t\t<\/div>\n\t<\/div>\n<\/div><\/div><\/div><\/div><\/div><\/div><\/div><div class=\"vc_row wpb_row vc_row-fluid tpath-vc-section bg-style tpath-standard bg-shapecolor-tpath-standard\"><div class=\"tpath-row-inner-wrapper\"><div class=\"container\"><div class=\"row\"><div class=\"wpb_column vc_main_column vc_column_container vc_col-sm-12 typo-default\"><div class=\"tpath-column-inner-wrapper vc_column-inner bg-style column-bg-default\"><div class=\"wpb_wrapper\">\n\t<div class=\"wpb_raw_code wpb_content_element wpb_raw_html\" >\n\t\t<div class=\"wpb_wrapper\">\n\t\t\t<p>Rumenske OL-deltakere i matematikk, fysikk og andre fag tar med seg verdifulle medaljer hjem fra hele verden, men den rumenske staten anerkjenner ikke disse prestasjonene. Derfor ble det tatt initiativ til \u00e5 invitere disse rumenske elevene til de bayerske Alpene for \u00e5 utvikle deres emosjonelle og sosiale ferdigheter. <\/p>\n\t\t<\/div>\n\t<\/div>\n<\/div><\/div><\/div><\/div><\/div><\/div><\/div><div class=\"vc_row wpb_row vc_row-fluid tpath-vc-section bg-style tpath-standard bg-shapecolor-tpath-standard\"><div class=\"tpath-row-inner-wrapper\"><div class=\"container\"><div class=\"row\"><div class=\"wpb_column vc_main_column vc_column_container vc_col-sm-12 typo-default\"><div class=\"tpath-column-inner-wrapper vc_column-inner bg-style column-bg-default\"><div class=\"wpb_wrapper\">\n\t<div class=\"wpb_raw_code wpb_content_element wpb_raw_html\" >\n\t\t<div class=\"wpb_wrapper\">\n\t\t\t<p>Etter flere leirer i Tyskland har foreldre spurt n\u00e5r vi kan utvikle aktivitetene i utlandet og her i Romania. Muligheten for at ethvert menneske kan utvikle seg f\u00f8lelsesmessig og sosialt, er fysisk og mental vekst, inter- og intrapersonlig kunnskap: FRIVILLIGHET!<\/p>\n\t\t<\/div>\n\t<\/div>\n<\/div><\/div><\/div><\/div><\/div><\/div><\/div><div class=\"vc_row wpb_row vc_row-fluid tpath-vc-section bg-style tpath-standard bg-shapecolor-tpath-standard wpb_animate_when_almost_visible wpb_appear appear\"><div class=\"tpath-row-inner-wrapper\"><div class=\"container\"><div class=\"row\"><div class=\"wpb_column vc_main_column vc_column_container vc_col-sm-12 typo-default\"><div class=\"tpath-column-inner-wrapper vc_column-inner bg-style column-bg-default\"><div class=\"wpb_wrapper\">\n\t<div class=\"wpb_raw_code wpb_content_element wpb_raw_html\" >\n\t\t<div class=\"wpb_wrapper\">\n\t\t\t<p>Foreningen <span style=\"color: #237ebd\"><strong>Juvenala Educational<\/strong><\/span> har som m\u00e5l \u00e5 tilpasse kunnskapen vi har tilegnet oss gjennom 26 \u00e5rs virksomhet i Tyskland, til dagens lokale og nasjonale rumenske behov. <\/p>\n\t\t<\/div>\n\t<\/div>\n<\/div><\/div><\/div><\/div><\/div><\/div><\/div><div class=\"vc_row wpb_row vc_row-fluid tpath-vc-section bg-style tpath-standard bg-shapecolor-tpath-standard\"><div class=\"tpath-row-inner-wrapper\"><div class=\"container\"><div class=\"row\"><div class=\"wpb_column vc_main_column vc_column_container vc_col-sm-12 typo-default\"><div class=\"tpath-column-inner-wrapper vc_column-inner bg-style column-bg-default\"><div class=\"wpb_wrapper\"><div class=\"wpb_images_carousel wpb_content_element vc_clearfix\"><div class=\"wpb_wrapper\"><div id=\"vc_images-carousel-1-1778248367\" data-ride=\"vc_carousel\" data-wrap=\"true\" style=\"width: 100%;\" data-interval=\"2000\" data-auto-height=\"yes\" data-mode=\"horizontal\" data-partial=\"false\" data-per-view=\"6\" data-hide-on-end=\"false\" class=\"vc_slide vc_images_carousel\"><ol class=\"vc_carousel-indicators\"><li data-target=\"#vc_images-carousel-1-1778248367\" data-slide-to=\"0\"><\/li><li data-target=\"#vc_images-carousel-1-1778248367\" data-slide-to=\"1\"><\/li><li data-target=\"#vc_images-carousel-1-1778248367\" data-slide-to=\"2\"><\/li><li data-target=\"#vc_images-carousel-1-1778248367\" data-slide-to=\"3\"><\/li><li data-target=\"#vc_images-carousel-1-1778248367\" data-slide-to=\"4\"><\/li><li data-target=\"#vc_images-carousel-1-1778248367\" data-slide-to=\"5\"><\/li><\/ol><div class=\"vc_carousel-inner\"><div class=\"vc_carousel-slideline\"><div class=\"vc_carousel-slideline-inner\"><div class=\"vc_item\"><div class=\"vc_inner\"><a class=\"\" href=\"https:\/\/juvenala.ro\/wp-content\/uploads\/2018\/03\/juvenala1.jpg\" data-lightbox=\"lightbox[rel-1485-2876842181]\"><img loading=\"lazy\" decoding=\"async\" width=\"800\" height=\"524\" src=\"https:\/\/juvenala.ro\/wp-content\/uploads\/2018\/03\/juvenala1.jpg\" class=\"attachment-full\" alt=\"\" title=\"juvenala1\" srcset=\"https:\/\/juvenala.ro\/wp-content\/uploads\/2018\/03\/juvenala1.jpg 800w, https:\/\/juvenala.ro\/wp-content\/uploads\/2018\/03\/juvenala1-300x197.jpg 300w, https:\/\/juvenala.ro\/wp-content\/uploads\/2018\/03\/juvenala1-768x503.jpg 768w\" sizes=\"auto, (max-width: 800px) 100vw, 800px\" \/><\/a><\/div><\/div><div class=\"vc_item\"><div class=\"vc_inner\"><a class=\"\" href=\"https:\/\/juvenala.ro\/wp-content\/uploads\/2018\/03\/juvenala2.jpg\" data-lightbox=\"lightbox[rel-1485-2876842181]\"><img loading=\"lazy\" decoding=\"async\" width=\"800\" height=\"525\" src=\"https:\/\/juvenala.ro\/wp-content\/uploads\/2018\/03\/juvenala2.jpg\" class=\"attachment-full\" alt=\"\" title=\"juvenala2\" srcset=\"https:\/\/juvenala.ro\/wp-content\/uploads\/2018\/03\/juvenala2.jpg 800w, https:\/\/juvenala.ro\/wp-content\/uploads\/2018\/03\/juvenala2-300x197.jpg 300w, https:\/\/juvenala.ro\/wp-content\/uploads\/2018\/03\/juvenala2-768x504.jpg 768w\" sizes=\"auto, (max-width: 800px) 100vw, 800px\" \/><\/a><\/div><\/div><div class=\"vc_item\"><div class=\"vc_inner\"><a class=\"\" href=\"https:\/\/juvenala.ro\/wp-content\/uploads\/2018\/03\/juvenala3.jpg\" data-lightbox=\"lightbox[rel-1485-2876842181]\"><img loading=\"lazy\" decoding=\"async\" width=\"800\" height=\"525\" src=\"https:\/\/juvenala.ro\/wp-content\/uploads\/2018\/03\/juvenala3.jpg\" class=\"attachment-full\" alt=\"\" title=\"juvenala3\" srcset=\"https:\/\/juvenala.ro\/wp-content\/uploads\/2018\/03\/juvenala3.jpg 800w, https:\/\/juvenala.ro\/wp-content\/uploads\/2018\/03\/juvenala3-300x197.jpg 300w, https:\/\/juvenala.ro\/wp-content\/uploads\/2018\/03\/juvenala3-768x504.jpg 768w\" sizes=\"auto, (max-width: 800px) 100vw, 800px\" \/><\/a><\/div><\/div><div class=\"vc_item\"><div class=\"vc_inner\"><a class=\"\" href=\"https:\/\/juvenala.ro\/wp-content\/uploads\/2018\/03\/juvenala4.jpg\" data-lightbox=\"lightbox[rel-1485-2876842181]\"><img loading=\"lazy\" decoding=\"async\" width=\"800\" height=\"526\" src=\"https:\/\/juvenala.ro\/wp-content\/uploads\/2018\/03\/juvenala4.jpg\" class=\"attachment-full\" alt=\"\" title=\"juvenala4\" srcset=\"https:\/\/juvenala.ro\/wp-content\/uploads\/2018\/03\/juvenala4.jpg 800w, https:\/\/juvenala.ro\/wp-content\/uploads\/2018\/03\/juvenala4-300x197.jpg 300w, https:\/\/juvenala.ro\/wp-content\/uploads\/2018\/03\/juvenala4-768x505.jpg 768w\" sizes=\"auto, (max-width: 800px) 100vw, 800px\" \/><\/a><\/div><\/div><div class=\"vc_item\"><div class=\"vc_inner\"><a class=\"\" href=\"https:\/\/juvenala.ro\/wp-content\/uploads\/2018\/03\/juvenala5.jpg\" data-lightbox=\"lightbox[rel-1485-2876842181]\"><img loading=\"lazy\" decoding=\"async\" width=\"800\" height=\"526\" src=\"https:\/\/juvenala.ro\/wp-content\/uploads\/2018\/03\/juvenala5.jpg\" class=\"attachment-full\" alt=\"\" title=\"juvenala5\" srcset=\"https:\/\/juvenala.ro\/wp-content\/uploads\/2018\/03\/juvenala5.jpg 800w, https:\/\/juvenala.ro\/wp-content\/uploads\/2018\/03\/juvenala5-300x197.jpg 300w, https:\/\/juvenala.ro\/wp-content\/uploads\/2018\/03\/juvenala5-768x505.jpg 768w\" sizes=\"auto, (max-width: 800px) 100vw, 800px\" \/><\/a><\/div><\/div><div class=\"vc_item\"><div class=\"vc_inner\"><a class=\"\" href=\"https:\/\/juvenala.ro\/wp-content\/uploads\/2018\/03\/juvenala6.jpg\" data-lightbox=\"lightbox[rel-1485-2876842181]\"><img loading=\"lazy\" decoding=\"async\" width=\"800\" height=\"526\" src=\"https:\/\/juvenala.ro\/wp-content\/uploads\/2018\/03\/juvenala6.jpg\" class=\"attachment-full\" alt=\"\" title=\"juvenala6\" srcset=\"https:\/\/juvenala.ro\/wp-content\/uploads\/2018\/03\/juvenala6.jpg 800w, https:\/\/juvenala.ro\/wp-content\/uploads\/2018\/03\/juvenala6-300x197.jpg 300w, https:\/\/juvenala.ro\/wp-content\/uploads\/2018\/03\/juvenala6-768x505.jpg 768w\" sizes=\"auto, (max-width: 800px) 100vw, 800px\" \/><\/a><\/div><\/div><\/div><\/div><\/div><\/div><\/div><\/div><\/div><\/div><\/div><\/div><\/div><\/div><\/div><div class=\"vc_row wpb_row vc_row-fluid tpath-vc-section bg-style tpath-standard bg-shapecolor-tpath-standard wpb_animate_when_almost_visible wpb_appear appear\"><div class=\"tpath-row-inner-wrapper\"><div class=\"container\"><div class=\"row\"><div class=\"wpb_column vc_main_column vc_column_container vc_col-sm-12 typo-default\"><div class=\"tpath-column-inner-wrapper vc_column-inner bg-style column-bg-default\"><div class=\"wpb_wrapper\">\n\t<div class=\"wpb_raw_code wpb_content_element wpb_raw_html\" >\n\t\t<div class=\"wpb_wrapper\">\n\t\t\t<p>Vi er overbevist om at unge mennesker i Romania \u00f8nsker \u00e5 delta frivillig i \u00e5 organisere og l\u00f8se ulike sosiale, utdanningsmessige eller milj\u00f8messige problemer, og at de er stolte av \u00e5 v\u00e6re involvert i disse aktivitetene og av \u00e5 oppn\u00e5 dem.  <\/p>\n\t\t<\/div>\n\t<\/div>\n<\/div><\/div><\/div><\/div><\/div><\/div><\/div><div class=\"vc_row wpb_row vc_row-fluid tpath-vc-section bg-style tpath-standard bg-shapecolor-tpath-standard\"><div class=\"tpath-row-inner-wrapper\"><div class=\"container\"><div class=\"row\"><div class=\"wpb_column vc_main_column vc_column_container vc_col-sm-12 typo-default\"><div class=\"tpath-column-inner-wrapper vc_column-inner bg-style column-bg-default\"><div class=\"wpb_wrapper\">\n\t<div class=\"wpb_raw_code wpb_content_element wpb_raw_html\" >\n\t\t<div class=\"wpb_wrapper\">\n\t\t\t<p>Eksemplets makt er et viktig m\u00e5l for foreningen v\u00e5r. Det er v\u00e5r plikt \u00e5 pr\u00f8ve hver dag, i alle aktiviteter, \u00e5 v\u00e6re forbilder for dem rundt oss. For venner, familie og fremmede. Men fremfor alt for oss selv.<\/p>\n\t\t<\/div>\n\t<\/div>\n<\/div><\/div><\/div><\/div><\/div><\/div><\/div><div class=\"vc_row wpb_row vc_row-fluid tpath-vc-section bg-style tpath-standard bg-shapecolor-tpath-standard wpb_animate_when_almost_visible wpb_appear appear\"><div class=\"tpath-row-inner-wrapper\"><div class=\"container\"><div class=\"row\"><div class=\"wpb_column vc_main_column vc_column_container vc_col-sm-12 typo-default\"><div class=\"tpath-column-inner-wrapper vc_column-inner bg-style column-bg-default\"><div class=\"wpb_wrapper\">\n\t<div class=\"wpb_raw_code wpb_content_element wpb_raw_html\" >\n\t\t<div class=\"wpb_wrapper\">\n\t\t\t<p>Og v\u00e5re unge frivillige vil med sm\u00e5 skritt og selvtillit bli store og sterke mennesker.<\/p>\n\t\t<\/div>\n\t<\/div>\n<\/div><\/div><\/div><\/div><\/div><\/div><\/div>\n<\/div>","protected":false},"excerpt":{"rendered":"Semnifica\u021bia numelui Juvenala vine din latin\u0103 \u0219i \u00eenseamn\u0103 \"Aripi tinere\". Povestea Juvenala a ap\u0103rut \u00een Alpii Bavariei c\u00e2nd consiliam terapeutic adolescen\u021bi cu probleme de comportament sau tulbur\u0103ri psihice. \u00cempreun\u0103 cu...","protected":false},"author":1,"featured_media":0,"parent":0,"menu_order":0,"comment_status":"closed","ping_status":"closed","template":"","meta":{"footnotes":""},"class_list":["post-1485","page","type-page","status-publish","hentry"],"_links":{"self":[{"href":"https:\/\/juvenala.ro\/nb\/wp-json\/wp\/v2\/pages\/1485","targetHints":{"allow":["GET"]}}],"collection":[{"href":"https:\/\/juvenala.ro\/nb\/wp-json\/wp\/v2\/pages"}],"about":[{"href":"https:\/\/juvenala.ro\/nb\/wp-json\/wp\/v2\/types\/page"}],"author":[{"embeddable":true,"href":"https:\/\/juvenala.ro\/nb\/wp-json\/wp\/v2\/users\/1"}],"replies":[{"embeddable":true,"href":"https:\/\/juvenala.ro\/nb\/wp-json\/wp\/v2\/comments?post=1485"}],"version-history":[{"count":2,"href":"https:\/\/juvenala.ro\/nb\/wp-json\/wp\/v2\/pages\/1485\/revisions"}],"predecessor-version":[{"id":1492,"href":"https:\/\/juvenala.ro\/nb\/wp-json\/wp\/v2\/pages\/1485\/revisions\/1492"}],"wp:attachment":[{"href":"https:\/\/juvenala.ro\/nb\/wp-json\/wp\/v2\/media?parent=1485"}],"curies":[{"name":"wp","href":"https:\/\/api.w.org\/{rel}","templated":true}]}}