{"id":1118,"date":"2018-03-02T09:10:04","date_gmt":"2018-03-02T09:10:04","guid":{"rendered":"http:\/\/juvenala.ro\/?page_id=1118"},"modified":"2018-03-07T09:41:41","modified_gmt":"2018-03-07T09:41:41","slug":"kulturala","status":"publish","type":"page","link":"https:\/\/juvenala.ro\/nb\/kulturala\/","title":{"rendered":"KulturALA"},"content":{"rendered":"<div class=\"wpb-content-wrapper\"><div class=\"vc_row wpb_row vc_row-fluid tpath-vc-section bg-style tpath-standard bg-shapecolor-tpath-standard wpb_animate_when_almost_visible wpb_appear appear\"><div class=\"tpath-row-inner-wrapper\"><div class=\"container\"><div class=\"row\"><div class=\"wpb_column vc_main_column vc_column_container vc_col-sm-12 typo-default\"><div class=\"tpath-column-inner-wrapper vc_column-inner bg-style column-bg-default\"><div class=\"wpb_wrapper\">\n\t<div class=\"wpb_raw_code wpb_content_element wpb_raw_html\" >\n\t\t<div class=\"wpb_wrapper\">\n\t\t\t<h3 style=\"color: #237ebd\"><strong>KulturALA<\/strong><\/h3>\n\t\t<\/div>\n\t<\/div>\n<\/div><\/div><\/div><\/div><\/div><\/div><\/div><div class=\"vc_row wpb_row vc_row-fluid tpath-vc-section bg-style tpath-standard bg-shapecolor-tpath-standard wpb_animate_when_almost_visible wpb_appear appear\"><div class=\"tpath-row-inner-wrapper\"><div class=\"container\"><div class=\"row\"><div class=\"wpb_column vc_main_column vc_column_container vc_col-sm-12 typo-default\"><div class=\"tpath-column-inner-wrapper vc_column-inner bg-style column-bg-default\"><div class=\"wpb_wrapper\">\n\t<div class=\"wpb_raw_code wpb_content_element wpb_raw_html\" >\n\t\t<div class=\"wpb_wrapper\">\n\t\t\t<p style=\"text-align: justify;\">Som barn l\u00e6rte vi av historier, og hver person har sin egen historie, s\u00e5 vi skaper et levende leksikon ved \u00e5 skrive en side hver kveld <span style=\"color: #237ebd\">KulturALA<\/span<.>\n\t\t<\/div>\n\t<\/div>\n<\/div><\/div><\/div><\/div><\/div><\/div><\/div><div class=\"vc_row wpb_row vc_row-fluid tpath-vc-section bg-style tpath-standard bg-shapecolor-tpath-standard wpb_animate_when_almost_visible wpb_appear appear\"><div class=\"tpath-row-inner-wrapper\"><div class=\"container\"><div class=\"row\"><div class=\"wpb_column vc_main_column vc_column_container vc_col-sm-12 typo-default\"><div class=\"tpath-column-inner-wrapper vc_column-inner bg-style column-bg-default\"><div class=\"wpb_wrapper\">\n\t<div class=\"wpb_raw_code wpb_content_element wpb_raw_html\" >\n\t\t<div class=\"wpb_wrapper\">\n\t\t\t<p style=\"text-align: justify;\">Vi inviterer deg til \u00e5 lytte til de ulike livserfaringene vi samler i v\u00e5rt leksikon <strong>KulturALA.<\/strong><\/p>\n\t\t<\/div>\n\t<\/div>\n<\/div><\/div><\/div><\/div><\/div><\/div><\/div><div class=\"vc_row wpb_row vc_row-fluid tpath-vc-section bg-style tpath-standard bg-shapecolor-tpath-standard wpb_animate_when_almost_visible wpb_appear appear\"><div class=\"tpath-row-inner-wrapper\"><div class=\"container\"><div class=\"row\"><div class=\"wpb_column vc_main_column vc_column_container vc_col-sm-12 typo-default\"><div class=\"tpath-column-inner-wrapper vc_column-inner bg-style column-bg-default\"><div class=\"wpb_wrapper\">\n\t<div class=\"wpb_raw_code wpb_content_element wpb_raw_html\" >\n\t\t<div class=\"wpb_wrapper\">\n\t\t\t<p style=\"text-align: justify;\"><strong>KulturALA 0.1<\/strong><br>\nDet f\u00f8rste arket i personlighetsatlaset ble skrevet ved hjelp av Oana B\u0103lan, som fortalte om sine personlige erfaringer fra den buddhistiske \u00e5ndelige verdenen hun bes\u00f8kte i januar i \u00e5r, Dalai Lama og \u00e5ndeligheten som omgir India, sammen med de aromatiske duftene av subtropiske blomster. P\u00e5 jakt etter en m\u00e5te \u00e5 oppleve det ytre presset i privatlivet eller p\u00e5 skolen\/tjenesten med mer ro, inns\u00e5 de fremm\u00f8tte hvor viktig det er med indre stillhet og fred. Tanker blir til virkelighet, og alle kan bestemme om de \u00f8nsker \u00e5 v\u00e6re en hindring eller en vei til \u00f8nskede m\u00e5l.\n<\/p>\n\t\t<\/div>\n\t<\/div>\n<\/div><\/div><\/div><\/div><\/div><\/div><\/div><div class=\"vc_row wpb_row vc_row-fluid tpath-vc-section bg-style tpath-standard bg-shapecolor-tpath-standard wpb_animate_when_almost_visible wpb_appear appear\"><div class=\"tpath-row-inner-wrapper\"><div class=\"container\"><div class=\"row\"><div class=\"wpb_column vc_main_column vc_column_container vc_col-sm-12 typo-default\"><div class=\"tpath-column-inner-wrapper vc_column-inner bg-style column-bg-default\"><div class=\"wpb_wrapper\"><div class=\"wpb_gallery wpb_content_element vc_clearfix\" ><div class=\"wpb_wrapper\"><div class=\"wpb_gallery_slides wpb_image_grid\" data-interval=\"3\"><ul class=\"wpb_image_grid_ul\"><li class=\"isotope-item\"><a href=\"https:\/\/juvenala.ro\/wp-content\/uploads\/2018\/03\/16995949_394615347583275_2553240271659801495_n.jpg\" target=\"_self\"><img loading=\"lazy\" decoding=\"async\" width=\"150\" height=\"150\" src=\"https:\/\/juvenala.ro\/wp-content\/uploads\/2018\/03\/16995949_394615347583275_2553240271659801495_n-150x150.jpg\" class=\"attachment-thumbnail\" alt=\"\" title=\"16995949_394615347583275_2553240271659801495_n\" srcset=\"https:\/\/juvenala.ro\/wp-content\/uploads\/2018\/03\/16995949_394615347583275_2553240271659801495_n-150x150.jpg 150w, https:\/\/juvenala.ro\/wp-content\/uploads\/2018\/03\/16995949_394615347583275_2553240271659801495_n-80x80.jpg 80w\" sizes=\"auto, (max-width: 150px) 100vw, 150px\" \/><\/a><\/li><li class=\"isotope-item\"><a href=\"https:\/\/juvenala.ro\/wp-content\/uploads\/2018\/03\/17202955_398773707167439_2372397015437684621_n.jpg\" target=\"_self\"><img loading=\"lazy\" decoding=\"async\" width=\"150\" height=\"150\" src=\"https:\/\/juvenala.ro\/wp-content\/uploads\/2018\/03\/17202955_398773707167439_2372397015437684621_n-150x150.jpg\" class=\"attachment-thumbnail\" alt=\"\" title=\"17202955_398773707167439_2372397015437684621_n\" srcset=\"https:\/\/juvenala.ro\/wp-content\/uploads\/2018\/03\/17202955_398773707167439_2372397015437684621_n-150x150.jpg 150w, https:\/\/juvenala.ro\/wp-content\/uploads\/2018\/03\/17202955_398773707167439_2372397015437684621_n-80x80.jpg 80w\" sizes=\"auto, (max-width: 150px) 100vw, 150px\" \/><\/a><\/li><li class=\"isotope-item\"><a href=\"https:\/\/juvenala.ro\/wp-content\/uploads\/2018\/03\/17211789_398773513834125_5057326070520003025_o-1024x683.jpg\" target=\"_self\"><img loading=\"lazy\" decoding=\"async\" width=\"150\" height=\"150\" src=\"https:\/\/juvenala.ro\/wp-content\/uploads\/2018\/03\/17211789_398773513834125_5057326070520003025_o-150x150.jpg\" class=\"attachment-thumbnail\" alt=\"\" title=\"17211789_398773513834125_5057326070520003025_o\" srcset=\"https:\/\/juvenala.ro\/wp-content\/uploads\/2018\/03\/17211789_398773513834125_5057326070520003025_o-150x150.jpg 150w, https:\/\/juvenala.ro\/wp-content\/uploads\/2018\/03\/17211789_398773513834125_5057326070520003025_o-80x80.jpg 80w\" sizes=\"auto, (max-width: 150px) 100vw, 150px\" \/><\/a><\/li><li class=\"isotope-item\"><a href=\"https:\/\/juvenala.ro\/wp-content\/uploads\/2018\/03\/17239969_398773580500785_1126818581775515935_o-1024x683.jpg\" target=\"_self\"><img loading=\"lazy\" decoding=\"async\" width=\"150\" height=\"150\" src=\"https:\/\/juvenala.ro\/wp-content\/uploads\/2018\/03\/17239969_398773580500785_1126818581775515935_o-150x150.jpg\" class=\"attachment-thumbnail\" alt=\"\" title=\"17239969_398773580500785_1126818581775515935_o\" srcset=\"https:\/\/juvenala.ro\/wp-content\/uploads\/2018\/03\/17239969_398773580500785_1126818581775515935_o-150x150.jpg 150w, https:\/\/juvenala.ro\/wp-content\/uploads\/2018\/03\/17239969_398773580500785_1126818581775515935_o-80x80.jpg 80w\" sizes=\"auto, (max-width: 150px) 100vw, 150px\" \/><\/a><\/li><li class=\"isotope-item\"><a href=\"https:\/\/juvenala.ro\/wp-content\/uploads\/2018\/03\/17240384_398773740500769_545433761317199929_o-683x1024.jpg\" target=\"_self\"><img loading=\"lazy\" decoding=\"async\" width=\"150\" height=\"150\" src=\"https:\/\/juvenala.ro\/wp-content\/uploads\/2018\/03\/17240384_398773740500769_545433761317199929_o-150x150.jpg\" class=\"attachment-thumbnail\" alt=\"\" title=\"17240384_398773740500769_545433761317199929_o\" srcset=\"https:\/\/juvenala.ro\/wp-content\/uploads\/2018\/03\/17240384_398773740500769_545433761317199929_o-150x150.jpg 150w, https:\/\/juvenala.ro\/wp-content\/uploads\/2018\/03\/17240384_398773740500769_545433761317199929_o-80x80.jpg 80w\" sizes=\"auto, (max-width: 150px) 100vw, 150px\" \/><\/a><\/li><li class=\"isotope-item\"><a href=\"https:\/\/juvenala.ro\/wp-content\/uploads\/2018\/03\/17349742_403435730034570_959527972537386266_o-1024x696.jpg\" target=\"_self\"><img loading=\"lazy\" decoding=\"async\" width=\"150\" height=\"150\" src=\"https:\/\/juvenala.ro\/wp-content\/uploads\/2018\/03\/17349742_403435730034570_959527972537386266_o-150x150.jpg\" class=\"attachment-thumbnail\" alt=\"\" title=\"17349742_403435730034570_959527972537386266_o\" srcset=\"https:\/\/juvenala.ro\/wp-content\/uploads\/2018\/03\/17349742_403435730034570_959527972537386266_o-150x150.jpg 150w, https:\/\/juvenala.ro\/wp-content\/uploads\/2018\/03\/17349742_403435730034570_959527972537386266_o-80x80.jpg 80w\" sizes=\"auto, (max-width: 150px) 100vw, 150px\" \/><\/a><\/li><li class=\"isotope-item\"><a href=\"https:\/\/juvenala.ro\/wp-content\/uploads\/2018\/03\/17434538_1401434966595828_4763698872894210124_o-1024x1024.jpg\" target=\"_self\"><img loading=\"lazy\" decoding=\"async\" width=\"150\" height=\"150\" src=\"https:\/\/juvenala.ro\/wp-content\/uploads\/2018\/03\/17434538_1401434966595828_4763698872894210124_o-150x150.jpg\" class=\"attachment-thumbnail\" alt=\"\" title=\"17434538_1401434966595828_4763698872894210124_o\" srcset=\"https:\/\/juvenala.ro\/wp-content\/uploads\/2018\/03\/17434538_1401434966595828_4763698872894210124_o-150x150.jpg 150w, https:\/\/juvenala.ro\/wp-content\/uploads\/2018\/03\/17434538_1401434966595828_4763698872894210124_o-300x300.jpg 300w, https:\/\/juvenala.ro\/wp-content\/uploads\/2018\/03\/17434538_1401434966595828_4763698872894210124_o-768x768.jpg 768w, https:\/\/juvenala.ro\/wp-content\/uploads\/2018\/03\/17434538_1401434966595828_4763698872894210124_o-1024x1024.jpg 1024w, https:\/\/juvenala.ro\/wp-content\/uploads\/2018\/03\/17434538_1401434966595828_4763698872894210124_o-80x80.jpg 80w, https:\/\/juvenala.ro\/wp-content\/uploads\/2018\/03\/17434538_1401434966595828_4763698872894210124_o.jpg 1365w\" sizes=\"auto, (max-width: 150px) 100vw, 150px\" \/><\/a><\/li><li class=\"isotope-item\"><a href=\"https:\/\/juvenala.ro\/wp-content\/uploads\/2018\/03\/17434713_403425730035570_6313004758818479698_o-1024x672.jpg\" target=\"_self\"><img loading=\"lazy\" decoding=\"async\" width=\"150\" height=\"150\" src=\"https:\/\/juvenala.ro\/wp-content\/uploads\/2018\/03\/17434713_403425730035570_6313004758818479698_o-150x150.jpg\" class=\"attachment-thumbnail\" alt=\"\" title=\"17434713_403425730035570_6313004758818479698_o\" srcset=\"https:\/\/juvenala.ro\/wp-content\/uploads\/2018\/03\/17434713_403425730035570_6313004758818479698_o-150x150.jpg 150w, https:\/\/juvenala.ro\/wp-content\/uploads\/2018\/03\/17434713_403425730035570_6313004758818479698_o-80x80.jpg 80w\" sizes=\"auto, (max-width: 150px) 100vw, 150px\" \/><\/a><\/li><li class=\"isotope-item\"><a href=\"https:\/\/juvenala.ro\/wp-content\/uploads\/2018\/03\/17434725_403435503367926_6432864088422385475_o-1024x683.jpg\" target=\"_self\"><img loading=\"lazy\" decoding=\"async\" width=\"150\" height=\"150\" src=\"https:\/\/juvenala.ro\/wp-content\/uploads\/2018\/03\/17434725_403435503367926_6432864088422385475_o-150x150.jpg\" class=\"attachment-thumbnail\" alt=\"\" title=\"17434725_403435503367926_6432864088422385475_o\" srcset=\"https:\/\/juvenala.ro\/wp-content\/uploads\/2018\/03\/17434725_403435503367926_6432864088422385475_o-150x150.jpg 150w, https:\/\/juvenala.ro\/wp-content\/uploads\/2018\/03\/17434725_403435503367926_6432864088422385475_o-80x80.jpg 80w\" sizes=\"auto, (max-width: 150px) 100vw, 150px\" \/><\/a><\/li><li class=\"isotope-item\"><a href=\"https:\/\/juvenala.ro\/wp-content\/uploads\/2018\/03\/17434813_403425510035592_7139628507641657766_o-1024x665.jpg\" target=\"_self\"><img loading=\"lazy\" decoding=\"async\" width=\"150\" height=\"150\" src=\"https:\/\/juvenala.ro\/wp-content\/uploads\/2018\/03\/17434813_403425510035592_7139628507641657766_o-150x150.jpg\" class=\"attachment-thumbnail\" alt=\"\" title=\"17434813_403425510035592_7139628507641657766_o\" srcset=\"https:\/\/juvenala.ro\/wp-content\/uploads\/2018\/03\/17434813_403425510035592_7139628507641657766_o-150x150.jpg 150w, https:\/\/juvenala.ro\/wp-content\/uploads\/2018\/03\/17434813_403425510035592_7139628507641657766_o-80x80.jpg 80w\" sizes=\"auto, (max-width: 150px) 100vw, 150px\" \/><\/a><\/li><li class=\"isotope-item\"><a href=\"https:\/\/juvenala.ro\/wp-content\/uploads\/2018\/03\/17434823_403425410035602_2513043652997218511_o-1024x683.jpg\" target=\"_self\"><img loading=\"lazy\" decoding=\"async\" width=\"150\" height=\"150\" src=\"https:\/\/juvenala.ro\/wp-content\/uploads\/2018\/03\/17434823_403425410035602_2513043652997218511_o-150x150.jpg\" class=\"attachment-thumbnail\" alt=\"\" title=\"17434823_403425410035602_2513043652997218511_o\" srcset=\"https:\/\/juvenala.ro\/wp-content\/uploads\/2018\/03\/17434823_403425410035602_2513043652997218511_o-150x150.jpg 150w, https:\/\/juvenala.ro\/wp-content\/uploads\/2018\/03\/17434823_403425410035602_2513043652997218511_o-80x80.jpg 80w\" sizes=\"auto, (max-width: 150px) 100vw, 150px\" \/><\/a><\/li><li class=\"isotope-item\"><a href=\"https:\/\/juvenala.ro\/wp-content\/uploads\/2018\/03\/17492748_403425230035620_4991333242348908252_o-1024x659.jpg\" target=\"_self\"><img loading=\"lazy\" decoding=\"async\" width=\"150\" height=\"150\" src=\"https:\/\/juvenala.ro\/wp-content\/uploads\/2018\/03\/17492748_403425230035620_4991333242348908252_o-150x150.jpg\" class=\"attachment-thumbnail\" alt=\"\" title=\"17492748_403425230035620_4991333242348908252_o\" srcset=\"https:\/\/juvenala.ro\/wp-content\/uploads\/2018\/03\/17492748_403425230035620_4991333242348908252_o-150x150.jpg 150w, https:\/\/juvenala.ro\/wp-content\/uploads\/2018\/03\/17492748_403425230035620_4991333242348908252_o-80x80.jpg 80w\" sizes=\"auto, (max-width: 150px) 100vw, 150px\" \/><\/a><\/li><\/ul><\/div><\/div><\/div><\/div><\/div><\/div><\/div><\/div><\/div><\/div><div class=\"vc_row wpb_row vc_row-fluid tpath-vc-section bg-style tpath-standard bg-shapecolor-tpath-standard\"><div class=\"tpath-row-inner-wrapper\"><div class=\"container\"><div class=\"row\"><div class=\"wpb_column vc_main_column vc_column_container vc_col-sm-12 typo-default\"><div class=\"tpath-column-inner-wrapper vc_column-inner bg-style column-bg-default\"><div class=\"wpb_wrapper\">\n\t<div class=\"wpb_video_widget wpb_content_element vc_clearfix   vc_video-aspect-ratio-169 vc_video-el-width-100 vc_video-align-left\" >\n\t\t<div class=\"wpb_wrapper\">\n\t\t\t\n\t\t\t<div class=\"wpb_video_wrapper\"><iframe loading=\"lazy\" title=\"Juvenala Educational Association presenterer IRINA PETREA\" width=\"500\" height=\"281\" src=\"https:\/\/www.youtube.com\/embed\/sCbwaCVcFg8?feature=oembed\" frameborder=\"0\" allow=\"accelerometer; autoplay; clipboard-write; encrypted-media; gyroscope; picture-in-picture; web-share\" referrerpolicy=\"strict-origin-when-cross-origin\" allowfullscreen><\/iframe><\/div>\n\t\t<\/div>\n\t<\/div>\n<\/div><\/div><\/div><\/div><\/div><\/div><\/div>\n<\/div>","protected":false},"excerpt":{"rendered":"KulturALA De mici am \u00eenv\u0103\u021bat din pove\u0219ti, iar fiecare persoan\u0103 are propria poveste astfel noi cre\u0103m o enciclopedie vie scriind c\u0103te o pagin\u0103 prin fiecare sear\u0103 KulturALA","protected":false},"author":1,"featured_media":0,"parent":0,"menu_order":0,"comment_status":"closed","ping_status":"closed","template":"","meta":{"footnotes":""},"class_list":["post-1118","page","type-page","status-publish","hentry"],"_links":{"self":[{"href":"https:\/\/juvenala.ro\/nb\/wp-json\/wp\/v2\/pages\/1118","targetHints":{"allow":["GET"]}}],"collection":[{"href":"https:\/\/juvenala.ro\/nb\/wp-json\/wp\/v2\/pages"}],"about":[{"href":"https:\/\/juvenala.ro\/nb\/wp-json\/wp\/v2\/types\/page"}],"author":[{"embeddable":true,"href":"https:\/\/juvenala.ro\/nb\/wp-json\/wp\/v2\/users\/1"}],"replies":[{"embeddable":true,"href":"https:\/\/juvenala.ro\/nb\/wp-json\/wp\/v2\/comments?post=1118"}],"version-history":[{"count":5,"href":"https:\/\/juvenala.ro\/nb\/wp-json\/wp\/v2\/pages\/1118\/revisions"}],"predecessor-version":[{"id":1409,"href":"https:\/\/juvenala.ro\/nb\/wp-json\/wp\/v2\/pages\/1118\/revisions\/1409"}],"wp:attachment":[{"href":"https:\/\/juvenala.ro\/nb\/wp-json\/wp\/v2\/media?parent=1118"}],"curies":[{"name":"wp","href":"https:\/\/api.w.org\/{rel}","templated":true}]}}