{"id":5,"date":"2017-03-24T09:22:43","date_gmt":"2017-03-24T09:22:43","guid":{"rendered":"http:\/\/juvenala.ro\/?page_id=5"},"modified":"2018-03-05T09:34:28","modified_gmt":"2018-03-05T09:34:28","slug":"despre-noi","status":"publish","type":"page","link":"https:\/\/juvenala.ro\/en\/despre-noi\/","title":{"rendered":"About us"},"content":{"rendered":"<div class=\"wpb-content-wrapper\"><div class=\"vc_row wpb_row vc_row-fluid tpath-vc-section bg-style tpath-standard bg-shapecolor-tpath-standard wpb_animate_when_almost_visible wpb_appear appear\"><div class=\"tpath-row-inner-wrapper\"><div class=\"container\"><div class=\"row\"><div class=\"wpb_column vc_main_column vc_column_container vc_col-sm-12 typo-default\"><div class=\"tpath-column-inner-wrapper vc_column-inner bg-style column-bg-default\"><div class=\"wpb_wrapper\">\n\t<div class=\"wpb_raw_code wpb_content_element wpb_raw_html\" >\n\t\t<div class=\"wpb_wrapper\">\n\t\t\t<h4 style=\"color: #237ebd\">Why <strong>MENS SANA in CORPORE SANO<\/strong> from <strong>acronym JUVENALA<\/strong><\/h4>\n\t\t<\/div>\n\t<\/div>\n<\/div><\/div><\/div><\/div><\/div><\/div><\/div><div class=\"vc_row wpb_row vc_row-fluid tpath-vc-section bg-style tpath-standard bg-shapecolor-tpath-standard wpb_animate_when_almost_visible wpb_appear appear\"><div class=\"tpath-row-inner-wrapper\"><div class=\"container\"><div class=\"row\"><div class=\"wpb_column vc_main_column vc_column_container vc_col-sm-12 typo-default\"><div class=\"tpath-column-inner-wrapper vc_column-inner bg-style column-bg-default\"><div class=\"wpb_wrapper\">\n\t<div class=\"wpb_raw_code wpb_content_element wpb_raw_html\" >\n\t\t<div class=\"wpb_wrapper\">\n\t\t\t<p>Some 1900 or so years ago, in the satires of the Roman poet Juvenal, a well-known expression appeared. Literally it is said in satire 10, 356: <br>\n\"Orandum est, ut sit <strong><u>mens sana in corpore sano<\/strong><\/u> ...\"<br>\n\"We must pray to have a healthy soul in a healthy body,\".<\/p>\n\t\t<\/div>\n\t<\/div>\n<\/div><\/div><\/div><\/div><\/div><\/div><\/div><div class=\"vc_row wpb_row vc_row-fluid tpath-vc-section bg-style tpath-standard bg-shapecolor-tpath-standard wpb_animate_when_almost_visible wpb_appear appear\"><div class=\"tpath-row-inner-wrapper\"><div class=\"container\"><div class=\"row\"><div class=\"wpb_column vc_main_column vc_column_container vc_col-sm-12 typo-default\"><div class=\"tpath-column-inner-wrapper vc_column-inner bg-style column-bg-default\"><div class=\"wpb_wrapper\">\n\t<div class=\"wpb_raw_code wpb_content_element wpb_raw_html\" >\n\t\t<div class=\"wpb_wrapper\">\n\t\t\t<p>Juvenal here describes the inadequate desires of the people for the gods\nbecause the majority can't figure out what they need to truly attain happiness.<br>\nThe most common desires are therefore \"wealth\", but also \"political power\"\n\"success as a speaker\", \"the glory of war\", \"a long life\" and \"beauty\". \n<br>\nAll these desires create great misunderstandings for Juvenal. So the rich man is constantly afraid of thieves, and the elderly fear all kinds of diseases. Juvenal uses as examples people from mythology who suffer in old age, or politicians who fall into disgrace.\n<br>\nIn conclusion, he urges that life should run its course without asking the gods for anything, because they know what people need for their happiness anyway.\nAnd if one really wants to pray to the gods, it is better to ask for something of the utmost importance: a healthy soul in a healthy body.\n\n<\/p>\n\t\t<\/div>\n\t<\/div>\n<\/div><\/div><\/div><\/div><\/div><\/div><\/div><div class=\"vc_row wpb_row vc_row-fluid tpath-vc-section bg-style tpath-standard bg-shapecolor-tpath-standard wpb_animate_when_almost_visible wpb_appear appear\"><div class=\"tpath-row-inner-wrapper\"><div class=\"container\"><div class=\"row\"><div class=\"wpb_column vc_main_column vc_column_container vc_col-sm-12 typo-default\"><div class=\"tpath-column-inner-wrapper vc_column-inner bg-style column-bg-default\"><div class=\"wpb_wrapper\">\n\t<div class=\"wpb_raw_code wpb_content_element wpb_raw_html\" >\n\t\t<div class=\"wpb_wrapper\">\n\t\t\t<p>Nowadays, the expression is mostly superficially interpreted or intentionally misinterpreted as \"healthy mind in a healthy body\".<\/p>\n\t\t<\/div>\n\t<\/div>\n<\/div><\/div><\/div><\/div><\/div><\/div><\/div><div class=\"vc_row wpb_row vc_row-fluid tpath-vc-section bg-style tpath-standard bg-shapecolor-tpath-standard\"><div class=\"tpath-row-inner-wrapper\"><div class=\"container\"><div class=\"row\"><div class=\"wpb_column vc_main_column vc_column_container vc_col-sm-12 typo-default\"><div class=\"tpath-column-inner-wrapper vc_column-inner bg-style column-bg-default\"><div class=\"wpb_wrapper\">\n\t<div class=\"wpb_raw_code wpb_content_element wpb_raw_html\" >\n\t\t<div class=\"wpb_wrapper\">\n\t\t\t<p>Physical exercise, which played a central role in German National Socialism for ideological reasons, was used with a short interpretation of Juvenal's motto.<\/p>\n\t\t<\/div>\n\t<\/div>\n<\/div><\/div><\/div><\/div><\/div><\/div><\/div><div class=\"vc_row wpb_row vc_row-fluid tpath-vc-section bg-style tpath-standard bg-shapecolor-tpath-standard\"><div class=\"tpath-row-inner-wrapper\"><div class=\"container\"><div class=\"row\"><div class=\"wpb_column vc_main_column vc_column_container vc_col-sm-12 typo-default\"><div class=\"tpath-column-inner-wrapper vc_column-inner bg-style column-bg-default\"><div class=\"wpb_wrapper\">\n\t<div class=\"wpb_raw_code wpb_content_element wpb_raw_html\" >\n\t\t<div class=\"wpb_wrapper\">\n\t\t\t<p>Today, various mental gurus, such as Tony Buzan, repeatedly propagate that intense exercise training significantly enhances intellectual performance. But this is not scientifically proven.<\/p>\n\t\t<\/div>\n\t<\/div>\n<\/div><\/div><\/div><\/div><\/div><\/div><\/div><div class=\"vc_row wpb_row vc_row-fluid tpath-vc-section bg-style tpath-standard bg-shapecolor-tpath-standard wpb_animate_when_almost_visible wpb_appear appear\"><div class=\"tpath-row-inner-wrapper\"><div class=\"container\"><div class=\"row\"><div class=\"wpb_column vc_main_column vc_column_container vc_col-sm-12 typo-default\"><div class=\"tpath-column-inner-wrapper vc_column-inner bg-style column-bg-default\"><div class=\"wpb_wrapper\">\n\t<div class=\"wpb_raw_code wpb_content_element wpb_raw_html\" >\n\t\t<div class=\"wpb_wrapper\">\n\t\t\t<p>On the contrary, in the current interpretation of the expression it denotes that in sick and weak bodies there cannot be a healthy mind. Such an analogy leads directly to discrimination against people with disabilities. In this context, representatives of people with disabilities vehemently reject the shortened interpretation of the expression 'Mens sana in corpore sano'. For example, a person physically destroyed by illness can be a brilliant scientist, recalling Stephen Hawking among others.<\/p>\n\t\t<\/div>\n\t<\/div>\n<\/div><\/div><\/div><\/div><\/div><\/div><\/div><div class=\"vc_row wpb_row vc_row-fluid tpath-vc-section bg-style tpath-standard bg-shapecolor-tpath-standard wpb_animate_when_almost_visible wpb_appear appear\"><div class=\"tpath-row-inner-wrapper\"><div class=\"container\"><div class=\"row\"><div class=\"wpb_column vc_main_column vc_column_container vc_col-sm-12 typo-default\"><div class=\"tpath-column-inner-wrapper vc_column-inner bg-style column-bg-default\"><div class=\"wpb_wrapper\">\n\t<div class=\"wpb_raw_code wpb_content_element wpb_raw_html\" >\n\t\t<div class=\"wpb_wrapper\">\n\t\t\t<p>However, studies have also shown that exercise can reduce the risk of Alzheimer's ageing by up to 50%.<\/p>\n\t\t<\/div>\n\t<\/div>\n<\/div><\/div><\/div><\/div><\/div><\/div><\/div><div class=\"vc_row wpb_row vc_row-fluid tpath-vc-section bg-style tpath-standard bg-shapecolor-tpath-standard wpb_animate_when_almost_visible wpb_appear appear\"><div class=\"tpath-row-inner-wrapper\"><div class=\"container\"><div class=\"row\"><div class=\"wpb_column vc_main_column vc_column_container vc_col-sm-12 typo-default\"><div class=\"tpath-column-inner-wrapper vc_column-inner bg-style column-bg-default\"><div class=\"wpb_wrapper\"><div class=\"wpb_images_carousel wpb_content_element vc_clearfix\"><div class=\"wpb_wrapper\"><div id=\"vc_images-carousel-1-1778248367\" data-ride=\"vc_carousel\" data-wrap=\"true\" style=\"width: 100%;\" data-interval=\"2000\" data-auto-height=\"yes\" data-mode=\"horizontal\" data-partial=\"false\" data-per-view=\"6\" data-hide-on-end=\"false\" class=\"vc_slide vc_images_carousel\"><ol class=\"vc_carousel-indicators\"><li data-target=\"#vc_images-carousel-1-1778248367\" data-slide-to=\"0\"><\/li><li data-target=\"#vc_images-carousel-1-1778248367\" data-slide-to=\"1\"><\/li><li data-target=\"#vc_images-carousel-1-1778248367\" data-slide-to=\"2\"><\/li><li data-target=\"#vc_images-carousel-1-1778248367\" data-slide-to=\"3\"><\/li><li data-target=\"#vc_images-carousel-1-1778248367\" data-slide-to=\"4\"><\/li><li data-target=\"#vc_images-carousel-1-1778248367\" data-slide-to=\"5\"><\/li><\/ol><div class=\"vc_carousel-inner\"><div class=\"vc_carousel-slideline\"><div class=\"vc_carousel-slideline-inner\"><div class=\"vc_item\"><div class=\"vc_inner\"><a class=\"\" href=\"https:\/\/juvenala.ro\/wp-content\/uploads\/2018\/03\/juvenala1-1.jpg\" data-lightbox=\"lightbox[rel-5-3716333801]\"><img loading=\"lazy\" decoding=\"async\" width=\"800\" height=\"524\" src=\"https:\/\/juvenala.ro\/wp-content\/uploads\/2018\/03\/juvenala1-1.jpg\" class=\"attachment-full\" alt=\"\" title=\"juvenala1\" srcset=\"https:\/\/juvenala.ro\/wp-content\/uploads\/2018\/03\/juvenala1-1.jpg 800w, https:\/\/juvenala.ro\/wp-content\/uploads\/2018\/03\/juvenala1-1-300x197.jpg 300w, https:\/\/juvenala.ro\/wp-content\/uploads\/2018\/03\/juvenala1-1-768x503.jpg 768w\" sizes=\"auto, (max-width: 800px) 100vw, 800px\" \/><\/a><\/div><\/div><div class=\"vc_item\"><div class=\"vc_inner\"><a class=\"\" href=\"https:\/\/juvenala.ro\/wp-content\/uploads\/2018\/03\/juvenala2-1.jpg\" data-lightbox=\"lightbox[rel-5-3716333801]\"><img loading=\"lazy\" decoding=\"async\" width=\"800\" height=\"525\" src=\"https:\/\/juvenala.ro\/wp-content\/uploads\/2018\/03\/juvenala2-1.jpg\" class=\"attachment-full\" alt=\"\" title=\"juvenala2\" srcset=\"https:\/\/juvenala.ro\/wp-content\/uploads\/2018\/03\/juvenala2-1.jpg 800w, https:\/\/juvenala.ro\/wp-content\/uploads\/2018\/03\/juvenala2-1-300x197.jpg 300w, https:\/\/juvenala.ro\/wp-content\/uploads\/2018\/03\/juvenala2-1-768x504.jpg 768w\" sizes=\"auto, (max-width: 800px) 100vw, 800px\" \/><\/a><\/div><\/div><div class=\"vc_item\"><div class=\"vc_inner\"><a class=\"\" href=\"https:\/\/juvenala.ro\/wp-content\/uploads\/2018\/03\/juvenala3-1.jpg\" data-lightbox=\"lightbox[rel-5-3716333801]\"><img loading=\"lazy\" decoding=\"async\" width=\"800\" height=\"525\" src=\"https:\/\/juvenala.ro\/wp-content\/uploads\/2018\/03\/juvenala3-1.jpg\" class=\"attachment-full\" alt=\"\" title=\"juvenala3\" srcset=\"https:\/\/juvenala.ro\/wp-content\/uploads\/2018\/03\/juvenala3-1.jpg 800w, https:\/\/juvenala.ro\/wp-content\/uploads\/2018\/03\/juvenala3-1-300x197.jpg 300w, https:\/\/juvenala.ro\/wp-content\/uploads\/2018\/03\/juvenala3-1-768x504.jpg 768w\" sizes=\"auto, (max-width: 800px) 100vw, 800px\" \/><\/a><\/div><\/div><div class=\"vc_item\"><div class=\"vc_inner\"><a class=\"\" href=\"https:\/\/juvenala.ro\/wp-content\/uploads\/2018\/03\/juvenala4-1.jpg\" data-lightbox=\"lightbox[rel-5-3716333801]\"><img loading=\"lazy\" decoding=\"async\" width=\"800\" height=\"526\" src=\"https:\/\/juvenala.ro\/wp-content\/uploads\/2018\/03\/juvenala4-1.jpg\" class=\"attachment-full\" alt=\"\" title=\"juvenala4\" srcset=\"https:\/\/juvenala.ro\/wp-content\/uploads\/2018\/03\/juvenala4-1.jpg 800w, https:\/\/juvenala.ro\/wp-content\/uploads\/2018\/03\/juvenala4-1-300x197.jpg 300w, https:\/\/juvenala.ro\/wp-content\/uploads\/2018\/03\/juvenala4-1-768x505.jpg 768w\" sizes=\"auto, (max-width: 800px) 100vw, 800px\" \/><\/a><\/div><\/div><div class=\"vc_item\"><div class=\"vc_inner\"><a class=\"\" href=\"https:\/\/juvenala.ro\/wp-content\/uploads\/2018\/03\/juvenala5-1.jpg\" data-lightbox=\"lightbox[rel-5-3716333801]\"><img loading=\"lazy\" decoding=\"async\" width=\"800\" height=\"526\" src=\"https:\/\/juvenala.ro\/wp-content\/uploads\/2018\/03\/juvenala5-1.jpg\" class=\"attachment-full\" alt=\"\" title=\"juvenala5\" srcset=\"https:\/\/juvenala.ro\/wp-content\/uploads\/2018\/03\/juvenala5-1.jpg 800w, https:\/\/juvenala.ro\/wp-content\/uploads\/2018\/03\/juvenala5-1-300x197.jpg 300w, https:\/\/juvenala.ro\/wp-content\/uploads\/2018\/03\/juvenala5-1-768x505.jpg 768w\" sizes=\"auto, (max-width: 800px) 100vw, 800px\" \/><\/a><\/div><\/div><div class=\"vc_item\"><div class=\"vc_inner\"><a class=\"\" href=\"https:\/\/juvenala.ro\/wp-content\/uploads\/2018\/03\/juvenala6-1.jpg\" data-lightbox=\"lightbox[rel-5-3716333801]\"><img loading=\"lazy\" decoding=\"async\" width=\"800\" height=\"526\" src=\"https:\/\/juvenala.ro\/wp-content\/uploads\/2018\/03\/juvenala6-1.jpg\" class=\"attachment-full\" alt=\"\" title=\"juvenala6\" srcset=\"https:\/\/juvenala.ro\/wp-content\/uploads\/2018\/03\/juvenala6-1.jpg 800w, https:\/\/juvenala.ro\/wp-content\/uploads\/2018\/03\/juvenala6-1-300x197.jpg 300w, https:\/\/juvenala.ro\/wp-content\/uploads\/2018\/03\/juvenala6-1-768x505.jpg 768w\" sizes=\"auto, (max-width: 800px) 100vw, 800px\" \/><\/a><\/div><\/div><\/div><\/div><\/div><\/div><\/div><\/div><\/div><\/div><\/div><\/div><\/div><\/div><\/div>\n<\/div>","protected":false},"excerpt":{"rendered":"De ce MENS SANA \u00een CORPORE SANO din sigla JUVENALA In urm\u0103 cu 1900 \u0219i ceva de ani, \u00een satirele poetului roman JUVENAL a ap\u0103rut o expresie foarte cunoscut\u0103. Literalmente...","protected":false},"author":1,"featured_media":0,"parent":0,"menu_order":0,"comment_status":"closed","ping_status":"closed","template":"","meta":{"footnotes":""},"class_list":["post-5","page","type-page","status-publish","hentry"],"_links":{"self":[{"href":"https:\/\/juvenala.ro\/en\/wp-json\/wp\/v2\/pages\/5","targetHints":{"allow":["GET"]}}],"collection":[{"href":"https:\/\/juvenala.ro\/en\/wp-json\/wp\/v2\/pages"}],"about":[{"href":"https:\/\/juvenala.ro\/en\/wp-json\/wp\/v2\/types\/page"}],"author":[{"embeddable":true,"href":"https:\/\/juvenala.ro\/en\/wp-json\/wp\/v2\/users\/1"}],"replies":[{"embeddable":true,"href":"https:\/\/juvenala.ro\/en\/wp-json\/wp\/v2\/comments?post=5"}],"version-history":[{"count":7,"href":"https:\/\/juvenala.ro\/en\/wp-json\/wp\/v2\/pages\/5\/revisions"}],"predecessor-version":[{"id":1278,"href":"https:\/\/juvenala.ro\/en\/wp-json\/wp\/v2\/pages\/5\/revisions\/1278"}],"wp:attachment":[{"href":"https:\/\/juvenala.ro\/en\/wp-json\/wp\/v2\/media?parent=5"}],"curies":[{"name":"wp","href":"https:\/\/api.w.org\/{rel}","templated":true}]}}