{"id":49,"date":"2017-03-24T09:35:59","date_gmt":"2017-03-24T09:35:59","guid":{"rendered":"http:\/\/juvenala.ro\/?page_id=49"},"modified":"2018-03-09T08:32:14","modified_gmt":"2018-03-09T08:32:14","slug":"despre-tabere","status":"publish","type":"page","link":"https:\/\/juvenala.ro\/en\/despre-tabere\/","title":{"rendered":"About camps"},"content":{"rendered":"<div class=\"wpb-content-wrapper\"><div class=\"vc_row wpb_row vc_row-fluid tpath-vc-section bg-style tpath-standard bg-shapecolor-tpath-standard\"><div class=\"tpath-row-inner-wrapper\"><div class=\"container\"><div class=\"row\"><div class=\"wpb_column vc_main_column vc_column_container vc_col-sm-12 typo-default\"><div class=\"tpath-column-inner-wrapper vc_column-inner bg-style column-bg-default\"><div class=\"wpb_wrapper\">\n\t<div class=\"wpb_raw_code wpb_content_element wpb_raw_html\" >\n\t\t<div class=\"wpb_wrapper\">\n\t\t\t<h3><span style=\"color: red;\">R<\/span>elaxing <span style=\"color: red;\">O<\/span>utdoor <span style=\"color: red;\">U<\/span>nforgettable <span style=\"color: red;\">A<\/span>dventures<\/h3>\n<h4>A new camp concept for children and young people<\/h4>\n<span style=\"color: red;\">\n\t\t<\/div>\n\t<\/div>\n<\/div><\/div><\/div><\/div><\/div><\/div><\/div><div class=\"vc_row wpb_row vc_row-fluid tpath-vc-section bg-style tpath-standard bg-shapecolor-tpath-standard\"><div class=\"tpath-row-inner-wrapper\"><div class=\"container\"><div class=\"row\"><div class=\"wpb_column vc_main_column vc_column_container vc_col-sm-12 typo-default\"><div class=\"tpath-column-inner-wrapper vc_column-inner bg-style column-bg-default\"><div class=\"wpb_wrapper\">\n\t<div class=\"wpb_raw_code wpb_content_element wpb_raw_html\" >\n\t\t<div class=\"wpb_wrapper\">\n\t\t\t<p><img decoding=\"async\" src=\"https:\/\/juvenala.ro\/wp-content\/uploads\/2018\/03\/juv.png\"><\/p>\n<p><strong>Hi!<\/strong> We are the team <strong>Outdoor Adventures<\/strong> and we are pleased to present you our program of <strong>knowledge camps and development of social-emotional intelligence<\/strong>.<br>\nIn the camps <strong>Outdoor Adventures<\/strong> fun, goodwill and camaraderie are at home, and each camp we organize has exceptional characteristics that have made us multiply the concept of <strong>personal development camps<\/strong>.<a href=\"https:\/\/juvenala.ro\/wp-content\/uploads\/2018\/03\/Prezentare-TABERE-ROUA.ppsx\"><span style=\"color: #237ebd\"> (See PowerPoint presentation)<\/span><\/a><br> \nThe number of places in the camps is usually limited to 35 so that each child is given special attention and care.<br>\nOur valuable resource is <strong>Outdoor Adventures Team<\/strong>. It is made up of personal development specialists from Romania who, together with collaborators from Bavaria - Germany, make the best association between Romanian curiosity and German discipline.<br>\nJoin us in <strong>Outdoor Adventures Camps<\/strong> to convince you!\n <\/p>\n\n<p><strong>Frequently Asked Questions<\/strong><br>\n<strong>Why Outdoor Adventures?<\/strong><br>\nBecause we organize some of the most interesting camps for children in Romania, we have experience in working with children and we believe we can be the best in this field.\n<\/p>\n\n<p><strong>Where are the camps taking place?<\/strong><br>\nSummer camps are organized in locations away from the hustle and bustle of civilization, offering the best opportunities for learning, play and development. City Break camps are organized in locations with the most beautiful views.\n<\/p>\n\n\n<p><strong>Who looks after your children?<\/strong><br>\nYour children are observed, supervised and guided by personal development specialists. The emphasis is on the safety of your children as well as on teaching them mountain behavior and the main rules for adapting to the community.<br>\nThe instructors are experienced in working with children and young people, and the climbing and survival activities in the forest and beyond are carried out in the safest possible conditions.\n<\/p>\n\n<p><strong>How many members does the Outdoor Adventures team have?<\/strong><br>\nDuring the children's summer camp season, the team consists of 3 or 4 members who work harmoniously together to cover all the activities and needs of a camp (games, hiking, accommodation, meals, transportation, equipment, e.t.c.).\n<\/p>\n\n<p><strong>Where are the children staying?<\/strong><br>\nCamps are generally organized in Bavaria in special 4-star rated buildings. Here children enjoy rest and quiet in the dormitories, recreation in the games rooms, learning in the classrooms and workshops.\nIn the open air there is outdoor recreation on the specially designed sports fields, and during the day there are organized basketball and volleyball activities.    \nThe surroundings are bountiful in fresh air and greenery, with the chalets situated at an altitude of about 800-900 m in the Bavarian Forest Mountains.\n\n<\/p>\n\n<p><strong>Is there medical supervision in the camp?<\/strong><br>\nYour children's health is supervised by the team members and in the mountain resorts there are specialized doctors, and interventions are carried out by helicopter when necessary. <br>\n We take health issues very seriously and, if necessary, we can work with you to take all the necessary measures to resolve any situation.<br>\nAs children are very active at the camps, each child's family doctor's agreement that he\/she is medically fit for moderate physical exertion is required for enrolment.\n<\/p>\n\n\n<p><strong>Why a maximum of 35 children?<\/strong><br>\nActivities at Outdoor Adventures camps require a great deal of involvement and attention from us so that every child is given the attention, care and guidance they need.\nThis principle underpins our camp philosophy, which we proudly call <strong>social-emotional intelligence development camps<\/strong>.\nAt summer camp <strong>Outdoor Adventures<\/strong> your child <strong>learn<\/strong>:<br>\n<ul>\n<li>how to hike in the mountains, how to follow a tourist route.<\/li>\n<li>how to climb, how to equip themselves and how to be aware of their situation.<\/li>\n<li>how to build a campfire, how to use ropes to carry firewood.<\/li>\n<li>how to set up a tent, how to pitch it and how to organize its interior.<\/li>\n<li>how to give moral support to his teammates, which he will also enjoy in 'difficult' situations at camp.<\/li>\n<\/ul>\n\nIt's all about learning and experiencing new things that are only possible with a limited number of children.<br>\nWe want every child to feel special and to come back to you with new knowledge and the desire to be different, to love nature and sport, discovering all this with the team <strong>Outdoor Adventures<\/strong>.\n\n\n<\/p>\n\n<p><strong>How do children get around the camp?<\/strong><br>\nTransportation to the mountain resort and other locations is by bus or public transportation for City Break camps.<br>\nHikes on accessible trails in the Bavarian Forest are organized during the day as well as forays into the quiet of the night.  \n<\/p>\n\n<p><strong>What is the program of camps per day?<\/strong><br>\nDepending on the specifics of the camp there are certain meal times, wake-up and curfew times and the fact that whatever the weather is like outside during the day the activities will be safe.\nChildren are involved in setting the dates and times of the activities so that they can spend as much time as possible outdoors, in the mountains or participating in other mountain and personal development activities.<br>\nDuring the camp, the children have 2 hours per day of German language learning, beginners or advanced, in a teaching system or interactively during the activities. \n<\/p>\n\n<p><strong>What does the price of a camp include?<\/strong><br>\nThe price of a summer camp includes:\n<ul>\n<li>Transportation of children from departure Piatra Neamt* to destination - Sankt Englmar\/ Riedenburg and return.<\/li>\n<li>Full board (accommodation, 3 meals and snacks)<\/li>\n<li>Purchase entrance tickets to all tourist attractions*  <\/li>\n<li>Assistance and transportation throughout the camp.<\/li>\n<li>Participation in absolutely all program activities.<\/li>\n<li>Educational - instructive and fun activities in the afternoon (trips to the water paradise, to the zoo, to tourist attractions, cottage games, garden games).<\/li>\n\n<\/ul>\n<\/p>\n\n<p>For other questions not answered on this page, feel free to contact us.<\/p>\n<p>All the best!<\/p>\n<p><strong>Outdoor Adventures Team<\/strong><\/p>\n\n<img decoding=\"async\" src=\"https:\/\/juvenala.ro\/wp-content\/uploads\/2018\/03\/juv.png\">\n\n\n\n\n\t\t<\/div>\n\t<\/div>\n<\/div><\/div><\/div><\/div><\/div><\/div><\/div><div class=\"vc_row wpb_row vc_row-fluid tpath-vc-section bg-style tpath-standard bg-shapecolor-tpath-standard\"><div class=\"tpath-row-inner-wrapper\"><div class=\"container\"><div class=\"row\"><div class=\"wpb_column vc_main_column vc_column_container vc_col-sm-12 typo-default\"><div class=\"tpath-column-inner-wrapper vc_column-inner bg-style column-bg-default\"><div class=\"wpb_wrapper\"><\/div><\/div><\/div><\/div><\/div><\/div><\/div>\n<\/div>","protected":false},"excerpt":{"rendered":"Relaxing Outdoor Unforgettable Adventures Un nou concept de tabere pentru copii \u015fi tineri Salut! Noi suntem echipa Outdoor Adventures \u015fi ne bucur\u0103m s\u0103 \u00ee\u0163i prezent\u0103m programul nostru de tabere de...","protected":false},"author":1,"featured_media":0,"parent":0,"menu_order":0,"comment_status":"closed","ping_status":"closed","template":"","meta":{"footnotes":""},"class_list":["post-49","page","type-page","status-publish","hentry"],"_links":{"self":[{"href":"https:\/\/juvenala.ro\/en\/wp-json\/wp\/v2\/pages\/49","targetHints":{"allow":["GET"]}}],"collection":[{"href":"https:\/\/juvenala.ro\/en\/wp-json\/wp\/v2\/pages"}],"about":[{"href":"https:\/\/juvenala.ro\/en\/wp-json\/wp\/v2\/types\/page"}],"author":[{"embeddable":true,"href":"https:\/\/juvenala.ro\/en\/wp-json\/wp\/v2\/users\/1"}],"replies":[{"embeddable":true,"href":"https:\/\/juvenala.ro\/en\/wp-json\/wp\/v2\/comments?post=49"}],"version-history":[{"count":10,"href":"https:\/\/juvenala.ro\/en\/wp-json\/wp\/v2\/pages\/49\/revisions"}],"predecessor-version":[{"id":1444,"href":"https:\/\/juvenala.ro\/en\/wp-json\/wp\/v2\/pages\/49\/revisions\/1444"}],"wp:attachment":[{"href":"https:\/\/juvenala.ro\/en\/wp-json\/wp\/v2\/media?parent=49"}],"curies":[{"name":"wp","href":"https:\/\/api.w.org\/{rel}","templated":true}]}}