{"id":5,"date":"2017-03-24T09:22:43","date_gmt":"2017-03-24T09:22:43","guid":{"rendered":"http:\/\/juvenala.ro\/?page_id=5"},"modified":"2018-03-05T09:34:28","modified_gmt":"2018-03-05T09:34:28","slug":"despre-noi","status":"publish","type":"page","link":"https:\/\/juvenala.ro\/de\/despre-noi\/","title":{"rendered":"\u00dcber uns"},"content":{"rendered":"<div class=\"wpb-content-wrapper\"><div class=\"vc_row wpb_row vc_row-fluid tpath-vc-section bg-style tpath-standard bg-shapecolor-tpath-standard wpb_animate_when_almost_visible wpb_appear appear\"><div class=\"tpath-row-inner-wrapper\"><div class=\"container\"><div class=\"row\"><div class=\"wpb_column vc_main_column vc_column_container vc_col-sm-12 typo-default\"><div class=\"tpath-column-inner-wrapper vc_column-inner bg-style column-bg-default\"><div class=\"wpb_wrapper\">\n\t<div class=\"wpb_raw_code wpb_content_element wpb_raw_html\" >\n\t\t<div class=\"wpb_wrapper\">\n\t\t\t<h4 style=\"color: #237ebd\">Warum <strong>MENS SANA in CORPORE SANO<\/strong> von <strong>Akronym JUVENALA<\/strong><\/h4>\n\t\t<\/div>\n\t<\/div>\n<\/div><\/div><\/div><\/div><\/div><\/div><\/div><div class=\"vc_row wpb_row vc_row-fluid tpath-vc-section bg-style tpath-standard bg-shapecolor-tpath-standard wpb_animate_when_almost_visible wpb_appear appear\"><div class=\"tpath-row-inner-wrapper\"><div class=\"container\"><div class=\"row\"><div class=\"wpb_column vc_main_column vc_column_container vc_col-sm-12 typo-default\"><div class=\"tpath-column-inner-wrapper vc_column-inner bg-style column-bg-default\"><div class=\"wpb_wrapper\">\n\t<div class=\"wpb_raw_code wpb_content_element wpb_raw_html\" >\n\t\t<div class=\"wpb_wrapper\">\n\t\t\t<p>Vor etwa 1900 Jahren erschien in den Satiren des r\u00f6mischen Dichters JUVENAL ein bekannter Ausdruck. W\u00f6rtlich hei\u00dft es in Satire 10, 356: <br>\n\"Orandum est, ut sit <strong><u>mens sana in corpore sano<\/strong><\/u> ...\"<br>\n\"Wir m\u00fcssen beten, um eine gesunde Seele in einem gesunden K\u00f6rper zu haben\".<\/p>\n\t\t<\/div>\n\t<\/div>\n<\/div><\/div><\/div><\/div><\/div><\/div><\/div><div class=\"vc_row wpb_row vc_row-fluid tpath-vc-section bg-style tpath-standard bg-shapecolor-tpath-standard wpb_animate_when_almost_visible wpb_appear appear\"><div class=\"tpath-row-inner-wrapper\"><div class=\"container\"><div class=\"row\"><div class=\"wpb_column vc_main_column vc_column_container vc_col-sm-12 typo-default\"><div class=\"tpath-column-inner-wrapper vc_column-inner bg-style column-bg-default\"><div class=\"wpb_wrapper\">\n\t<div class=\"wpb_raw_code wpb_content_element wpb_raw_html\" >\n\t\t<div class=\"wpb_wrapper\">\n\t\t\t<p>Juvenal beschreibt hier die unzureichende Sehnsucht der Menschen nach den G\u00f6ttern\nweil die Mehrheit nicht erkennen kann, was sie braucht, um wirklich gl\u00fccklich zu werden.<br>\nDie h\u00e4ufigsten W\u00fcnsche sind daher \"Reichtum\", aber auch \"politische Macht\"\n\"Erfolg als Redner\", \"Kriegsruhm\", \"ein langes Leben\" und \"Sch\u00f6nheit\". \n<br>\nAll diese Sehns\u00fcchte f\u00fchren bei Juvenal zu gro\u00dfen Missverst\u00e4ndnissen. So hat der Reiche st\u00e4ndig Angst vor Dieben, und die Alten haben Angst vor allen m\u00f6glichen Krankheiten. Juvenal verwendet als Beispiele Menschen aus der Mythologie, die im Alter leiden, oder Politiker, die in Ungnade fallen.\n<br>\nAbschlie\u00dfend pl\u00e4diert er daf\u00fcr, dem Leben seinen Lauf zu lassen, ohne die G\u00f6tter um etwas zu bitten, denn sie wissen ohnehin, was die Menschen f\u00fcr ihr Gl\u00fcck brauchen.\nUnd wenn man wirklich zu den G\u00f6ttern beten will, ist es besser, um etwas von gr\u00f6\u00dfter Wichtigkeit zu bitten: eine gesunde Seele in einem gesunden K\u00f6rper.\n\n<\/p>\n\t\t<\/div>\n\t<\/div>\n<\/div><\/div><\/div><\/div><\/div><\/div><\/div><div class=\"vc_row wpb_row vc_row-fluid tpath-vc-section bg-style tpath-standard bg-shapecolor-tpath-standard wpb_animate_when_almost_visible wpb_appear appear\"><div class=\"tpath-row-inner-wrapper\"><div class=\"container\"><div class=\"row\"><div class=\"wpb_column vc_main_column vc_column_container vc_col-sm-12 typo-default\"><div class=\"tpath-column-inner-wrapper vc_column-inner bg-style column-bg-default\"><div class=\"wpb_wrapper\">\n\t<div class=\"wpb_raw_code wpb_content_element wpb_raw_html\" >\n\t\t<div class=\"wpb_wrapper\">\n\t\t\t<p>Heutzutage wird der Satz weitgehend oberfl\u00e4chlich oder absichtlich als \"gesunder Geist in einem gesunden K\u00f6rper\" fehlinterpretiert.<\/p>\n\t\t<\/div>\n\t<\/div>\n<\/div><\/div><\/div><\/div><\/div><\/div><\/div><div class=\"vc_row wpb_row vc_row-fluid tpath-vc-section bg-style tpath-standard bg-shapecolor-tpath-standard\"><div class=\"tpath-row-inner-wrapper\"><div class=\"container\"><div class=\"row\"><div class=\"wpb_column vc_main_column vc_column_container vc_col-sm-12 typo-default\"><div class=\"tpath-column-inner-wrapper vc_column-inner bg-style column-bg-default\"><div class=\"wpb_wrapper\">\n\t<div class=\"wpb_raw_code wpb_content_element wpb_raw_html\" >\n\t\t<div class=\"wpb_wrapper\">\n\t\t\t<p>Die k\u00f6rperliche Ert\u00fcchtigung, die im deutschen Nationalsozialismus aus ideologischen Gr\u00fcnden eine zentrale Rolle spielte, wurde mit einer kurzen Interpretation des Mottos von Juvenal genutzt.<\/p>\n\t\t<\/div>\n\t<\/div>\n<\/div><\/div><\/div><\/div><\/div><\/div><\/div><div class=\"vc_row wpb_row vc_row-fluid tpath-vc-section bg-style tpath-standard bg-shapecolor-tpath-standard\"><div class=\"tpath-row-inner-wrapper\"><div class=\"container\"><div class=\"row\"><div class=\"wpb_column vc_main_column vc_column_container vc_col-sm-12 typo-default\"><div class=\"tpath-column-inner-wrapper vc_column-inner bg-style column-bg-default\"><div class=\"wpb_wrapper\">\n\t<div class=\"wpb_raw_code wpb_content_element wpb_raw_html\" >\n\t\t<div class=\"wpb_wrapper\">\n\t\t\t<p>Heute propagieren verschiedene Mental-Gurus wie Tony Buzan immer wieder, dass intensives Bewegungstraining die geistige Leistungsf\u00e4higkeit deutlich steigert. Dies ist jedoch wissenschaftlich nicht bewiesen.<\/p>\n\t\t<\/div>\n\t<\/div>\n<\/div><\/div><\/div><\/div><\/div><\/div><\/div><div class=\"vc_row wpb_row vc_row-fluid tpath-vc-section bg-style tpath-standard bg-shapecolor-tpath-standard wpb_animate_when_almost_visible wpb_appear appear\"><div class=\"tpath-row-inner-wrapper\"><div class=\"container\"><div class=\"row\"><div class=\"wpb_column vc_main_column vc_column_container vc_col-sm-12 typo-default\"><div class=\"tpath-column-inner-wrapper vc_column-inner bg-style column-bg-default\"><div class=\"wpb_wrapper\">\n\t<div class=\"wpb_raw_code wpb_content_element wpb_raw_html\" >\n\t\t<div class=\"wpb_wrapper\">\n\t\t\t<p>Im Gegenteil, in der gegenw\u00e4rtigen Auslegung des Ausdrucks bedeutet er, dass es in einem kranken und schwachen K\u00f6rper keinen gesunden Geist geben kann. Eine solche Analogie f\u00fchrt direkt zur Diskriminierung von Menschen mit Behinderungen. In diesem Zusammenhang lehnen die Vertreter von Menschen mit Behinderungen die verk\u00fcrzte Auslegung des Ausdrucks \"Mens sana in corpore sano\" vehement ab. So kann zum Beispiel ein Mensch, der durch eine Krankheit k\u00f6rperlich zerst\u00f6rt ist, ein brillanter Wissenschaftler sein, der unter anderem an Stephen Hawking erinnert.<\/p>\n\t\t<\/div>\n\t<\/div>\n<\/div><\/div><\/div><\/div><\/div><\/div><\/div><div class=\"vc_row wpb_row vc_row-fluid tpath-vc-section bg-style tpath-standard bg-shapecolor-tpath-standard wpb_animate_when_almost_visible wpb_appear appear\"><div class=\"tpath-row-inner-wrapper\"><div class=\"container\"><div class=\"row\"><div class=\"wpb_column vc_main_column vc_column_container vc_col-sm-12 typo-default\"><div class=\"tpath-column-inner-wrapper vc_column-inner bg-style column-bg-default\"><div class=\"wpb_wrapper\">\n\t<div class=\"wpb_raw_code wpb_content_element wpb_raw_html\" >\n\t\t<div class=\"wpb_wrapper\">\n\t\t\t<p>Studien haben jedoch auch gezeigt, dass Bewegung das Risiko einer alternden Alzheimer-Krankheit um bis zu 50% verringern kann.<\/p>\n\t\t<\/div>\n\t<\/div>\n<\/div><\/div><\/div><\/div><\/div><\/div><\/div><div class=\"vc_row wpb_row vc_row-fluid tpath-vc-section bg-style tpath-standard bg-shapecolor-tpath-standard wpb_animate_when_almost_visible wpb_appear appear\"><div class=\"tpath-row-inner-wrapper\"><div class=\"container\"><div class=\"row\"><div class=\"wpb_column vc_main_column vc_column_container vc_col-sm-12 typo-default\"><div class=\"tpath-column-inner-wrapper vc_column-inner bg-style column-bg-default\"><div class=\"wpb_wrapper\"><div class=\"wpb_images_carousel wpb_content_element vc_clearfix\"><div class=\"wpb_wrapper\"><div id=\"vc_images-carousel-1-1778248089\" data-ride=\"vc_carousel\" data-wrap=\"true\" style=\"width: 100%;\" data-interval=\"2000\" data-auto-height=\"yes\" data-mode=\"horizontal\" data-partial=\"false\" data-per-view=\"6\" data-hide-on-end=\"false\" class=\"vc_slide vc_images_carousel\"><ol class=\"vc_carousel-indicators\"><li data-target=\"#vc_images-carousel-1-1778248089\" data-slide-to=\"0\"><\/li><li data-target=\"#vc_images-carousel-1-1778248089\" data-slide-to=\"1\"><\/li><li data-target=\"#vc_images-carousel-1-1778248089\" data-slide-to=\"2\"><\/li><li data-target=\"#vc_images-carousel-1-1778248089\" data-slide-to=\"3\"><\/li><li data-target=\"#vc_images-carousel-1-1778248089\" data-slide-to=\"4\"><\/li><li data-target=\"#vc_images-carousel-1-1778248089\" data-slide-to=\"5\"><\/li><\/ol><div class=\"vc_carousel-inner\"><div class=\"vc_carousel-slideline\"><div class=\"vc_carousel-slideline-inner\"><div class=\"vc_item\"><div class=\"vc_inner\"><a class=\"\" href=\"https:\/\/juvenala.ro\/wp-content\/uploads\/2018\/03\/juvenala1-1.jpg\" data-lightbox=\"lightbox[rel-5-2337441350]\"><img loading=\"lazy\" decoding=\"async\" width=\"800\" height=\"524\" src=\"https:\/\/juvenala.ro\/wp-content\/uploads\/2018\/03\/juvenala1-1.jpg\" class=\"attachment-full\" alt=\"\" title=\"juvenala1\" srcset=\"https:\/\/juvenala.ro\/wp-content\/uploads\/2018\/03\/juvenala1-1.jpg 800w, https:\/\/juvenala.ro\/wp-content\/uploads\/2018\/03\/juvenala1-1-300x197.jpg 300w, https:\/\/juvenala.ro\/wp-content\/uploads\/2018\/03\/juvenala1-1-768x503.jpg 768w\" sizes=\"auto, (max-width: 800px) 100vw, 800px\" \/><\/a><\/div><\/div><div class=\"vc_item\"><div class=\"vc_inner\"><a class=\"\" href=\"https:\/\/juvenala.ro\/wp-content\/uploads\/2018\/03\/juvenala2-1.jpg\" data-lightbox=\"lightbox[rel-5-2337441350]\"><img loading=\"lazy\" decoding=\"async\" width=\"800\" height=\"525\" src=\"https:\/\/juvenala.ro\/wp-content\/uploads\/2018\/03\/juvenala2-1.jpg\" class=\"attachment-full\" alt=\"\" title=\"juvenala2\" srcset=\"https:\/\/juvenala.ro\/wp-content\/uploads\/2018\/03\/juvenala2-1.jpg 800w, https:\/\/juvenala.ro\/wp-content\/uploads\/2018\/03\/juvenala2-1-300x197.jpg 300w, https:\/\/juvenala.ro\/wp-content\/uploads\/2018\/03\/juvenala2-1-768x504.jpg 768w\" sizes=\"auto, (max-width: 800px) 100vw, 800px\" \/><\/a><\/div><\/div><div class=\"vc_item\"><div class=\"vc_inner\"><a class=\"\" href=\"https:\/\/juvenala.ro\/wp-content\/uploads\/2018\/03\/juvenala3-1.jpg\" data-lightbox=\"lightbox[rel-5-2337441350]\"><img loading=\"lazy\" decoding=\"async\" width=\"800\" height=\"525\" src=\"https:\/\/juvenala.ro\/wp-content\/uploads\/2018\/03\/juvenala3-1.jpg\" class=\"attachment-full\" alt=\"\" title=\"juvenala3\" srcset=\"https:\/\/juvenala.ro\/wp-content\/uploads\/2018\/03\/juvenala3-1.jpg 800w, https:\/\/juvenala.ro\/wp-content\/uploads\/2018\/03\/juvenala3-1-300x197.jpg 300w, https:\/\/juvenala.ro\/wp-content\/uploads\/2018\/03\/juvenala3-1-768x504.jpg 768w\" sizes=\"auto, (max-width: 800px) 100vw, 800px\" \/><\/a><\/div><\/div><div class=\"vc_item\"><div class=\"vc_inner\"><a class=\"\" href=\"https:\/\/juvenala.ro\/wp-content\/uploads\/2018\/03\/juvenala4-1.jpg\" data-lightbox=\"lightbox[rel-5-2337441350]\"><img loading=\"lazy\" decoding=\"async\" width=\"800\" height=\"526\" src=\"https:\/\/juvenala.ro\/wp-content\/uploads\/2018\/03\/juvenala4-1.jpg\" class=\"attachment-full\" alt=\"\" title=\"juvenala4\" srcset=\"https:\/\/juvenala.ro\/wp-content\/uploads\/2018\/03\/juvenala4-1.jpg 800w, https:\/\/juvenala.ro\/wp-content\/uploads\/2018\/03\/juvenala4-1-300x197.jpg 300w, https:\/\/juvenala.ro\/wp-content\/uploads\/2018\/03\/juvenala4-1-768x505.jpg 768w\" sizes=\"auto, (max-width: 800px) 100vw, 800px\" \/><\/a><\/div><\/div><div class=\"vc_item\"><div class=\"vc_inner\"><a class=\"\" href=\"https:\/\/juvenala.ro\/wp-content\/uploads\/2018\/03\/juvenala5-1.jpg\" data-lightbox=\"lightbox[rel-5-2337441350]\"><img loading=\"lazy\" decoding=\"async\" width=\"800\" height=\"526\" src=\"https:\/\/juvenala.ro\/wp-content\/uploads\/2018\/03\/juvenala5-1.jpg\" class=\"attachment-full\" alt=\"\" title=\"juvenala5\" srcset=\"https:\/\/juvenala.ro\/wp-content\/uploads\/2018\/03\/juvenala5-1.jpg 800w, https:\/\/juvenala.ro\/wp-content\/uploads\/2018\/03\/juvenala5-1-300x197.jpg 300w, https:\/\/juvenala.ro\/wp-content\/uploads\/2018\/03\/juvenala5-1-768x505.jpg 768w\" sizes=\"auto, (max-width: 800px) 100vw, 800px\" \/><\/a><\/div><\/div><div class=\"vc_item\"><div class=\"vc_inner\"><a class=\"\" href=\"https:\/\/juvenala.ro\/wp-content\/uploads\/2018\/03\/juvenala6-1.jpg\" data-lightbox=\"lightbox[rel-5-2337441350]\"><img loading=\"lazy\" decoding=\"async\" width=\"800\" height=\"526\" src=\"https:\/\/juvenala.ro\/wp-content\/uploads\/2018\/03\/juvenala6-1.jpg\" class=\"attachment-full\" alt=\"\" title=\"juvenala6\" srcset=\"https:\/\/juvenala.ro\/wp-content\/uploads\/2018\/03\/juvenala6-1.jpg 800w, https:\/\/juvenala.ro\/wp-content\/uploads\/2018\/03\/juvenala6-1-300x197.jpg 300w, https:\/\/juvenala.ro\/wp-content\/uploads\/2018\/03\/juvenala6-1-768x505.jpg 768w\" sizes=\"auto, (max-width: 800px) 100vw, 800px\" \/><\/a><\/div><\/div><\/div><\/div><\/div><\/div><\/div><\/div><\/div><\/div><\/div><\/div><\/div><\/div><\/div>\n<\/div>","protected":false},"excerpt":{"rendered":"De ce MENS SANA \u00een CORPORE SANO din sigla JUVENALA In urm\u0103 cu 1900 \u0219i ceva de ani, \u00een satirele poetului roman JUVENAL a ap\u0103rut o expresie foarte cunoscut\u0103. Literalmente...","protected":false},"author":1,"featured_media":0,"parent":0,"menu_order":0,"comment_status":"closed","ping_status":"closed","template":"","meta":{"footnotes":""},"class_list":["post-5","page","type-page","status-publish","hentry"],"_links":{"self":[{"href":"https:\/\/juvenala.ro\/de\/wp-json\/wp\/v2\/pages\/5","targetHints":{"allow":["GET"]}}],"collection":[{"href":"https:\/\/juvenala.ro\/de\/wp-json\/wp\/v2\/pages"}],"about":[{"href":"https:\/\/juvenala.ro\/de\/wp-json\/wp\/v2\/types\/page"}],"author":[{"embeddable":true,"href":"https:\/\/juvenala.ro\/de\/wp-json\/wp\/v2\/users\/1"}],"replies":[{"embeddable":true,"href":"https:\/\/juvenala.ro\/de\/wp-json\/wp\/v2\/comments?post=5"}],"version-history":[{"count":7,"href":"https:\/\/juvenala.ro\/de\/wp-json\/wp\/v2\/pages\/5\/revisions"}],"predecessor-version":[{"id":1278,"href":"https:\/\/juvenala.ro\/de\/wp-json\/wp\/v2\/pages\/5\/revisions\/1278"}],"wp:attachment":[{"href":"https:\/\/juvenala.ro\/de\/wp-json\/wp\/v2\/media?parent=5"}],"curies":[{"name":"wp","href":"https:\/\/api.w.org\/{rel}","templated":true}]}}