{"id":2473,"date":"2025-08-24T13:31:15","date_gmt":"2025-08-24T10:31:15","guid":{"rendered":"https:\/\/juvenala.ro\/?page_id=2473"},"modified":"2026-02-06T10:02:14","modified_gmt":"2026-02-06T08:02:14","slug":"cum-construiesti-o-casa-in-copac","status":"publish","type":"page","link":"https:\/\/juvenala.ro\/de\/cum-construiesti-o-casa-in-copac\/","title":{"rendered":"Wie man ein Baumhaus baut"},"content":{"rendered":"<div class=\"wpb-content-wrapper\"><div class=\"vc_row wpb_row vc_row-fluid tpath-vc-section bg-style tpath-standard bg-shapecolor-tpath-standard\"><div class=\"tpath-row-inner-wrapper\"><div class=\"container\"><div class=\"row\"><div class=\"wpb_column vc_main_column vc_column_container vc_col-sm-12 typo-default\"><div class=\"tpath-column-inner-wrapper vc_column-inner bg-style column-bg-default\"><div class=\"wpb_wrapper\">\n\t<div  class=\"wpb_single_image wpb_content_element vc_align_center\">\n\t\t\n\t\t<figure class=\"wpb_wrapper vc_figure\">\n\t\t\t<div class=\"vc_single_image-wrapper   vc_box_border_grey\"><img loading=\"lazy\" decoding=\"async\" width=\"640\" height=\"480\" src=\"https:\/\/juvenala.ro\/wp-content\/uploads\/2025\/08\/IMG_0989-2.jpg\" class=\"vc_single_image-img attachment-full\" alt=\"\" title=\"IMG_0989 (2)\" \/><\/div>\n\t\t<\/figure>\n\t<\/div>\n\n\t<div class=\"wpb_raw_code wpb_content_element wpb_raw_html\" >\n\t\t<div class=\"wpb_wrapper\">\n\t\t\t<p>Das Zuhause ist ein wunderbarer Ort. Das Zuhause ist der Ort, an dem man lebt und liebt, wie man sich selbst liebt, der Ort der totalen Freude und der bedingungslosen Liebe. Der Bau eines Hauses ist ein verantwortungsvoller, langwieriger Prozess, der in verschiedenen Phasen abgeschlossen werden muss. Der Bau eines Baumhauses ist zwar viel kleiner, aber dennoch ein komplexes Unterfangen, das Zeit, Geduld und Geschick erfordert. Deshalb werden alle Kinder ermutigt, mitzumachen.<\/p>\n\n<p>Innerhalb von 8 Tagen bauen wir ein Haus mit Platz zum Spielen, Schlafen und Kochen, das alle notwendigen Annehmlichkeiten bietet, genau wie ein auf dem Boden gebautes Haus. Auf diese Weise werden die Kinder von der Vorbereitung des Bauplans bis zu seiner Verwirklichung ein Mindestma\u00df an beruflichen Fertigkeiten in diesem Bereich erwerben. Dar\u00fcber hinaus wird die geschaffene Atmosph\u00e4re den Aufbau von Selbstvertrauen und die pers\u00f6nliche Entwicklung der Kinder f\u00f6rdern, was dem Schulabbruch wirksam vorbeugt und die Teilnahme an der Bildung unterst\u00fctzt.<\/p>\n\t\t<\/div>\n\t<\/div>\n<div class=\"vc_empty_space\"   style=\"height: 32px\"><span class=\"vc_empty_space_inner\"><\/span><\/div><\/div><\/div><\/div><\/div><\/div><\/div><\/div><div class=\"vc_row wpb_row vc_row-fluid tpath-vc-section bg-style tpath-standard bg-shapecolor-tpath-standard\"><div class=\"tpath-row-inner-wrapper\"><div class=\"container\"><div class=\"row\"><div class=\"wpb_column vc_main_column vc_column_container vc_col-sm-12 typo-default\"><div class=\"tpath-column-inner-wrapper vc_column-inner bg-style column-bg-default\"><div class=\"wpb_wrapper\">\n<div class=\"vc_grid-container-wrapper vc_clearfix vc_grid-animation-none\">\n\t<div class=\"vc_grid-container vc_clearfix wpb_content_element vc_media_grid\" data-initial-loading-animation=\"none\" data-vc-grid-settings=\"{&quot;page_id&quot;:2473,&quot;style&quot;:&quot;all&quot;,&quot;action&quot;:&quot;vc_get_vc_grid_data&quot;,&quot;shortcode_id&quot;:&quot;1770357565898-8525756d-7ca5-7&quot;,&quot;tag&quot;:&quot;vc_media_grid&quot;}\" data-vc-request=\"https:\/\/juvenala.ro\/wp-admin\/admin-ajax.php\" data-vc-post-id=\"2473\" data-vc-public-nonce=\"27ebb9f546\">\n\t\t\n\t<\/div>\n<\/div><\/div><\/div><\/div><\/div><\/div><\/div><\/div><div class=\"vc_row wpb_row vc_row-fluid tpath-vc-section bg-style tpath-standard bg-shapecolor-tpath-standard\"><div class=\"tpath-row-inner-wrapper\"><div class=\"container\"><div class=\"row\"><div class=\"wpb_column vc_main_column vc_column_container vc_col-sm-12 typo-default\"><div class=\"tpath-column-inner-wrapper vc_column-inner bg-style column-bg-default\"><div class=\"wpb_wrapper\">\n<div class=\"vc_grid-container-wrapper vc_clearfix vc_grid-animation-none\">\n\t<div class=\"vc_grid-container vc_clearfix wpb_content_element vc_media_grid\" data-initial-loading-animation=\"none\" data-vc-grid-settings=\"{&quot;page_id&quot;:2473,&quot;style&quot;:&quot;all&quot;,&quot;action&quot;:&quot;vc_get_vc_grid_data&quot;,&quot;shortcode_id&quot;:&quot;1770357589359-b2c9174e-de72-3&quot;,&quot;tag&quot;:&quot;vc_media_grid&quot;}\" data-vc-request=\"https:\/\/juvenala.ro\/wp-admin\/admin-ajax.php\" data-vc-post-id=\"2473\" data-vc-public-nonce=\"27ebb9f546\">\n\t\t\n\t<\/div>\n<\/div><\/div><\/div><\/div><\/div><\/div><\/div><\/div>\n<\/div>","protected":false},"excerpt":{"rendered":"Casa este un loc minunat. Casa este locul unde locuie\u0219ti \u0219i pe care \u00eel \u00eendr\u0103ge\u0219ti la fel de mult ca pe tine \u00eensu\u021bi, locul unde se afl\u0103 bucuria total\u0103 \u0219i...","protected":false},"author":1,"featured_media":0,"parent":0,"menu_order":0,"comment_status":"closed","ping_status":"closed","template":"","meta":{"footnotes":""},"class_list":["post-2473","page","type-page","status-publish","hentry"],"_links":{"self":[{"href":"https:\/\/juvenala.ro\/de\/wp-json\/wp\/v2\/pages\/2473","targetHints":{"allow":["GET"]}}],"collection":[{"href":"https:\/\/juvenala.ro\/de\/wp-json\/wp\/v2\/pages"}],"about":[{"href":"https:\/\/juvenala.ro\/de\/wp-json\/wp\/v2\/types\/page"}],"author":[{"embeddable":true,"href":"https:\/\/juvenala.ro\/de\/wp-json\/wp\/v2\/users\/1"}],"replies":[{"embeddable":true,"href":"https:\/\/juvenala.ro\/de\/wp-json\/wp\/v2\/comments?post=2473"}],"version-history":[{"count":6,"href":"https:\/\/juvenala.ro\/de\/wp-json\/wp\/v2\/pages\/2473\/revisions"}],"predecessor-version":[{"id":2833,"href":"https:\/\/juvenala.ro\/de\/wp-json\/wp\/v2\/pages\/2473\/revisions\/2833"}],"wp:attachment":[{"href":"https:\/\/juvenala.ro\/de\/wp-json\/wp\/v2\/media?parent=2473"}],"curies":[{"name":"wp","href":"https:\/\/api.w.org\/{rel}","templated":true}]}}