{"id":2293,"date":"2025-08-24T11:43:55","date_gmt":"2025-08-24T08:43:55","guid":{"rendered":"https:\/\/juvenala.ro\/?page_id=2293"},"modified":"2026-02-06T09:19:09","modified_gmt":"2026-02-06T07:19:09","slug":"schimb-de-experienta-romania-norvegia","status":"publish","type":"page","link":"https:\/\/juvenala.ro\/de\/schimb-de-experienta-romania-norvegia\/","title":{"rendered":"Erfahrungsaustausch Rum\u00e4nien - Norwegen"},"content":{"rendered":"<div class=\"wpb-content-wrapper\"><div class=\"vc_row wpb_row vc_row-fluid tpath-vc-section bg-style tpath-standard bg-shapecolor-tpath-standard\"><div class=\"tpath-row-inner-wrapper\"><div class=\"container\"><div class=\"row\"><div class=\"wpb_column vc_main_column vc_column_container vc_col-sm-12 typo-default\"><div class=\"tpath-column-inner-wrapper vc_column-inner bg-style column-bg-default\"><div class=\"wpb_wrapper\">\n\t<div  class=\"wpb_single_image wpb_content_element vc_align_left\">\n\t\t\n\t\t<figure class=\"wpb_wrapper vc_figure\">\n\t\t\t<div class=\"vc_single_image-wrapper   vc_box_border_grey\"><img loading=\"lazy\" decoding=\"async\" width=\"2000\" height=\"1500\" src=\"https:\/\/juvenala.ro\/wp-content\/uploads\/2025\/08\/WhatsApp-Image-2024-04-04-at-11.41.50-AM.jpeg\" class=\"vc_single_image-img attachment-full\" alt=\"\" title=\"WhatsApp-Image-2024-04-04-at-11.41.50-AM\" \/><\/div>\n\t\t<\/figure>\n\t<\/div>\n\n\t<div class=\"wpb_raw_code wpb_content_element wpb_raw_html\" >\n\t\t<div class=\"wpb_wrapper\">\n\t\t\t<p>Die Aktivit\u00e4t zielt darauf ab, das spezifische Fachwissen des norwegischen Partners in die Projektmethodik zu integrieren. So werden in Norwegen und Rum\u00e4nien Arbeitssitzungen organisiert, in denen p\u00e4dagogische Praktiken und Methoden f\u00fcr die Arbeit mit jungen Menschen, die von sozialer Ausgrenzung bedroht sind, vorgestellt werden, sowie Schulungen \u00fcber integrative und partizipative P\u00e4dagogik.<\/p>\n\t\t<\/div>\n\t<\/div>\n<\/div><\/div><\/div><\/div><\/div><\/div><\/div><div class=\"vc_row wpb_row vc_row-fluid tpath-vc-section bg-style tpath-standard bg-shapecolor-tpath-standard\"><div class=\"tpath-row-inner-wrapper\"><div class=\"container\"><div class=\"row\"><div class=\"wpb_column vc_main_column vc_column_container vc_col-sm-12 typo-default\"><div class=\"tpath-column-inner-wrapper vc_column-inner bg-style column-bg-default\"><div class=\"wpb_wrapper\">\n\t<div class=\"wpb_raw_code wpb_content_element wpb_raw_html remove-margins-bottom\" >\n\t\t<div class=\"wpb_wrapper\">\n\t\t\t<h2>Galerie<\/h2>\n\t\t<\/div>\n\t<\/div>\n\n<div class=\"vc_grid-container-wrapper vc_clearfix vc_grid-animation-none\">\n\t<div class=\"vc_grid-container vc_clearfix wpb_content_element vc_media_grid\" data-initial-loading-animation=\"none\" data-vc-grid-settings=\"{&quot;page_id&quot;:2293,&quot;style&quot;:&quot;all&quot;,&quot;action&quot;:&quot;vc_get_vc_grid_data&quot;,&quot;shortcode_id&quot;:&quot;1770362338481-a0f88455-080d-4&quot;,&quot;tag&quot;:&quot;vc_media_grid&quot;}\" data-vc-request=\"https:\/\/juvenala.ro\/wp-admin\/admin-ajax.php\" data-vc-post-id=\"2293\" data-vc-public-nonce=\"27ebb9f546\">\n\t\t\n\t<\/div>\n<\/div><\/div><\/div><\/div><\/div><\/div><\/div><\/div><div class=\"vc_row wpb_row vc_row-fluid tpath-vc-section bg-style tpath-standard bg-shapecolor-tpath-standard\"><div class=\"tpath-row-inner-wrapper\"><div class=\"container\"><div class=\"row\"><div class=\"wpb_column vc_main_column vc_column_container vc_col-sm-12 typo-default\"><div class=\"tpath-column-inner-wrapper vc_column-inner bg-style column-bg-default\"><div class=\"wpb_wrapper\">\n<div class=\"vc_grid-container-wrapper vc_clearfix vc_grid-animation-none\">\n\t<div class=\"vc_grid-container vc_clearfix wpb_content_element vc_media_grid\" data-initial-loading-animation=\"none\" data-vc-grid-settings=\"{&quot;page_id&quot;:2293,&quot;style&quot;:&quot;all&quot;,&quot;action&quot;:&quot;vc_get_vc_grid_data&quot;,&quot;shortcode_id&quot;:&quot;1770362338482-657559fc-c8ec-1&quot;,&quot;tag&quot;:&quot;vc_media_grid&quot;}\" data-vc-request=\"https:\/\/juvenala.ro\/wp-admin\/admin-ajax.php\" data-vc-post-id=\"2293\" data-vc-public-nonce=\"27ebb9f546\">\n\t\t\n\t<\/div>\n<\/div><\/div><\/div><\/div><\/div><\/div><\/div><\/div><div class=\"vc_row wpb_row vc_row-fluid tpath-vc-section bg-style tpath-standard bg-shapecolor-tpath-standard\"><div class=\"tpath-row-inner-wrapper\"><div class=\"container\"><div class=\"row\"><div class=\"wpb_column vc_main_column vc_column_container vc_col-sm-12 typo-default\"><div class=\"tpath-column-inner-wrapper vc_column-inner bg-style column-bg-default\"><div class=\"wpb_wrapper\">\n<div class=\"vc_grid-container-wrapper vc_clearfix vc_grid-animation-none\">\n\t<div class=\"vc_grid-container vc_clearfix wpb_content_element vc_media_grid\" data-initial-loading-animation=\"none\" data-vc-grid-settings=\"{&quot;page_id&quot;:2293,&quot;style&quot;:&quot;all&quot;,&quot;action&quot;:&quot;vc_get_vc_grid_data&quot;,&quot;shortcode_id&quot;:&quot;1770362338482-b7de51e5-62e5-7&quot;,&quot;tag&quot;:&quot;vc_media_grid&quot;}\" data-vc-request=\"https:\/\/juvenala.ro\/wp-admin\/admin-ajax.php\" data-vc-post-id=\"2293\" data-vc-public-nonce=\"27ebb9f546\">\n\t\t\n\t<\/div>\n<\/div><\/div><\/div><\/div><\/div><\/div><\/div><\/div><div class=\"vc_row wpb_row vc_row-fluid tpath-vc-section bg-style tpath-standard bg-shapecolor-tpath-standard\"><div class=\"tpath-row-inner-wrapper\"><div class=\"container\"><div class=\"row\"><div class=\"wpb_column vc_main_column vc_column_container vc_col-sm-12 typo-default\"><div class=\"tpath-column-inner-wrapper vc_column-inner bg-style column-bg-default\"><div class=\"wpb_wrapper\">\n<div class=\"vc_grid-container-wrapper vc_clearfix vc_grid-animation-none\">\n\t<div class=\"vc_grid-container vc_clearfix wpb_content_element vc_media_grid\" data-initial-loading-animation=\"none\" data-vc-grid-settings=\"{&quot;page_id&quot;:2293,&quot;style&quot;:&quot;all&quot;,&quot;action&quot;:&quot;vc_get_vc_grid_data&quot;,&quot;shortcode_id&quot;:&quot;1770362338482-5c5909de-4a96-0&quot;,&quot;tag&quot;:&quot;vc_media_grid&quot;}\" data-vc-request=\"https:\/\/juvenala.ro\/wp-admin\/admin-ajax.php\" data-vc-post-id=\"2293\" data-vc-public-nonce=\"27ebb9f546\">\n\t\t\n\t<\/div>\n<\/div><\/div><\/div><\/div><\/div><\/div><\/div><\/div><div class=\"vc_row wpb_row vc_row-fluid tpath-vc-section bg-style tpath-standard bg-shapecolor-tpath-standard\"><div class=\"tpath-row-inner-wrapper\"><div class=\"container\"><div class=\"row\"><div class=\"wpb_column vc_main_column vc_column_container vc_col-sm-12 typo-default\"><div class=\"tpath-column-inner-wrapper vc_column-inner bg-style column-bg-default\"><div class=\"wpb_wrapper\">\n\t<div class=\"wpb_raw_code wpb_content_element wpb_raw_html\" >\n\t\t<div class=\"wpb_wrapper\">\n\t\t\t<a \n  href=\"https:\/\/www.facebook.com\/AsociatiaJuvenALA\"\n  target=\"_blank\"\n  rel=\"noopener noreferrer\"\n  style=\"    display:inline-block;    padding:14px 28px;    background:#1877f2;    color:#ffffff;    font-size:16px;    font-weight:600;    text-decoration:none;    border-radius:6px;  \"\n>\n  Folgen Sie uns auf Facebook\n<\/a>\n\n\t\t<\/div>\n\t<\/div>\n<\/div><\/div><\/div><\/div><\/div><\/div><\/div><div class=\"vc_row wpb_row vc_row-fluid tpath-vc-section bg-style tpath-standard bg-shapecolor-tpath-standard\"><div class=\"tpath-row-inner-wrapper\"><div class=\"container\"><div class=\"row\"><div class=\"wpb_column vc_main_column vc_column_container vc_col-sm-12 typo-default\"><div class=\"tpath-column-inner-wrapper vc_column-inner bg-style column-bg-default\"><div class=\"wpb_wrapper\"><div class=\"vc_empty_space\"   style=\"height: 32px\"><span class=\"vc_empty_space_inner\"><\/span><\/div><\/div><\/div><\/div><\/div><\/div><\/div><\/div><div class=\"vc_row wpb_row vc_row-fluid tpath-vc-section bg-style tpath-standard bg-shapecolor-tpath-standard\"><div class=\"tpath-row-inner-wrapper\"><div class=\"container\"><div class=\"row\"><div class=\"wpb_column vc_main_column vc_column_container vc_col-sm-12 typo-default\"><div class=\"tpath-column-inner-wrapper vc_column-inner bg-style column-bg-default\"><div class=\"wpb_wrapper\"><div class=\"vc_icon_element vc_icon_element-outer vc_icon_element-align-center\"><div class=\"vc_icon_element-inner vc_icon_element-color-juicy_pink vc_icon_element-size-xl vc_icon_element-style- vc_icon_element-background-color-grey\" ><span class=\"vc_icon_element-icon fab fa-youtube\" ><\/span><a class=\"vc_icon_element-link\" href=\"https:\/\/www.youtube.com\/channel\/UCq1T6Sbdhw4bqLKBlRHyPDQ\"  title=\"Jugend - Youtube\" target=\"_blank\"><\/a><\/div><\/div><\/div><\/div><\/div><\/div><\/div><\/div><\/div><div class=\"vc_row wpb_row vc_row-fluid tpath-vc-section bg-style tpath-standard bg-shapecolor-tpath-standard\"><div class=\"tpath-row-inner-wrapper\"><div class=\"container\"><div class=\"row\"><div class=\"wpb_column vc_main_column vc_column_container vc_col-sm-12 typo-default\"><div class=\"tpath-column-inner-wrapper vc_column-inner bg-style column-bg-default\"><div class=\"wpb_wrapper\">\n\t<div class=\"wpb_text_column wpb_content_element\" >\n\t\t<div class=\"wpb_wrapper\">\n\t\t\t<p style=\"text-align: center;\"><strong>Wir sind auf YouTube!<\/strong><\/p>\n\n\t\t<\/div>\n\t<\/div>\n<\/div><\/div><\/div><\/div><\/div><\/div><\/div>\n<\/div>","protected":false},"excerpt":{"rendered":"Activitatea are ca obiectiv integrarea expertizei specifice a partenerului norvegian \u00een metodologia proiectului. Astfel, se vor organiza sesiuni de lucru \u00een Norvegia \u0219i \u00een Rom\u00e2nia, unde vor fi prezentate practici...","protected":false},"author":1,"featured_media":0,"parent":0,"menu_order":0,"comment_status":"closed","ping_status":"closed","template":"","meta":{"footnotes":""},"class_list":["post-2293","page","type-page","status-publish","hentry"],"_links":{"self":[{"href":"https:\/\/juvenala.ro\/de\/wp-json\/wp\/v2\/pages\/2293","targetHints":{"allow":["GET"]}}],"collection":[{"href":"https:\/\/juvenala.ro\/de\/wp-json\/wp\/v2\/pages"}],"about":[{"href":"https:\/\/juvenala.ro\/de\/wp-json\/wp\/v2\/types\/page"}],"author":[{"embeddable":true,"href":"https:\/\/juvenala.ro\/de\/wp-json\/wp\/v2\/users\/1"}],"replies":[{"embeddable":true,"href":"https:\/\/juvenala.ro\/de\/wp-json\/wp\/v2\/comments?post=2293"}],"version-history":[{"count":13,"href":"https:\/\/juvenala.ro\/de\/wp-json\/wp\/v2\/pages\/2293\/revisions"}],"predecessor-version":[{"id":2790,"href":"https:\/\/juvenala.ro\/de\/wp-json\/wp\/v2\/pages\/2293\/revisions\/2790"}],"wp:attachment":[{"href":"https:\/\/juvenala.ro\/de\/wp-json\/wp\/v2\/media?parent=2293"}],"curies":[{"name":"wp","href":"https:\/\/api.w.org\/{rel}","templated":true}]}}