{"id":2050,"date":"2025-08-14T17:56:20","date_gmt":"2025-08-14T14:56:20","guid":{"rendered":"https:\/\/juvenala.ro\/?page_id=2050"},"modified":"2025-08-14T18:00:04","modified_gmt":"2025-08-14T15:00:04","slug":"termeni-si-conditii","status":"publish","type":"page","link":"https:\/\/juvenala.ro\/de\/termeni-si-conditii\/","title":{"rendered":"Bedingungen und Konditionen"},"content":{"rendered":"<div class=\"wpb-content-wrapper\"><div class=\"vc_row wpb_row vc_row-fluid tpath-vc-section bg-style tpath-standard bg-shapecolor-tpath-standard\"><div class=\"tpath-row-inner-wrapper\"><div class=\"container\"><div class=\"row\"><div class=\"wpb_column vc_main_column vc_column_container vc_col-sm-12 typo-default\"><div class=\"tpath-column-inner-wrapper vc_column-inner bg-style column-bg-default\"><div class=\"wpb_wrapper\">\n\t<div class=\"wpb_raw_code wpb_content_element wpb_raw_html\" >\n\t\t<div class=\"wpb_wrapper\">\n\t\t\t<div class=\"terms\">\n  <h1>Bedingungen und Konditionen<\/h1>\n  <p><em>Letzte Aktualisierung: 14. August 2025<\/em><\/p>\n\n  <h2>1. Allgemeine Informationen<\/h2>\n  <p>\n    Diese Website wird verwaltet von <strong>Juvenala Verein<\/strong>mit eingetragenem Sitz in\n    Str. Vasile Conta nr. 4 \/ O8 \/ 18, Piatra Neam\u021b, jud. Neam\u021b, Rum\u00e4nien,\n    Steuernummer 29432740.\n    Mit dem Zugriff auf diese Website und ihrer Nutzung erkl\u00e4ren Sie sich mit den nachstehenden Bedingungen einverstanden.\n  <\/p>\n\n  <h2>2. Zweck der Website<\/h2>\n  <p>\n    Die Website dient zu Informationszwecken und stellt die Aktivit\u00e4ten und Projekte des Vereins Juvenala vor.\n    Es werden keine Produkte oder Dienstleistungen \u00fcber diese Website verkauft.\n  <\/p>\n\n  <h2>3. Kontakt-Formular<\/h2>\n  <p>\n    Durch Ausf\u00fcllen des Kontaktformulars \u00fcbermitteln die Nutzer <strong>Name<\/strong> und <strong>E-Mail Adresse<\/strong>.\n    Diese Daten werden ausschlie\u00dflich zur Beantwortung Ihrer Anfragen verwendet und nicht ohne Ihre Zustimmung an Dritte weitergegeben.\n  <\/p>\n\n  <h2>4. Urheberrecht<\/h2>\n  <p>\n    Der Inhalt der Website (Texte, Bilder, Videos) ist Eigentum des Vereins Juvenala\n    und d\u00fcrfen ohne schriftliche Zustimmung der Organisation nicht kopiert, ver\u00e4ndert oder verbreitet werden.\n  <\/p>\n\n  <h2>5. Begrenzung der Haftung<\/h2>\n  <p>\n    Der Verein Juvenala ist bestrebt, die Informationen auf der Website korrekt und aktuell zu halten,\n    \u00fcbernimmt jedoch keine Garantie f\u00fcr deren Richtigkeit und Vollst\u00e4ndigkeit.\n    Wir \u00fcbernehmen keine Haftung f\u00fcr etwaige Fehler oder Auslassungen.\n  <\/p>\n\n  <h2>6. Schutz der Daten<\/h2>\n  <p>\n    Die Verarbeitung der \u00fcber das Kontaktformular \u00fcbermittelten personenbezogenen Daten erfolgt in \u00dcbereinstimmung mit\n    geltendem Recht und <a href=\"https:\/\/juvenala.ro\/de\/politica-de-confidentialitate\/\">Datenschutzbestimmungen<\/a> der Vereinigung Juvenala.\n  <\/p>\n\n  <h2>7. \u00c4nderungen der Bedingungen<\/h2>\n  <p>\n    Der Verein Juvenala beh\u00e4lt sich das Recht vor, diese Bedingungen ohne vorherige Ank\u00fcndigung zu \u00e4ndern.\n    Wir empfehlen Ihnen, diese Seite regelm\u00e4\u00dfig zu \u00fcberpr\u00fcfen.\n  <\/p>\n<\/div>\n\n\t\t<\/div>\n\t<\/div>\n<div class=\"vc_empty_space\"   style=\"height: 20px\"><span class=\"vc_empty_space_inner\"><\/span><\/div><\/div><\/div><\/div><\/div><\/div><\/div><\/div>\n<\/div>","protected":false},"excerpt":{"rendered":"Termeni \u0219i condi\u021bii de utilizare Ultima actualizare: 14 august 2025 1. Informa\u021bii generale Acest site este administrat de Asocia\u021bia Juvenala, cu sediul \u00een Str. Vasile Conta nr. 4 \/ O8...","protected":false},"author":1,"featured_media":0,"parent":0,"menu_order":0,"comment_status":"closed","ping_status":"closed","template":"","meta":{"footnotes":""},"class_list":["post-2050","page","type-page","status-publish","hentry"],"_links":{"self":[{"href":"https:\/\/juvenala.ro\/de\/wp-json\/wp\/v2\/pages\/2050","targetHints":{"allow":["GET"]}}],"collection":[{"href":"https:\/\/juvenala.ro\/de\/wp-json\/wp\/v2\/pages"}],"about":[{"href":"https:\/\/juvenala.ro\/de\/wp-json\/wp\/v2\/types\/page"}],"author":[{"embeddable":true,"href":"https:\/\/juvenala.ro\/de\/wp-json\/wp\/v2\/users\/1"}],"replies":[{"embeddable":true,"href":"https:\/\/juvenala.ro\/de\/wp-json\/wp\/v2\/comments?post=2050"}],"version-history":[{"count":2,"href":"https:\/\/juvenala.ro\/de\/wp-json\/wp\/v2\/pages\/2050\/revisions"}],"predecessor-version":[{"id":2052,"href":"https:\/\/juvenala.ro\/de\/wp-json\/wp\/v2\/pages\/2050\/revisions\/2052"}],"wp:attachment":[{"href":"https:\/\/juvenala.ro\/de\/wp-json\/wp\/v2\/media?parent=2050"}],"curies":[{"name":"wp","href":"https:\/\/api.w.org\/{rel}","templated":true}]}}