{"id":1772,"date":"2019-03-13T18:46:11","date_gmt":"2019-03-13T16:46:11","guid":{"rendered":"https:\/\/juvenala.ro\/?page_id=1772"},"modified":"2019-04-17T16:43:53","modified_gmt":"2019-04-17T13:43:53","slug":"tabara-riedenburg-germania","status":"publish","type":"page","link":"https:\/\/juvenala.ro\/de\/tabara-riedenburg-germania\/","title":{"rendered":"Camp Riedenburg - Deutschland"},"content":{"rendered":"<p><strong>CAMP IN DEUTSCHLAND<\/strong><\/p>\n<p><strong>RIEDENBURG 2019<\/strong><\/p>\n<p><strong>\u00a0<\/strong><\/p>\n<p><strong>STANDORT: RIEDENBURG \/ DEUTSCHLAND<\/strong><\/p>\n<p><strong>PERIOD: 19. August <\/strong><strong>- 31. August<\/strong><strong> (13 Tage)<\/strong><\/p>\n<p><strong>Anzahl der Pl\u00e4tze: 45<\/strong><\/p>\n<p><strong>Kosten: 950 - Euro\/Person<\/strong>\u00a0(einschlie\u00dflich Bustransport zu und von den Sehensw\u00fcrdigkeiten, Unterkunft mit<\/p>\n<p>Vollpension, Unterrichtsmaterial und Eintrittsgelder<\/p>\n<p>in allen zu besuchenden Sehensw\u00fcrdigkeiten)<\/p>\n<p><strong>\u00a0<\/strong><\/p>\n<p><strong>Bewerbungsfrist: 30. Mai 2019<\/strong><\/p>\n<p><strong>Zahlungsfrist: 10. Juli 2019<\/strong><\/p>\n<p>&nbsp;<\/p>\n<p><strong><em>Aktivit\u00e4ten:<\/em><\/strong><\/p>\n<p><strong>ENTSPANNEND<\/strong> - Entspannung, Wissen und Entwicklung<\/p>\n<ul>\n<li>Aktivit\u00e4ten zur Pers\u00f6nlichkeitsentwicklung, Verbesserung der Kommunikationsf\u00e4higkeiten und -fertigkeiten.<\/li>\n<li>Lagerfeuer mit Marshmallows, W\u00fcrstchen, vielen Liedern, Geschichten und Spielen;<\/li>\n<li>Einkaufen im Ingolstadt Village und in Regensburg - leckere Verkostungen in der Pralinenfabrik.<\/li>\n<\/ul>\n<p><strong>OUTDOOR <\/strong>- Lernen und Orientierung in der Natur<\/p>\n<ul>\n<li>Erlebnisp\u00e4dagogik: Erfahrungen in der Natur zur Selbsterfahrung, Sozialisierung, Entwicklung der emotionalen Intelligenz, Reflexion und F\u00fchrungsentwicklung;<\/li>\n<li>Klettern im Wald mit h\u00e4ngenden Seilen in Sankt Englmar (7 Routen von ca. 2.000 m)<\/li>\n<li>Orientierung auf unbekannten Strecken mit Karte und Kompass, Erarbeitung in Arbeitsgruppen;<\/li>\n<\/ul>\n<p><strong>UNFORGETTABLE<\/strong> - neue Erfahrungen<\/p>\n<ul>\n<li>Besuchen Sie den M\u00fcnchner Zoo (mit 40 Hektar der zweitgr\u00f6\u00dfte in Europa);<\/li>\n<li>Besuchen Sie das Audi Automuseum in Ingolstadt;<\/li>\n<li>Besichtigung des Klosters Barock Weltenburg - der \u00e4ltesten M\u00f6nchsbrauerei der Welt (Anno 1050)<\/li>\n<li>Besuch der Raubvogelburg Rosenburg (Anno 1196) - Angriffsvorf\u00fchrungen<\/li>\n<li>Besuch des gotischen Doms Regensburg - Dom St. Peter (Anno 739)<\/li>\n<li>Besuch des Residenzschlosses des bayerischen K\u00f6nigs Maximilian in M\u00fcnchen<\/li>\n<li>Besuch der Burg Prunn<\/li>\n<li>Besuch der Residenz Kaiser Friedrichs II. (Anno 1245) mit den Folterkammern<\/li>\n<li>Schifffahrt auf der Donau<\/li>\n<li>Konversation und Deutschunterricht f\u00fcr Anf\u00e4nger und Fortgeschrittene - 20 Stunden Deutschunterricht in den Klassenr\u00e4umen des Camps;<\/li>\n<li>Karneval - Fest der Kost\u00fcme und Spiele.<\/li>\n<\/ul>\n<p>&nbsp;<\/p>\n<p><strong>ABENTEUER<\/strong> - in Vergn\u00fcgungsparks<\/p>\n<ul>\n<li>Indoor-Parcour-Kurse - spezifische \u00dcbungen und Bewegungen in der Turnhalle;<\/li>\n<li>Rodelbahn Sankt Englmar Bob &amp; Coaster - 2 km von Tobogane ;<\/li>\n<li>Therme Erding - das gr\u00f6\u00dfte SPA der Welt - 27 Wasserrutschen (2,7 km), Crazy River, Wellenbad, 30 Themensaunen<\/li>\n<li>Bayern Park - Wildwasserbahn, Wildwasser Rafting, \"The Whitewateride\", Twinbob Tobogan, Indoor Mountaineering und viele weitere Erlebnisse f\u00fcr Junggebliebene...<\/li>\n<li>HIP HOP-Tanzkurs mit einem der Choreographen von Justin Timberlake<\/li>\n<\/ul>\n<p><a href=\"https:\/\/juvenala.ro\/wp-content\/uploads\/2019\/04\/Formular-de-\u00eenscriere-Germania.pdf\">Bewerbungsformular-Deutschland<\/a><\/p>\n<p><strong>Wissen und Abenteuer warten auf Sie!!! <\/strong><\/p>\n<p>Kontakt: Telefon : <strong>0741030071, 0725311006<\/strong><\/p>\n<p>E-Mail: <strong><a href=\"mailto:office@juvenala.ro\">office@juvenala.ro<\/a><\/strong><\/p>\n<p>Website<strong>\u00a0: https:\/\/juvenala.ro<\/strong><\/p>\n<p>Die Anzahl der Pl\u00e4tze im Camp ist begrenzt. ( <strong>maximal 45<\/strong>)<\/p>\n<p>Organisator : ROUA Camps \/ Jugendbildungswerk<\/p>","protected":false},"excerpt":{"rendered":"<p>TABARA IN GERMANIA RIEDENBURG 2019 \u00a0 LOCATIA: \u00a0 \u00a0 \u00a0 \u00a0 \u00a0 \u00a0 \u00a0 \u00a0 \u00a0 RIEDENBURG \/ GERMANIA PERIOADA: \u00a0 \u00a0 \u00a0 \u00a0 \u00a0 \u00a0 \u00a0 19 august \u2013&#8230;<\/p>","protected":false},"author":1,"featured_media":0,"parent":0,"menu_order":0,"comment_status":"closed","ping_status":"closed","template":"","meta":{"footnotes":""},"class_list":["post-1772","page","type-page","status-publish","hentry"],"_links":{"self":[{"href":"https:\/\/juvenala.ro\/de\/wp-json\/wp\/v2\/pages\/1772","targetHints":{"allow":["GET"]}}],"collection":[{"href":"https:\/\/juvenala.ro\/de\/wp-json\/wp\/v2\/pages"}],"about":[{"href":"https:\/\/juvenala.ro\/de\/wp-json\/wp\/v2\/types\/page"}],"author":[{"embeddable":true,"href":"https:\/\/juvenala.ro\/de\/wp-json\/wp\/v2\/users\/1"}],"replies":[{"embeddable":true,"href":"https:\/\/juvenala.ro\/de\/wp-json\/wp\/v2\/comments?post=1772"}],"version-history":[{"count":4,"href":"https:\/\/juvenala.ro\/de\/wp-json\/wp\/v2\/pages\/1772\/revisions"}],"predecessor-version":[{"id":1819,"href":"https:\/\/juvenala.ro\/de\/wp-json\/wp\/v2\/pages\/1772\/revisions\/1819"}],"wp:attachment":[{"href":"https:\/\/juvenala.ro\/de\/wp-json\/wp\/v2\/media?parent=1772"}],"curies":[{"name":"wp","href":"https:\/\/api.w.org\/{rel}","templated":true}]}}