{"id":1660,"date":"2018-11-22T09:19:50","date_gmt":"2018-11-22T09:19:50","guid":{"rendered":"https:\/\/juvenala.ro\/?page_id=1660"},"modified":"2018-11-22T12:37:19","modified_gmt":"2018-11-22T12:37:19","slug":"city-break-tokyo-japonia","status":"publish","type":"page","link":"https:\/\/juvenala.ro\/de\/city-break-tokyo-japonia\/","title":{"rendered":"St\u00e4dtereise TOKYO - Japan"},"content":{"rendered":"<p>STANDORT: TOKIO - JAPAN<\/p>\n<p>ZEITRAUM: 20. Juni 2019 - 30. Juni 2019 (10 Tage)<\/p>\n<p>Alter der Teilnehmer: 14 - 18 Jahre alt<\/p>\n<p>Anzahl der Pl\u00e4tze: 20<\/p>\n<p>Kosten: 1850,- Euro\/Person (inkl. Flug (Flug mit Zwischenstopp) Bukarest-Tokio hin und zur\u00fcck, Unterkunft mit Vollpension im Zentrum der Metropole, Eintrittsgelder zu den Sehensw\u00fcrdigkeiten)<\/p>\n<p>BEWERBUNGSFRIST: 10. Februar 2019<\/p>\n<p>F\u00e4lligkeit der vollst\u00e4ndigen Zahlung: 30. Mai 2019<\/p>\n<p>Nicht im Preis inbegriffen: Transport zum und vom Flughafen Otopeni Bukarest<\/p>\n<p>AKTIVIT\u00c4TEN<br \/>\nRELAXING - Entspannung, Wissen und Entwicklung:<br \/>\n- Aktivit\u00e4ten zur Pers\u00f6nlichkeitsentwicklung, Verbesserung der Kommunikationsf\u00e4higkeiten und -fertigkeiten in Englisch<br \/>\n- Besuch des Meiji-Tempels<br \/>\n- Besuch des Tokyo Tower - das Symbol der Metropole (bekannt aus den Filmen Godzilla, Sailor Moon)<br \/>\nOUTDOOR - Lernen und Orientierungslauf:<br \/>\n- Orientierung in einer Metropole mit 11 Millionen Einwohnern<br \/>\n- Besuch der Tsukiji Oceanic Fish Exchange (der gr\u00f6\u00dfte Fischmarkt der Welt)<br \/>\nUNFORGETTABLE - durch einzigartige Erlebnisse:<br \/>\n- Austausch mit Sch\u00fclern und Lehrern an einer der ber\u00fchmtesten traditionellen Oberschulen in Tokio<br \/>\n- Besuchen Sie das Nationalmuseum (das \u00e4lteste japanische Museum);<br \/>\n- Besuchen Sie den EDO-Kaiserpalast und die Kaiserlichen G\u00e4rten;<br \/>\n- Verbesserung der englischen Sprache (es ist ratsam, dass jeder Teilnehmer \u00fcber ein hohes Ma\u00df an Englischkenntnissen verf\u00fcgt, um mit japanischen Studenten kommunizieren zu k\u00f6nnen)<br \/>\nADVENTURE - in Gro\u00dfstadtvierteln:<br \/>\n- Besuch des Shibuya-Viertels (das gr\u00f6\u00dfte Gesch\u00e4ftsviertel der Stadt, wo wir unter anderem die Statue des treuen Hundes Hachiko bewundern werden)<br \/>\n- Besuchen Sie das \"elektrische\" Viertel Akihabara;<br \/>\n- Besuchen Sie das Kinza-Viertel (das luxuri\u00f6seste Einkaufsviertel der Welt)<\/p>\n<p>Kontakt: Telefon: 0741030071, 0725311006, 0725311006<br \/>\nE-Mail: office@juvenala.ro<br \/>\nDie Pl\u00e4tze sind begrenzt.<br \/>\nOrganisator : ROUA Camps Deutschland und Juvenala e.V.<\/p>\n<p><a href=\"https:\/\/juvenala.ro\/wp-content\/uploads\/2018\/11\/Formular-de-\u00eenscriere-City-Break-\u00een-Tokyo.pdf\" target=\"_blank\" style=\"color: blue;\">Bewerbungsformular<\/a><\/p>","protected":false},"excerpt":{"rendered":"<p>LOCATIA: TOKYO \u2013 JAPONIA PERIOADA: 20 iunie 2019 \u2013 30 iunie 2019 (10 zile) V\u00e2rsta participan\u021bi: 14 &#8211; 18 ani Nr. locuri: 20 Costuri: 1850,- Euro\/Persoana (include transport cu avionul&#8230;<\/p>","protected":false},"author":1,"featured_media":0,"parent":0,"menu_order":0,"comment_status":"closed","ping_status":"closed","template":"","meta":{"footnotes":""},"class_list":["post-1660","page","type-page","status-publish","hentry"],"_links":{"self":[{"href":"https:\/\/juvenala.ro\/de\/wp-json\/wp\/v2\/pages\/1660","targetHints":{"allow":["GET"]}}],"collection":[{"href":"https:\/\/juvenala.ro\/de\/wp-json\/wp\/v2\/pages"}],"about":[{"href":"https:\/\/juvenala.ro\/de\/wp-json\/wp\/v2\/types\/page"}],"author":[{"embeddable":true,"href":"https:\/\/juvenala.ro\/de\/wp-json\/wp\/v2\/users\/1"}],"replies":[{"embeddable":true,"href":"https:\/\/juvenala.ro\/de\/wp-json\/wp\/v2\/comments?post=1660"}],"version-history":[{"count":3,"href":"https:\/\/juvenala.ro\/de\/wp-json\/wp\/v2\/pages\/1660\/revisions"}],"predecessor-version":[{"id":1666,"href":"https:\/\/juvenala.ro\/de\/wp-json\/wp\/v2\/pages\/1660\/revisions\/1666"}],"wp:attachment":[{"href":"https:\/\/juvenala.ro\/de\/wp-json\/wp\/v2\/media?parent=1660"}],"curies":[{"name":"wp","href":"https:\/\/api.w.org\/{rel}","templated":true}]}}