{"id":1485,"date":"2018-03-09T13:54:26","date_gmt":"2018-03-09T13:54:26","guid":{"rendered":"https:\/\/juvenala.ro\/?page_id=1485"},"modified":"2018-03-09T14:04:23","modified_gmt":"2018-03-09T14:04:23","slug":"povestea-juvenala","status":"publish","type":"page","link":"https:\/\/juvenala.ro\/de\/povestea-juvenala\/","title":{"rendered":"Juvenala Geschichte"},"content":{"rendered":"<div class=\"wpb-content-wrapper\"><div class=\"vc_row wpb_row vc_row-fluid tpath-vc-section bg-style tpath-standard bg-shapecolor-tpath-standard\"><div class=\"tpath-row-inner-wrapper\"><div class=\"container\"><div class=\"row\"><div class=\"wpb_column vc_main_column vc_column_container vc_col-sm-12 typo-default\"><div class=\"tpath-column-inner-wrapper vc_column-inner bg-style column-bg-default\"><div class=\"wpb_wrapper\">\n\t<div class=\"wpb_raw_code wpb_content_element wpb_raw_html\" >\n\t\t<div class=\"wpb_wrapper\">\n\t\t\t<p>Bedeutung des Namens <strong><span style=\"color: #237ebd;\">Juvenala<\/span><\/strong> kommt aus dem Lateinischen und bedeutet <strong>\"Junge Fl\u00fcgel\"<\/strong>.<\/p>\n\n<p>Geschichte <span style=\"color: #237ebd\"><strong>Juvenala<\/strong><\/span> entstand in den bayerischen Alpen, als ich Jugendliche mit Verhaltensauff\u00e4lligkeiten oder psychischen St\u00f6rungen betreute. Gemeinsam mit ihnen waren wir lange Zeit auf Bergk\u00e4mmen unterwegs, radelten durch W\u00e4lder, ruderten im Kanadier auf deutschen Fl\u00fcssen oder suchten im Heck eines Katamarans nach S\u00fcdwinden, und oft gelang es uns, ihnen zu helfen, auf den mittleren Weg der Normalit\u00e4t zur\u00fcckzufinden. Gleichzeitig organisierten und beteiligten wir uns an sozialen und freiwilligen Aktivit\u00e4ten in D\u00f6rfern in Marokko und Spanien, an Umweltaktivit\u00e4ten in den Bergen des Bayerischen Waldes, an den Ufern der Donau oder deutscher Fl\u00fcsse.<\/p>\n\t\t<\/div>\n\t<\/div>\n<\/div><\/div><\/div><\/div><\/div><\/div><\/div><div class=\"vc_row wpb_row vc_row-fluid tpath-vc-section bg-style tpath-standard bg-shapecolor-tpath-standard wpb_animate_when_almost_visible wpb_appear appear\"><div class=\"tpath-row-inner-wrapper\"><div class=\"container\"><div class=\"row\"><div class=\"wpb_column vc_main_column vc_column_container vc_col-sm-12 typo-default\"><div class=\"tpath-column-inner-wrapper vc_column-inner bg-style column-bg-default\"><div class=\"wpb_wrapper\">\n\t<div class=\"wpb_raw_code wpb_content_element wpb_raw_html\" >\n\t\t<div class=\"wpb_wrapper\">\n\t\t\t<p>Alle meine Erfahrungen als Therapeutin haben mir die Natur n\u00e4her gebracht und eine Bewunderung f\u00fcr den deutschen Staat hervorgerufen, der viel in die Erziehung von Heranwachsenden in Kinder- und Jugendheimen, Justizvollzugsanstalten oder jugendpsychiatrischen Kliniken f\u00fcr junge Menschen mit kognitiven St\u00f6rungen oder psychischen und Verhaltensauff\u00e4lligkeiten investiert.<\/p>\n\t\t<\/div>\n\t<\/div>\n<\/div><\/div><\/div><\/div><\/div><\/div><\/div><div class=\"vc_row wpb_row vc_row-fluid tpath-vc-section bg-style tpath-standard bg-shapecolor-tpath-standard wpb_animate_when_almost_visible wpb_appear appear\"><div class=\"tpath-row-inner-wrapper\"><div class=\"container\"><div class=\"row\"><div class=\"wpb_column vc_main_column vc_column_container vc_col-sm-12 typo-default\"><div class=\"tpath-column-inner-wrapper vc_column-inner bg-style column-bg-default\"><div class=\"wpb_wrapper\">\n\t<div class=\"wpb_raw_code wpb_content_element wpb_raw_html\" >\n\t\t<div class=\"wpb_wrapper\">\n\t\t\t<p>Ich fragte mich: \"Wenn die Deutschen au\u00dfergew\u00f6hnliche Bildungsbedingungen f\u00fcr junge Menschen schaffen, die die Ruhe der Gesellschaft von morgen bedrohen, was ist dann mit denjenigen, die gut lernen und selbst gerne in der Natur aktiv sind?\"<\/p>\n\t\t<\/div>\n\t<\/div>\n<\/div><\/div><\/div><\/div><\/div><\/div><\/div><div class=\"vc_row wpb_row vc_row-fluid tpath-vc-section bg-style tpath-standard bg-shapecolor-tpath-standard\"><div class=\"tpath-row-inner-wrapper\"><div class=\"container\"><div class=\"row\"><div class=\"wpb_column vc_main_column vc_column_container vc_col-sm-12 typo-default\"><div class=\"tpath-column-inner-wrapper vc_column-inner bg-style column-bg-default\"><div class=\"wpb_wrapper\">\n\t<div class=\"wpb_raw_code wpb_content_element wpb_raw_html\" >\n\t\t<div class=\"wpb_wrapper\">\n\t\t\t<p>Rum\u00e4nische Olympioniken in Mathematik, Physik und anderen F\u00e4chern bringen wertvolle Medaillen aus der ganzen Welt mit nach Hause, aber der rum\u00e4nische Staat honoriert diese Erfolge nicht. Daher die Initiative, diese rum\u00e4nischen Sch\u00fcler in die bayerischen Alpen einzuladen, um ihre emotionalen und sozialen F\u00e4higkeiten zu entwickeln. <\/p>\n\t\t<\/div>\n\t<\/div>\n<\/div><\/div><\/div><\/div><\/div><\/div><\/div><div class=\"vc_row wpb_row vc_row-fluid tpath-vc-section bg-style tpath-standard bg-shapecolor-tpath-standard\"><div class=\"tpath-row-inner-wrapper\"><div class=\"container\"><div class=\"row\"><div class=\"wpb_column vc_main_column vc_column_container vc_col-sm-12 typo-default\"><div class=\"tpath-column-inner-wrapper vc_column-inner bg-style column-bg-default\"><div class=\"wpb_wrapper\">\n\t<div class=\"wpb_raw_code wpb_content_element wpb_raw_html\" >\n\t\t<div class=\"wpb_wrapper\">\n\t\t\t<p>Nach mehreren in Deutschland organisierten Camps fragten die Eltern, wann wir die Aktivit\u00e4ten im Ausland und hier in Rum\u00e4nien entwickeln k\u00f6nnen. Die M\u00f6glichkeit, durch die sich jeder Mensch emotional und sozial weiterentwickeln kann, ist die Aktivit\u00e4t des k\u00f6rperlichen und geistigen Wachstums, der zwischen- und innerpers\u00f6nlichen Kenntnisse: FREIWILLIGES ENGAGEMENT!<\/p>\n\t\t<\/div>\n\t<\/div>\n<\/div><\/div><\/div><\/div><\/div><\/div><\/div><div class=\"vc_row wpb_row vc_row-fluid tpath-vc-section bg-style tpath-standard bg-shapecolor-tpath-standard wpb_animate_when_almost_visible wpb_appear appear\"><div class=\"tpath-row-inner-wrapper\"><div class=\"container\"><div class=\"row\"><div class=\"wpb_column vc_main_column vc_column_container vc_col-sm-12 typo-default\"><div class=\"tpath-column-inner-wrapper vc_column-inner bg-style column-bg-default\"><div class=\"wpb_wrapper\">\n\t<div class=\"wpb_raw_code wpb_content_element wpb_raw_html\" >\n\t\t<div class=\"wpb_wrapper\">\n\t\t\t<p>Verein <span style=\"color: #237ebd\"><strong>Juvenala Bildung<\/strong><\/span> zielt darauf ab, das in 26 Jahren T\u00e4tigkeit in Deutschland erworbene Wissen an die aktuellen lokalen und nationalen rum\u00e4nischen Bed\u00fcrfnisse anzupassen. <\/p>\n\t\t<\/div>\n\t<\/div>\n<\/div><\/div><\/div><\/div><\/div><\/div><\/div><div class=\"vc_row wpb_row vc_row-fluid tpath-vc-section bg-style tpath-standard bg-shapecolor-tpath-standard\"><div class=\"tpath-row-inner-wrapper\"><div class=\"container\"><div class=\"row\"><div class=\"wpb_column vc_main_column vc_column_container vc_col-sm-12 typo-default\"><div class=\"tpath-column-inner-wrapper vc_column-inner bg-style column-bg-default\"><div class=\"wpb_wrapper\"><div class=\"wpb_images_carousel wpb_content_element vc_clearfix\"><div class=\"wpb_wrapper\"><div id=\"vc_images-carousel-1-1778248709\" data-ride=\"vc_carousel\" data-wrap=\"true\" style=\"width: 100%;\" data-interval=\"2000\" data-auto-height=\"yes\" data-mode=\"horizontal\" data-partial=\"false\" data-per-view=\"6\" data-hide-on-end=\"false\" class=\"vc_slide vc_images_carousel\"><ol class=\"vc_carousel-indicators\"><li data-target=\"#vc_images-carousel-1-1778248709\" data-slide-to=\"0\"><\/li><li data-target=\"#vc_images-carousel-1-1778248709\" data-slide-to=\"1\"><\/li><li data-target=\"#vc_images-carousel-1-1778248709\" data-slide-to=\"2\"><\/li><li data-target=\"#vc_images-carousel-1-1778248709\" data-slide-to=\"3\"><\/li><li data-target=\"#vc_images-carousel-1-1778248709\" data-slide-to=\"4\"><\/li><li data-target=\"#vc_images-carousel-1-1778248709\" data-slide-to=\"5\"><\/li><\/ol><div class=\"vc_carousel-inner\"><div class=\"vc_carousel-slideline\"><div class=\"vc_carousel-slideline-inner\"><div class=\"vc_item\"><div class=\"vc_inner\"><a class=\"\" href=\"https:\/\/juvenala.ro\/wp-content\/uploads\/2018\/03\/juvenala1.jpg\" data-lightbox=\"lightbox[rel-1485-718152717]\"><img loading=\"lazy\" decoding=\"async\" width=\"800\" height=\"524\" src=\"https:\/\/juvenala.ro\/wp-content\/uploads\/2018\/03\/juvenala1.jpg\" class=\"attachment-full\" alt=\"\" title=\"juvenala1\" srcset=\"https:\/\/juvenala.ro\/wp-content\/uploads\/2018\/03\/juvenala1.jpg 800w, https:\/\/juvenala.ro\/wp-content\/uploads\/2018\/03\/juvenala1-300x197.jpg 300w, https:\/\/juvenala.ro\/wp-content\/uploads\/2018\/03\/juvenala1-768x503.jpg 768w\" sizes=\"auto, (max-width: 800px) 100vw, 800px\" \/><\/a><\/div><\/div><div class=\"vc_item\"><div class=\"vc_inner\"><a class=\"\" href=\"https:\/\/juvenala.ro\/wp-content\/uploads\/2018\/03\/juvenala2.jpg\" data-lightbox=\"lightbox[rel-1485-718152717]\"><img loading=\"lazy\" decoding=\"async\" width=\"800\" height=\"525\" src=\"https:\/\/juvenala.ro\/wp-content\/uploads\/2018\/03\/juvenala2.jpg\" class=\"attachment-full\" alt=\"\" title=\"juvenala2\" srcset=\"https:\/\/juvenala.ro\/wp-content\/uploads\/2018\/03\/juvenala2.jpg 800w, https:\/\/juvenala.ro\/wp-content\/uploads\/2018\/03\/juvenala2-300x197.jpg 300w, https:\/\/juvenala.ro\/wp-content\/uploads\/2018\/03\/juvenala2-768x504.jpg 768w\" sizes=\"auto, (max-width: 800px) 100vw, 800px\" \/><\/a><\/div><\/div><div class=\"vc_item\"><div class=\"vc_inner\"><a class=\"\" href=\"https:\/\/juvenala.ro\/wp-content\/uploads\/2018\/03\/juvenala3.jpg\" data-lightbox=\"lightbox[rel-1485-718152717]\"><img loading=\"lazy\" decoding=\"async\" width=\"800\" height=\"525\" src=\"https:\/\/juvenala.ro\/wp-content\/uploads\/2018\/03\/juvenala3.jpg\" class=\"attachment-full\" alt=\"\" title=\"juvenala3\" srcset=\"https:\/\/juvenala.ro\/wp-content\/uploads\/2018\/03\/juvenala3.jpg 800w, https:\/\/juvenala.ro\/wp-content\/uploads\/2018\/03\/juvenala3-300x197.jpg 300w, https:\/\/juvenala.ro\/wp-content\/uploads\/2018\/03\/juvenala3-768x504.jpg 768w\" sizes=\"auto, (max-width: 800px) 100vw, 800px\" \/><\/a><\/div><\/div><div class=\"vc_item\"><div class=\"vc_inner\"><a class=\"\" href=\"https:\/\/juvenala.ro\/wp-content\/uploads\/2018\/03\/juvenala4.jpg\" data-lightbox=\"lightbox[rel-1485-718152717]\"><img loading=\"lazy\" decoding=\"async\" width=\"800\" height=\"526\" src=\"https:\/\/juvenala.ro\/wp-content\/uploads\/2018\/03\/juvenala4.jpg\" class=\"attachment-full\" alt=\"\" title=\"juvenala4\" srcset=\"https:\/\/juvenala.ro\/wp-content\/uploads\/2018\/03\/juvenala4.jpg 800w, https:\/\/juvenala.ro\/wp-content\/uploads\/2018\/03\/juvenala4-300x197.jpg 300w, https:\/\/juvenala.ro\/wp-content\/uploads\/2018\/03\/juvenala4-768x505.jpg 768w\" sizes=\"auto, (max-width: 800px) 100vw, 800px\" \/><\/a><\/div><\/div><div class=\"vc_item\"><div class=\"vc_inner\"><a class=\"\" href=\"https:\/\/juvenala.ro\/wp-content\/uploads\/2018\/03\/juvenala5.jpg\" data-lightbox=\"lightbox[rel-1485-718152717]\"><img loading=\"lazy\" decoding=\"async\" width=\"800\" height=\"526\" src=\"https:\/\/juvenala.ro\/wp-content\/uploads\/2018\/03\/juvenala5.jpg\" class=\"attachment-full\" alt=\"\" title=\"juvenala5\" srcset=\"https:\/\/juvenala.ro\/wp-content\/uploads\/2018\/03\/juvenala5.jpg 800w, https:\/\/juvenala.ro\/wp-content\/uploads\/2018\/03\/juvenala5-300x197.jpg 300w, https:\/\/juvenala.ro\/wp-content\/uploads\/2018\/03\/juvenala5-768x505.jpg 768w\" sizes=\"auto, (max-width: 800px) 100vw, 800px\" \/><\/a><\/div><\/div><div class=\"vc_item\"><div class=\"vc_inner\"><a class=\"\" href=\"https:\/\/juvenala.ro\/wp-content\/uploads\/2018\/03\/juvenala6.jpg\" data-lightbox=\"lightbox[rel-1485-718152717]\"><img loading=\"lazy\" decoding=\"async\" width=\"800\" height=\"526\" src=\"https:\/\/juvenala.ro\/wp-content\/uploads\/2018\/03\/juvenala6.jpg\" class=\"attachment-full\" alt=\"\" title=\"juvenala6\" srcset=\"https:\/\/juvenala.ro\/wp-content\/uploads\/2018\/03\/juvenala6.jpg 800w, https:\/\/juvenala.ro\/wp-content\/uploads\/2018\/03\/juvenala6-300x197.jpg 300w, https:\/\/juvenala.ro\/wp-content\/uploads\/2018\/03\/juvenala6-768x505.jpg 768w\" sizes=\"auto, (max-width: 800px) 100vw, 800px\" \/><\/a><\/div><\/div><\/div><\/div><\/div><\/div><\/div><\/div><\/div><\/div><\/div><\/div><\/div><\/div><\/div><div class=\"vc_row wpb_row vc_row-fluid tpath-vc-section bg-style tpath-standard bg-shapecolor-tpath-standard wpb_animate_when_almost_visible wpb_appear appear\"><div class=\"tpath-row-inner-wrapper\"><div class=\"container\"><div class=\"row\"><div class=\"wpb_column vc_main_column vc_column_container vc_col-sm-12 typo-default\"><div class=\"tpath-column-inner-wrapper vc_column-inner bg-style column-bg-default\"><div class=\"wpb_wrapper\">\n\t<div class=\"wpb_raw_code wpb_content_element wpb_raw_html\" >\n\t\t<div class=\"wpb_wrapper\">\n\t\t\t<p>Wir sind davon \u00fcberzeugt, dass junge Menschen in Rum\u00e4nien freiwillig an der Organisation und L\u00f6sung verschiedener sozialer, bildungsbezogener oder umweltbezogener Probleme mitwirken wollen und stolz darauf sind, an diesen Aktivit\u00e4ten beteiligt zu sein und sie zu erreichen.  <\/p>\n\t\t<\/div>\n\t<\/div>\n<\/div><\/div><\/div><\/div><\/div><\/div><\/div><div class=\"vc_row wpb_row vc_row-fluid tpath-vc-section bg-style tpath-standard bg-shapecolor-tpath-standard\"><div class=\"tpath-row-inner-wrapper\"><div class=\"container\"><div class=\"row\"><div class=\"wpb_column vc_main_column vc_column_container vc_col-sm-12 typo-default\"><div class=\"tpath-column-inner-wrapper vc_column-inner bg-style column-bg-default\"><div class=\"wpb_wrapper\">\n\t<div class=\"wpb_raw_code wpb_content_element wpb_raw_html\" >\n\t\t<div class=\"wpb_wrapper\">\n\t\t\t<p>Die Macht des Beispiels ist ein wichtiges Ziel unserer Vereinigung. Es ist unsere Pflicht, jeden Tag, bei jeder T\u00e4tigkeit, zu versuchen, ein Vorbild f\u00fcr die Menschen um uns herum zu sein. F\u00fcr Freunde, Familie, Fremde. Aber vor allem f\u00fcr uns selbst.<\/p>\n\t\t<\/div>\n\t<\/div>\n<\/div><\/div><\/div><\/div><\/div><\/div><\/div><div class=\"vc_row wpb_row vc_row-fluid tpath-vc-section bg-style tpath-standard bg-shapecolor-tpath-standard wpb_animate_when_almost_visible wpb_appear appear\"><div class=\"tpath-row-inner-wrapper\"><div class=\"container\"><div class=\"row\"><div class=\"wpb_column vc_main_column vc_column_container vc_col-sm-12 typo-default\"><div class=\"tpath-column-inner-wrapper vc_column-inner bg-style column-bg-default\"><div class=\"wpb_wrapper\">\n\t<div class=\"wpb_raw_code wpb_content_element wpb_raw_html\" >\n\t\t<div class=\"wpb_wrapper\">\n\t\t\t<p>Und unsere jungen Freiwilligen werden mit kleinen Schritten und Selbstvertrauen zu gro\u00dfen und starken Menschen.<\/p>\n\t\t<\/div>\n\t<\/div>\n<\/div><\/div><\/div><\/div><\/div><\/div><\/div>\n<\/div>","protected":false},"excerpt":{"rendered":"Semnifica\u021bia numelui Juvenala vine din latin\u0103 \u0219i \u00eenseamn\u0103 \"Aripi tinere\". Povestea Juvenala a ap\u0103rut \u00een Alpii Bavariei c\u00e2nd consiliam terapeutic adolescen\u021bi cu probleme de comportament sau tulbur\u0103ri psihice. \u00cempreun\u0103 cu...","protected":false},"author":1,"featured_media":0,"parent":0,"menu_order":0,"comment_status":"closed","ping_status":"closed","template":"","meta":{"footnotes":""},"class_list":["post-1485","page","type-page","status-publish","hentry"],"_links":{"self":[{"href":"https:\/\/juvenala.ro\/de\/wp-json\/wp\/v2\/pages\/1485","targetHints":{"allow":["GET"]}}],"collection":[{"href":"https:\/\/juvenala.ro\/de\/wp-json\/wp\/v2\/pages"}],"about":[{"href":"https:\/\/juvenala.ro\/de\/wp-json\/wp\/v2\/types\/page"}],"author":[{"embeddable":true,"href":"https:\/\/juvenala.ro\/de\/wp-json\/wp\/v2\/users\/1"}],"replies":[{"embeddable":true,"href":"https:\/\/juvenala.ro\/de\/wp-json\/wp\/v2\/comments?post=1485"}],"version-history":[{"count":2,"href":"https:\/\/juvenala.ro\/de\/wp-json\/wp\/v2\/pages\/1485\/revisions"}],"predecessor-version":[{"id":1492,"href":"https:\/\/juvenala.ro\/de\/wp-json\/wp\/v2\/pages\/1485\/revisions\/1492"}],"wp:attachment":[{"href":"https:\/\/juvenala.ro\/de\/wp-json\/wp\/v2\/media?parent=1485"}],"curies":[{"name":"wp","href":"https:\/\/api.w.org\/{rel}","templated":true}]}}