{"id":1328,"date":"2018-03-05T12:38:57","date_gmt":"2018-03-05T12:38:57","guid":{"rendered":"http:\/\/juvenala.ro\/?page_id=1328"},"modified":"2026-02-06T09:21:18","modified_gmt":"2026-02-06T07:21:18","slug":"activitati-desfasurate","status":"publish","type":"page","link":"https:\/\/juvenala.ro\/de\/activitati-desfasurate\/","title":{"rendered":"Aktivit\u00e4ten"},"content":{"rendered":"<div class=\"wpb-content-wrapper\"><div class=\"vc_row wpb_row vc_row-fluid tpath-vc-section bg-style tpath-standard bg-shapecolor-tpath-standard\"><div class=\"tpath-row-inner-wrapper\"><div class=\"container\"><div class=\"row\"><div class=\"wpb_column vc_main_column vc_column_container vc_col-sm-6 typo-default\"><div class=\"tpath-column-inner-wrapper vc_column-inner bg-style column-bg-default\"><div class=\"wpb_wrapper\"><div class=\"tpath-feature-box feature-box-style style-iconstyle text-center feature-icon-yes\"><div class=\"feature-box-item\"><div class=\"tpath-feature-bgstyle\"><div class=\"tpath-feature-top\"><span class=\"tpath-feature-icon\"><i  class=\"fa fa-envira\"><\/i><\/span><h2 class=\"feature-box-title\" style=\"color: #237ebd; \"><a href=\"https:\/\/juvenala.ro\/de\/educa\/\" title=\"\" target=\"_self\" style=\"color: #237ebd; \">Erziehe mich!<\/a><\/h2><\/div><div class=\"tpath-feature-content\"><div class=\"tpath-feature-image\"><a href=\"https:\/\/juvenala.ro\/de\/educa\/\" title=\"\" target=\"_self\"><img loading=\"lazy\" decoding=\"async\" width=\"500\" height=\"325\" src=\"https:\/\/juvenala.ro\/wp-content\/uploads\/2025\/08\/DSCN5625-500x325.jpg\" class=\"attachment-givinghand-blog-grid\" alt=\"\" title=\"DSCN5625\" \/><\/a><\/div><div class=\"feature-box-desc\">Das Hauptziel des Projekts \"Educate - Me!\" ist es, durch die Teilnahme und das Engagement von Freiwilligen zu erziehen...<a href=\"http:\/\/juvenala.ro\/de\/educa\/\" class=\"btn btn-fbox btn-simple-text btn-skin-theme\" title=\"\" target=\"_self\">Mehr sehen<\/a><\/div><\/div><\/div><\/div><\/div><\/div><\/div><\/div><div class=\"wpb_column vc_main_column vc_column_container vc_col-sm-6 typo-default\"><div class=\"tpath-column-inner-wrapper vc_column-inner bg-style column-bg-default\"><div class=\"wpb_wrapper\"><div class=\"tpath-feature-box feature-box-style style-iconstyle text-center feature-icon-yes\"><div class=\"feature-box-item\"><div class=\"tpath-feature-bgstyle\"><div class=\"tpath-feature-top\"><span class=\"tpath-feature-icon\"><i  class=\"fa fa-envira\"><\/i><\/span><h2 class=\"feature-box-title\" style=\"color: #237ebd; \"><a href=\"https:\/\/juvenala.ro\/de\/schimb-de-experienta-romania-norvegia\/\" title=\"\" target=\"_self\" style=\"color: #237ebd; \">Erfahrungsaustausch Rum\u00e4nien - Norwegen<\/a><\/h2><\/div><div class=\"tpath-feature-content\"><div class=\"tpath-feature-image\"><a href=\"https:\/\/juvenala.ro\/de\/schimb-de-experienta-romania-norvegia\/\" title=\"\" target=\"_self\"><img loading=\"lazy\" decoding=\"async\" width=\"500\" height=\"296\" src=\"https:\/\/juvenala.ro\/wp-content\/uploads\/2025\/08\/WhatsApp-Image-2024-04-04-at-11.41.50-AM-2.jpeg\" class=\"attachment-givinghand-blog-grid\" alt=\"\" title=\"WhatsApp-Image-2024-04-04-at-11.41.50-AM\" \/><\/a><\/div><div class=\"feature-box-desc\">Die Aktivit\u00e4t zielt darauf ab, das spezifische Fachwissen des norwegischen Partners in die Projektmethodik zu integrieren.<a href=\"https:\/\/juvenala.ro\/de\/schimb-de-experienta-romania-norvegia\/\" class=\"btn btn-fbox btn-simple-text btn-skin-theme\" title=\"\" target=\"_self\">Mehr sehen<\/a><\/div><\/div><\/div><\/div><\/div><\/div><\/div><\/div><\/div><\/div><\/div><\/div><div class=\"vc_row wpb_row vc_row-fluid tpath-vc-section bg-style tpath-standard bg-shapecolor-tpath-standard\"><div class=\"tpath-row-inner-wrapper\"><div class=\"container\"><div class=\"row\"><div class=\"wpb_column vc_main_column vc_column_container vc_col-sm-6 typo-default\"><div class=\"tpath-column-inner-wrapper vc_column-inner bg-style column-bg-default\"><div class=\"wpb_wrapper\"><div class=\"tpath-feature-box feature-box-style style-iconstyle text-center feature-icon-yes\"><div class=\"feature-box-item\"><div class=\"tpath-feature-bgstyle\"><div class=\"tpath-feature-top\"><span class=\"tpath-feature-icon\"><i  class=\"fa fa-envira\"><\/i><\/span><h2 class=\"feature-box-title\" style=\"color: #237ebd; \"><a href=\"https:\/\/juvenala.ro\/de\/geocaching\/\" title=\"\" target=\"_self\" style=\"color: #237ebd; \">Geocaching<\/a><\/h2><\/div><div class=\"tpath-feature-content\"><div class=\"tpath-feature-image\"><a href=\"https:\/\/juvenala.ro\/de\/geocaching\/\" title=\"\" target=\"_self\"><img loading=\"lazy\" decoding=\"async\" width=\"487\" height=\"325\" src=\"https:\/\/juvenala.ro\/wp-content\/uploads\/2025\/08\/IMG_0143-scaled-2.jpg\" class=\"attachment-givinghand-blog-grid\" alt=\"\" title=\"IMG_0143-verkleinert\" \/><\/a><\/div><div class=\"feature-box-desc\"><span lang=\"EN-US\">Es handelt sich um eine T\u00e4tigkeit, die \u00e4hnlich ist wie<\/span><span lang=\"RO\">mit<\/span><span lang=\"EN-US\">\u00a0Versteckspiel. Das Spiel basiert auf GPS-Ortung...<\/span><a href=\"https:\/\/juvenala.ro\/de\/geocaching\/\" class=\"btn btn-fbox btn-simple-text btn-skin-theme\" title=\"\" target=\"_self\">Mehr sehen<\/a><\/div><\/div><\/div><\/div><\/div><\/div><\/div><\/div><div class=\"wpb_column vc_main_column vc_column_container vc_col-sm-6 typo-default\"><div class=\"tpath-column-inner-wrapper vc_column-inner bg-style column-bg-default\"><div class=\"wpb_wrapper\"><div class=\"tpath-feature-box feature-box-style style-iconstyle text-center feature-icon-yes\"><div class=\"feature-box-item\"><div class=\"tpath-feature-bgstyle\"><div class=\"tpath-feature-top\"><span class=\"tpath-feature-icon\"><i  class=\"fa fa-envira\"><\/i><\/span><h2 class=\"feature-box-title\" style=\"color: #237ebd; \"><a href=\"https:\/\/juvenala.ro\/de\/city-bound\/\" title=\"\" target=\"_self\" style=\"color: #237ebd; \">City Bound<\/a><\/h2><\/div><div class=\"tpath-feature-content\"><div class=\"tpath-feature-image\"><a href=\"https:\/\/juvenala.ro\/de\/city-bound\/\" title=\"\" target=\"_self\"><img loading=\"lazy\" decoding=\"async\" width=\"487\" height=\"325\" src=\"https:\/\/juvenala.ro\/wp-content\/uploads\/2025\/08\/city-bound-main-image-1.jpg\" class=\"attachment-givinghand-blog-grid\" alt=\"\" title=\"Stadtgebundenes Hauptbild\" \/><\/a><\/div><div class=\"feature-box-desc\"><span lang=\"RO\">City Bound\u00a0<\/span>ist eine T\u00e4tigkeit, die\u00a0<span lang=\"RO\">Erfahrungsbezogene Lernm\u00f6glichkeiten, die sich auf ihr Lebensumfeld beziehen.\u00a0<\/span><a href=\"https:\/\/juvenala.ro\/de\/city-bound\/\" class=\"btn btn-fbox btn-simple-text btn-skin-theme\" title=\"\" target=\"_self\">Mehr sehen<\/a><\/div><\/div><\/div><\/div><\/div><\/div><\/div><\/div><\/div><\/div><\/div><\/div><div class=\"vc_row wpb_row vc_row-fluid tpath-vc-section bg-style tpath-standard bg-shapecolor-tpath-standard\"><div class=\"tpath-row-inner-wrapper\"><div class=\"container\"><div class=\"row\"><div class=\"wpb_column vc_main_column vc_column_container vc_col-sm-6 typo-default\"><div class=\"tpath-column-inner-wrapper vc_column-inner bg-style column-bg-default\"><div class=\"wpb_wrapper\"><div class=\"tpath-feature-box feature-box-style style-iconstyle text-center feature-icon-yes\"><div class=\"feature-box-item\"><div class=\"tpath-feature-bgstyle\"><div class=\"tpath-feature-top\"><span class=\"tpath-feature-icon\"><i  class=\"fa fa-envira\"><\/i><\/span><h2 class=\"feature-box-title\" style=\"color: #237ebd; \"><a href=\"https:\/\/juvenala.ro\/de\/al-treilea-spatiu-al-cetateniei-active\/\" title=\"\" target=\"_self\" style=\"color: #237ebd; \">Der dritte Raum der aktiven B\u00fcrgerschaft<\/a><\/h2><\/div><div class=\"tpath-feature-content\"><div class=\"tpath-feature-image\"><a href=\"https:\/\/juvenala.ro\/de\/al-treilea-spatiu-al-cetateniei-active\/\" title=\"\" target=\"_self\"><img loading=\"lazy\" decoding=\"async\" width=\"500\" height=\"306\" src=\"https:\/\/juvenala.ro\/wp-content\/uploads\/2025\/08\/cetatenie-_activa-1-2048x1536-1-1.jpg\" class=\"attachment-givinghand-blog-grid\" alt=\"\" title=\"cetatenie-_activa-1-2048x1536 (1)\" \/><\/a><\/div><div class=\"feature-box-desc\">Als B\u00fcrger leben Sie in verschiedenen sozialen R\u00e4umen, die in drei Kategorien unterteilt sind: die erste ist die Familie...<a href=\"https:\/\/juvenala.ro\/de\/al-treilea-spatiu-al-cetateniei-active\/\" class=\"btn btn-fbox btn-simple-text btn-skin-theme\" title=\"\" target=\"_self\">Mehr sehen<\/a><\/div><\/div><\/div><\/div><\/div><\/div><\/div><\/div><div class=\"wpb_column vc_main_column vc_column_container vc_col-sm-6 typo-default\"><div class=\"tpath-column-inner-wrapper vc_column-inner bg-style column-bg-default\"><div class=\"wpb_wrapper\"><div class=\"tpath-feature-box feature-box-style style-iconstyle text-center feature-icon-yes\"><div class=\"feature-box-item\"><div class=\"tpath-feature-bgstyle\"><div class=\"tpath-feature-top\"><span class=\"tpath-feature-icon\"><i  class=\"flaticon flaticon-gardening\"><\/i><\/span><h2 class=\"feature-box-title\" style=\"color: #237ebd; \"><a href=\"https:\/\/juvenala.ro\/de\/ecologizare-lacul-izvorul-muntelui\/\" title=\"\" target=\"_self\" style=\"color: #237ebd; \">Begr\u00fcnung des Mountain Spring Lake<\/a><\/h2><\/div><div class=\"tpath-feature-content\"><div class=\"tpath-feature-image\"><a href=\"https:\/\/juvenala.ro\/de\/ecologizare-lacul-izvorul-muntelui\/\" title=\"\" target=\"_self\"><img loading=\"lazy\" decoding=\"async\" width=\"500\" height=\"325\" src=\"https:\/\/juvenala.ro\/wp-content\/uploads\/2018\/02\/ecologizare-lacul-bicaz-500x325.jpg\" class=\"attachment-givinghand-blog-grid\" alt=\"\" title=\"greening-lake-bicaz\" \/><\/a><\/div><div class=\"feature-box-desc\">Mit neuen Kr\u00e4ften sind die Freiwilligen wieder da und wollen den Bergquellsee von all dem M\u00fcll befreien...<a href=\"https:\/\/juvenala.ro\/de\/ecologizare-lacul-izvorul-muntelui\/\" class=\"btn btn-fbox btn-simple-text btn-skin-theme\" title=\"\" target=\"_self\">Mehr sehen<\/a><\/div><\/div><\/div><\/div><\/div><\/div><\/div><\/div><\/div><\/div><\/div><\/div><div class=\"vc_row wpb_row vc_row-fluid tpath-vc-section bg-style tpath-standard bg-shapecolor-tpath-standard\"><div class=\"tpath-row-inner-wrapper\"><div class=\"container\"><div class=\"row\"><div class=\"wpb_column vc_main_column vc_column_container vc_col-sm-6 typo-default\"><div class=\"tpath-column-inner-wrapper vc_column-inner bg-style column-bg-default\"><div class=\"wpb_wrapper\"><div class=\"tpath-feature-box feature-box-style style-iconstyle text-left feature-icon-yes\"><div class=\"feature-box-item\"><div class=\"tpath-feature-bgstyle\"><div class=\"tpath-feature-top\"><span class=\"tpath-feature-icon\"><i  class=\"flaticon flaticon-hands\"><\/i><\/span><h2 class=\"feature-box-title\" style=\"color: #237ebd; \"><a href=\"https:\/\/juvenala.ro\/de\/impadureala\/\" title=\"\" target=\"_self\" style=\"color: #237ebd; \">ImpadureALA<\/a><\/h2><\/div><div class=\"tpath-feature-content\"><div class=\"tpath-feature-image\"><a href=\"https:\/\/juvenala.ro\/de\/impadureala\/\" title=\"\" target=\"_self\"><img loading=\"lazy\" decoding=\"async\" width=\"500\" height=\"325\" src=\"https:\/\/juvenala.ro\/wp-content\/uploads\/2018\/02\/impadureala-500x325.jpg\" class=\"attachment-givinghand-blog-grid\" alt=\"\" title=\"Vorstag\" \/><\/a><\/div><div class=\"feature-box-desc\">Mit dieser Aktion wollen wir die W\u00e4lder in Rum\u00e4nien verj\u00fcngen und so viele junge Menschen wie m\u00f6glich ermutigen...<a href=\"https:\/\/juvenala.ro\/de\/impadureala\/\" class=\"btn btn-fbox btn-simple-text btn-skin-theme\" title=\"\" target=\"_self\">Mehr sehen<\/a><\/div><\/div><\/div><\/div><\/div><\/div><\/div><\/div><div class=\"wpb_column vc_main_column vc_column_container vc_col-sm-6 typo-default\"><div class=\"tpath-column-inner-wrapper vc_column-inner bg-style column-bg-default\"><div class=\"wpb_wrapper\"><div class=\"tpath-feature-box feature-box-style style-iconstyle text-center feature-icon-yes\"><div class=\"feature-box-item\"><div class=\"tpath-feature-bgstyle\"><div class=\"tpath-feature-top\"><span class=\"tpath-feature-icon\"><i  class=\"flaticon flaticon-gardening\"><\/i><\/span><h2 class=\"feature-box-title\" style=\"color: #237ebd; \"><a href=\"https:\/\/juvenala.ro\/de\/cum-construiesti-o-casa-in-copac\/\" title=\"\" target=\"_self\" style=\"color: #237ebd; \">Wie man ein Baumhaus baut<\/a><\/h2><\/div><div class=\"tpath-feature-content\"><div class=\"tpath-feature-image\"><a href=\"https:\/\/juvenala.ro\/de\/cum-construiesti-o-casa-in-copac\/\" title=\"\" target=\"_self\"><img loading=\"lazy\" decoding=\"async\" width=\"480\" height=\"277\" src=\"https:\/\/juvenala.ro\/wp-content\/uploads\/2025\/08\/IMG_0989-1-3.jpg\" class=\"attachment-givinghand-blog-grid\" alt=\"\" title=\"IMG_0989 (1)\" \/><\/a><\/div><div class=\"feature-box-desc\">Heimat ist ein wunderbarer Ort. Heimat ist der Ort, an dem man lebt und liebt...<a href=\"https:\/\/juvenala.ro\/de\/cum-construiesti-o-casa-in-copac\/\" class=\"btn btn-fbox btn-simple-text btn-skin-theme\" title=\"\" target=\"_self\">Mehr sehen<\/a><\/div><\/div><\/div><\/div><\/div><\/div><\/div><\/div><\/div><\/div><\/div><\/div><div class=\"vc_row wpb_row vc_row-fluid tpath-vc-section bg-style tpath-standard bg-shapecolor-tpath-standard\"><div class=\"tpath-row-inner-wrapper\"><div class=\"container\"><div class=\"row\"><div class=\"wpb_column vc_main_column vc_column_container vc_col-sm-6 typo-default\"><div class=\"tpath-column-inner-wrapper vc_column-inner bg-style column-bg-default\"><div class=\"wpb_wrapper\"><div class=\"tpath-feature-box feature-box-style style-iconstyle text-left feature-icon-yes\"><div class=\"feature-box-item\"><div class=\"tpath-feature-bgstyle\"><div class=\"tpath-feature-top\"><span class=\"tpath-feature-icon\"><i  class=\"flaticon flaticon-hands\"><\/i><\/span><h2 class=\"feature-box-title\" style=\"color: #237ebd; \"><a href=\"https:\/\/juvenala.ro\/de\/escalada\/\" title=\"\" target=\"_self\" style=\"color: #237ebd; \">Klettern<\/a><\/h2><\/div><div class=\"tpath-feature-content\"><div class=\"tpath-feature-image\"><a href=\"https:\/\/juvenala.ro\/de\/impadureala\/\" title=\"\" target=\"_self\"><img loading=\"lazy\" decoding=\"async\" width=\"500\" height=\"325\" src=\"https:\/\/juvenala.ro\/wp-content\/uploads\/2025\/09\/10.06-26-1.jpeg\" class=\"attachment-givinghand-blog-grid\" alt=\"\" title=\"10.06-26\" \/><\/a><\/div><div class=\"feature-box-desc\">Es ist eine Aktivit\u00e4t, bei der man H\u00e4nde, F\u00fc\u00dfe oder andere K\u00f6rperteile benutzt, um ein Hindernis zu \u00fcberwinden....<a href=\"https:\/\/juvenala.ro\/de\/escalada\/\" class=\"btn btn-fbox btn-simple-text btn-skin-theme\" title=\"\" target=\"_self\">Mehr sehen<\/a><\/div><\/div><\/div><\/div><\/div><\/div><\/div><\/div><div class=\"wpb_column vc_main_column vc_column_container vc_col-sm-6 typo-default\"><div class=\"tpath-column-inner-wrapper vc_column-inner bg-style column-bg-default\"><div class=\"wpb_wrapper\"><div class=\"tpath-feature-box feature-box-style style-iconstyle text-left\"><div class=\"feature-box-item\"><div class=\"tpath-feature-bgstyle\"><div class=\"tpath-feature-top\"><h2 class=\"feature-box-title\" style=\"color: #237ebd; \"><a href=\"https:\/\/juvenala.ro\/de\/scoala-de-mers-pe-munte\/\" title=\"\" target=\"_self\" style=\"color: #237ebd; \">Bergwanderschule<\/a><\/h2><\/div><div class=\"tpath-feature-content\"><div class=\"tpath-feature-image\"><a href=\"https:\/\/juvenala.ro\/de\/scoala-de-mers-pe-munte\/\" title=\"\" target=\"_self\"><img loading=\"lazy\" decoding=\"async\" width=\"488\" height=\"325\" src=\"https:\/\/juvenala.ro\/wp-content\/uploads\/2025\/09\/343406685_122492440819510_86789424862225594_n.jpg\" class=\"attachment-givinghand-blog-grid\" alt=\"\" title=\"343406685_122492440819510_86789424862225594_n\" \/><\/a><\/div><div class=\"feature-box-desc\">Der Berg ist eine der sch\u00f6nsten und geheimnisvollsten Landformen. Die zerkl\u00fcfteten Bergr\u00fccken...<a href=\"https:\/\/juvenala.ro\/de\/scoala-de-mers-pe-munte\/\" class=\"btn btn-fbox btn-simple-text btn-skin-theme\" title=\"\" target=\"_self\">Mehr sehen<\/a><\/div><\/div><\/div><\/div><\/div><\/div><\/div><\/div><\/div><\/div><\/div><\/div><div class=\"vc_row wpb_row vc_row-fluid tpath-vc-section bg-style tpath-standard bg-shapecolor-tpath-standard\"><div class=\"tpath-row-inner-wrapper\"><div class=\"container\"><div class=\"row\"><div class=\"wpb_column vc_main_column vc_column_container vc_col-sm-6 typo-default\"><div class=\"tpath-column-inner-wrapper vc_column-inner bg-style column-bg-default\"><div class=\"wpb_wrapper\"><div class=\"tpath-feature-box feature-box-style style-iconstyle text-left feature-icon-yes\"><div class=\"feature-box-item\"><div class=\"tpath-feature-bgstyle\"><div class=\"tpath-feature-top\"><span class=\"tpath-feature-icon\"><i  class=\"flaticon flaticon-hands\"><\/i><\/span><h2 class=\"feature-box-title\" style=\"color: #237ebd; \"><a href=\"https:\/\/juvenala.ro\/de\/padurea-pedagogica\/\" title=\"\" target=\"_self\" style=\"color: #237ebd; \">P\u00e4dagogischer Wald<\/a><\/h2><\/div><div class=\"tpath-feature-content\"><div class=\"tpath-feature-image\"><a href=\"https:\/\/juvenala.ro\/de\/padurea-pedagogica\/\" title=\"\" target=\"_self\"><img loading=\"lazy\" decoding=\"async\" width=\"487\" height=\"325\" src=\"https:\/\/juvenala.ro\/wp-content\/uploads\/2025\/09\/padurea-pedagogica-32-scaled.jpg\" class=\"attachment-givinghand-blog-grid\" alt=\"\" title=\"bildungswald-32-staffel\" \/><\/a><\/div><div class=\"feature-box-desc\">Der Wald ist einer der strukturell komplexesten Bestandteile der terrestrischen Umwelt und von gro\u00dfer wirtschaftlicher Bedeutung....<a href=\"https:\/\/juvenala.ro\/de\/padurea-pedagogica\/\" class=\"btn btn-fbox btn-simple-text btn-skin-theme\" title=\"\" target=\"_self\">Mehr sehen<\/a><\/div><\/div><\/div><\/div><\/div><\/div><\/div><\/div><div class=\"wpb_column vc_main_column vc_column_container vc_col-sm-6 typo-default\"><div class=\"tpath-column-inner-wrapper vc_column-inner bg-style column-bg-default\"><div class=\"wpb_wrapper\"><div class=\"tpath-feature-box feature-box-style style-iconstyle text-left feature-icon-yes\"><div class=\"feature-box-item\"><div class=\"tpath-feature-bgstyle\"><div class=\"tpath-feature-top\"><span class=\"tpath-feature-icon\"><i  class=\"fa fa-globe\"><\/i><\/span><h2 class=\"feature-box-title\" style=\"font-size: 20px; color: #237ebd; \"><a href=\"https:\/\/juvenala.ro\/de\/acting-european\/\" title=\"\" target=\"_self\" style=\"font-size: 20px; color: #237ebd; \">Europ\u00e4isch handelnd<\/a><\/h2><\/div><div class=\"tpath-feature-content\"><div class=\"tpath-feature-image\"><a href=\"https:\/\/juvenala.ro\/de\/acting-european\/\" title=\"\" target=\"_self\"><img loading=\"lazy\" decoding=\"async\" width=\"500\" height=\"325\" src=\"https:\/\/juvenala.ro\/wp-content\/uploads\/2018\/03\/13680424_1036758686408858_9203038005390730473_o-500x325.jpg\" class=\"attachment-givinghand-blog-grid\" alt=\"\" title=\"13680424_1036758686408858_9203038005390730473_o\" \/><\/a><\/div><\/div><\/div><\/div><\/div><\/div><\/div><\/div><\/div><\/div><\/div><\/div><div class=\"vc_row wpb_row vc_row-fluid tpath-vc-section bg-style tpath-standard bg-shapecolor-tpath-standard\"><div class=\"tpath-row-inner-wrapper\"><div class=\"container\"><div class=\"row\"><div class=\"wpb_column vc_main_column vc_column_container vc_col-sm-6 typo-default\"><div class=\"tpath-column-inner-wrapper vc_column-inner bg-style column-bg-default\"><div class=\"wpb_wrapper\"><div class=\"tpath-feature-box feature-box-style style-iconstyle text-left feature-icon-yes\"><div class=\"feature-box-item\"><div class=\"tpath-feature-bgstyle\"><div class=\"tpath-feature-top\"><span class=\"tpath-feature-icon\"><i  class=\"fa fa-book\"><\/i><\/span><h2 class=\"feature-box-title\" style=\"font-size: 20px; color: #237ebd; \"><a href=\"https:\/\/juvenala.ro\/de\/kulturala\/\" title=\"\" target=\"_self\" style=\"font-size: 20px; color: #237ebd; \">Kulturala<\/a><\/h2><\/div><div class=\"tpath-feature-content\"><div class=\"tpath-feature-image\"><a href=\"https:\/\/juvenala.ro\/de\/kulturala\/\" title=\"\" target=\"_self\"><img loading=\"lazy\" decoding=\"async\" width=\"500\" height=\"325\" src=\"https:\/\/juvenala.ro\/wp-content\/uploads\/2018\/02\/kulturALA-500x325.jpg\" class=\"attachment-givinghand-blog-grid\" alt=\"\" title=\"kulturALA\" \/><\/a><\/div><\/div><\/div><\/div><\/div><\/div><\/div><\/div><div class=\"wpb_column vc_main_column vc_column_container vc_col-sm-6 typo-default\"><div class=\"tpath-column-inner-wrapper vc_column-inner bg-style column-bg-default\"><div class=\"wpb_wrapper\"><div class=\"tpath-feature-box feature-box-style style-iconstyle text-left feature-icon-yes\"><div class=\"feature-box-item\"><div class=\"tpath-feature-bgstyle\"><div class=\"tpath-feature-top\"><span class=\"tpath-feature-icon\"><i  class=\"fa fa-pagelines\"><\/i><\/span><h2 class=\"feature-box-title\" style=\"font-size: 20px; color: #237ebd; \"><a href=\"https:\/\/juvenala.ro\/de\/drumeteala\/\" title=\"\" target=\"_self\" style=\"font-size: 20px; color: #237ebd; \">Wandern<\/a><\/h2><\/div><div class=\"tpath-feature-content\"><div class=\"tpath-feature-image\"><a href=\"https:\/\/juvenala.ro\/de\/drumeteala\/\" title=\"\" target=\"_self\"><img loading=\"lazy\" decoding=\"async\" width=\"500\" height=\"325\" src=\"https:\/\/juvenala.ro\/wp-content\/uploads\/2018\/03\/DSCN5557-500x325.jpg\" class=\"attachment-givinghand-blog-grid\" alt=\"\" title=\"DSCN5557\" \/><\/a><\/div><\/div><\/div><\/div><\/div><\/div><\/div><\/div><\/div><\/div><\/div><\/div><div class=\"vc_row wpb_row vc_row-fluid tpath-vc-section bg-style tpath-standard bg-shapecolor-tpath-standard\"><div class=\"tpath-row-inner-wrapper\"><div class=\"container\"><div class=\"row\"><div class=\"wpb_column vc_main_column vc_column_container vc_col-sm-6 typo-default\"><div class=\"tpath-column-inner-wrapper vc_column-inner bg-style column-bg-default\"><div class=\"wpb_wrapper\"><div class=\"tpath-feature-box feature-box-style style-iconstyle text-left feature-icon-yes\"><div class=\"feature-box-item\"><div class=\"tpath-feature-bgstyle\"><div class=\"tpath-feature-top\"><span class=\"tpath-feature-icon\"><i  class=\"fa fa-child\"><\/i><\/span><h2 class=\"feature-box-title\" style=\"font-size: 20px; color: #237ebd; \"><a href=\"https:\/\/juvenala.ro\/de\/povestea-craciunala\/\" title=\"\" target=\"_self\" style=\"font-size: 20px; color: #237ebd; \">Die Weihnachtsgeschichte<\/a><\/h2><\/div><div class=\"tpath-feature-content\"><div class=\"tpath-feature-image\"><a href=\"https:\/\/juvenala.ro\/de\/povestea-craciunala\/\" title=\"\" target=\"_self\"><img loading=\"lazy\" decoding=\"async\" width=\"500\" height=\"325\" src=\"https:\/\/juvenala.ro\/wp-content\/uploads\/2018\/03\/15541694_355250311519779_3572832035370728866_n-500x325.jpg\" class=\"attachment-givinghand-blog-grid\" alt=\"\" title=\"15541694_355250311519779_3572832035370728866_n\" \/><\/a><\/div><\/div><\/div><\/div><\/div><\/div><\/div><\/div><div class=\"wpb_column vc_main_column vc_column_container vc_col-sm-6 typo-default\"><div class=\"tpath-column-inner-wrapper vc_column-inner bg-style column-bg-default\"><div class=\"wpb_wrapper\"><\/div><\/div><\/div><\/div><\/div><\/div><\/div><div class=\"vc_row wpb_row vc_row-fluid tpath-vc-section bg-style tpath-standard bg-shapecolor-tpath-standard\"><div class=\"tpath-row-inner-wrapper\"><div class=\"container\"><div class=\"row\"><div class=\"wpb_column vc_main_column vc_column_container vc_col-sm-6 typo-default\"><div class=\"tpath-column-inner-wrapper vc_column-inner bg-style column-bg-default\"><div class=\"wpb_wrapper\"><\/div><\/div><\/div><div class=\"wpb_column vc_main_column vc_column_container vc_col-sm-6 typo-default\"><div class=\"tpath-column-inner-wrapper vc_column-inner bg-style column-bg-default\"><div class=\"wpb_wrapper\"><\/div><\/div><\/div><\/div><\/div><\/div><\/div>\n<\/div>","protected":false},"excerpt":{"rendered":"Educa-M\u0103!Obiectivul principal al proiectului \u201dEduc\u0103 \u2013 M\u0103!\u201d \u00eel constituie educarea prin participarea \u0219i implicarea voluntarilor...Vezi mai multSchimb de experien\u021b\u0103 Rom\u00e2nia - NorvegiaActivitatea are ca obiectiv integrarea expertizei specifice a partenerului...","protected":false},"author":1,"featured_media":0,"parent":0,"menu_order":0,"comment_status":"closed","ping_status":"closed","template":"","meta":{"footnotes":""},"class_list":["post-1328","page","type-page","status-publish","hentry"],"_links":{"self":[{"href":"https:\/\/juvenala.ro\/de\/wp-json\/wp\/v2\/pages\/1328","targetHints":{"allow":["GET"]}}],"collection":[{"href":"https:\/\/juvenala.ro\/de\/wp-json\/wp\/v2\/pages"}],"about":[{"href":"https:\/\/juvenala.ro\/de\/wp-json\/wp\/v2\/types\/page"}],"author":[{"embeddable":true,"href":"https:\/\/juvenala.ro\/de\/wp-json\/wp\/v2\/users\/1"}],"replies":[{"embeddable":true,"href":"https:\/\/juvenala.ro\/de\/wp-json\/wp\/v2\/comments?post=1328"}],"version-history":[{"count":35,"href":"https:\/\/juvenala.ro\/de\/wp-json\/wp\/v2\/pages\/1328\/revisions"}],"predecessor-version":[{"id":2792,"href":"https:\/\/juvenala.ro\/de\/wp-json\/wp\/v2\/pages\/1328\/revisions\/2792"}],"wp:attachment":[{"href":"https:\/\/juvenala.ro\/de\/wp-json\/wp\/v2\/media?parent=1328"}],"curies":[{"name":"wp","href":"https:\/\/api.w.org\/{rel}","templated":true}]}}