{"id":1073,"date":"2018-03-02T08:12:02","date_gmt":"2018-03-02T08:12:02","guid":{"rendered":"http:\/\/juvenala.ro\/?page_id=1073"},"modified":"2026-02-06T10:20:03","modified_gmt":"2026-02-06T08:20:03","slug":"drumeteala","status":"publish","type":"page","link":"https:\/\/juvenala.ro\/de\/drumeteala\/","title":{"rendered":"Wandern"},"content":{"rendered":"<div class=\"wpb-content-wrapper\"><div class=\"vc_row wpb_row vc_row-fluid tpath-vc-section bg-style tpath-standard bg-shapecolor-tpath-standard\"><div class=\"tpath-row-inner-wrapper\"><div class=\"container\"><div class=\"row\"><div class=\"wpb_column vc_main_column vc_column_container vc_col-sm-12 typo-default\"><div class=\"tpath-column-inner-wrapper vc_column-inner bg-style column-bg-default\"><div class=\"wpb_wrapper\">\n\t<div class=\"wpb_raw_code wpb_content_element wpb_raw_html\" >\n\t\t<div class=\"wpb_wrapper\">\n\t\t\t<h3 style=\"color: #237ebd\">Drume\u021bii \u00een spiritul JuvenALA<\/h3>\n\t\t<\/div>\n\t<\/div>\n<\/div><\/div><\/div><\/div><\/div><\/div><\/div><div class=\"vc_row wpb_row vc_row-fluid tpath-vc-section bg-style tpath-standard bg-shapecolor-tpath-standard\"><div class=\"tpath-row-inner-wrapper\"><div class=\"container\"><div class=\"row\"><div class=\"wpb_column vc_main_column vc_column_container vc_col-sm-12 typo-default\"><div class=\"tpath-column-inner-wrapper vc_column-inner bg-style column-bg-default\"><div class=\"wpb_wrapper\">\n\t<div class=\"wpb_raw_code wpb_content_element wpb_raw_html\" >\n\t\t<div class=\"wpb_wrapper\">\n\t\t\t<p>In asocia\u021bia noastr\u0103 voluntariatul nu reprezint\u0103 doar proiecte sociale ci \u0219i educa\u021bionale - cunoa\u0219terea mediului natural \u00eenconjur\u0103tor. Pentru a \u00eent\u0103ri leg\u0103tura de milenii cu padurea am \u00eenceput sa \u00eenv\u0103\u021bam cum sa drume\u021bim mun\u021bii cu cortul, cum s\u0103 respect\u0103m natura cu toat\u0103 \u00eensemn\u0103tatea ei pentru via\u021ba noastr\u0103 de zi cu zi. In feericul \u021binut Moldotransilv\u0103nean unde H\u0103\u0219ma\u0219ul str\u0103juie\u0219te falnic, acolo unde grani\u021bele a trei jude\u021be (Neam\u021b, Bac\u0103u si Harghita) se \u00eent\u00e2lnesc in mijlocul Carpa\u021bilor orientali, unde izvorul Trei F\u00e2nt\u00e2ni susur\u0103 \u0219i admiram caprele negre din st\u00e2ncile H\u0103\u0219ma\u0219ului Negru \u0219i a Pietrei Singuratice, acolo \u00eencep expedi\u021biile noastre prin p\u0103duri dese de fag, poieni \u00eensorite si st\u00e2nci carstice.<\/p>\n\t\t<\/div>\n\t<\/div>\n<\/div><\/div><\/div><\/div><\/div><\/div><\/div><div class=\"vc_row wpb_row vc_row-fluid tpath-vc-section bg-style tpath-standard bg-shapecolor-tpath-standard\"><div class=\"tpath-row-inner-wrapper\"><div class=\"container\"><div class=\"row\"><div class=\"wpb_column vc_main_column vc_column_container vc_col-sm-12 typo-default\"><div class=\"tpath-column-inner-wrapper vc_column-inner bg-style column-bg-default\"><div class=\"wpb_wrapper\">\n\t<div class=\"wpb_raw_code wpb_content_element wpb_raw_html\" >\n\t\t<div class=\"wpb_wrapper\">\n\t\t\t<p>Indiferent de starea meteo drume\u021beam dup\u0103 deviza ,,Nu exist\u0103 vreme buna sau rea, ci numai echipament neadecvat\u201d. \u00cen prima noastr\u0103 experien\u021ba, coordonatorul nostru C\u0103t\u0103lin, ne-a  provocat spiritul de echip\u0103, responsabilitatea fata de natura prin explicarea necesit\u0103\u021bii  echipamentului specific muntelui \u0219i a tehnicilor de orientare in teren.<\/p>\n\t\t<\/div>\n\t<\/div>\n<\/div><\/div><\/div><\/div><\/div><\/div><\/div><div class=\"vc_row wpb_row vc_row-fluid tpath-vc-section bg-style tpath-standard bg-shapecolor-tpath-standard\"><div class=\"tpath-row-inner-wrapper\"><div class=\"container\"><div class=\"row\"><div class=\"wpb_column vc_main_column vc_column_container vc_col-sm-12 typo-default\"><div class=\"tpath-column-inner-wrapper vc_column-inner bg-style column-bg-default\"><div class=\"wpb_wrapper\">\n\t<div class=\"wpb_raw_code wpb_content_element wpb_raw_html\" >\n\t\t<div class=\"wpb_wrapper\">\n\t\t\t<p>Am \u00eenv\u0103\u021bat sa dormim pe munte, s\u0103 protej\u0103m mediul \u00eenconjur\u0103tor, am \u00eenv\u0103\u021bat cum s\u0103 ne comport\u0103m \u00een timpul furtunilor, cum s\u0103 acord\u0103m primul ajutor si multe altele.<\/p>\n\t\t<\/div>\n\t<\/div>\n<\/div><\/div><\/div><\/div><\/div><\/div><\/div><div class=\"vc_row wpb_row vc_row-fluid tpath-vc-section bg-style tpath-standard bg-shapecolor-tpath-standard\"><div class=\"tpath-row-inner-wrapper\"><div class=\"container\"><div class=\"row\"><div class=\"wpb_column vc_main_column vc_column_container vc_col-sm-12 typo-default\"><div class=\"tpath-column-inner-wrapper vc_column-inner bg-style column-bg-default\"><div class=\"wpb_wrapper\">\n\t<div class=\"wpb_raw_code wpb_content_element wpb_raw_html\" >\n\t\t<div class=\"wpb_wrapper\">\n\t\t\t<p>In viitorul apropiat, \u00eempreuna cu partenerii no\u0219tri din Germania vom organiza cursuri de drume\u021bit mun\u021bii.<\/p>\n\t\t<\/div>\n\t<\/div>\n<\/div><\/div><\/div><\/div><\/div><\/div><\/div><div class=\"vc_row wpb_row vc_row-fluid tpath-vc-section bg-style tpath-standard bg-shapecolor-tpath-standard\"><div class=\"tpath-row-inner-wrapper\"><div class=\"container\"><div class=\"row\"><div class=\"wpb_column vc_main_column vc_column_container vc_col-sm-12 typo-default\"><div class=\"tpath-column-inner-wrapper vc_column-inner bg-style column-bg-default\"><div class=\"wpb_wrapper\"><div class=\"wpb_gallery wpb_content_element vc_clearfix\" ><div class=\"wpb_wrapper\"><div class=\"wpb_gallery_slides wpb_image_grid\" data-interval=\"3\"><ul class=\"wpb_image_grid_ul\"><li class=\"isotope-item\"><a href=\"https:\/\/juvenala.ro\/wp-content\/uploads\/2018\/03\/13887102_564529963719661_8751473043863375293_n.jpg\" target=\"_self\"><img loading=\"lazy\" decoding=\"async\" width=\"150\" height=\"150\" src=\"https:\/\/juvenala.ro\/wp-content\/uploads\/2018\/03\/13887102_564529963719661_8751473043863375293_n-150x150.jpg\" class=\"attachment-thumbnail\" alt=\"\" title=\"13887102_564529963719661_8751473043863375293_n\" srcset=\"https:\/\/juvenala.ro\/wp-content\/uploads\/2018\/03\/13887102_564529963719661_8751473043863375293_n-150x150.jpg 150w, https:\/\/juvenala.ro\/wp-content\/uploads\/2018\/03\/13887102_564529963719661_8751473043863375293_n-80x80.jpg 80w\" sizes=\"auto, (max-width: 150px) 100vw, 150px\" \/><\/a><\/li><li class=\"isotope-item\"><a href=\"https:\/\/juvenala.ro\/wp-content\/uploads\/2018\/03\/13892184_1652323578427874_8002160620624389307_n.jpg\" target=\"_self\"><img loading=\"lazy\" decoding=\"async\" width=\"150\" height=\"150\" src=\"https:\/\/juvenala.ro\/wp-content\/uploads\/2018\/03\/13892184_1652323578427874_8002160620624389307_n-150x150.jpg\" class=\"attachment-thumbnail\" alt=\"\" title=\"13892184_1652323578427874_8002160620624389307_n\" srcset=\"https:\/\/juvenala.ro\/wp-content\/uploads\/2018\/03\/13892184_1652323578427874_8002160620624389307_n-150x150.jpg 150w, https:\/\/juvenala.ro\/wp-content\/uploads\/2018\/03\/13892184_1652323578427874_8002160620624389307_n-80x80.jpg 80w\" sizes=\"auto, (max-width: 150px) 100vw, 150px\" \/><\/a><\/li><li class=\"isotope-item\"><a href=\"https:\/\/juvenala.ro\/wp-content\/uploads\/2018\/03\/13900082_1052175244851292_5925110644955515963_n.jpg\" target=\"_self\"><img loading=\"lazy\" decoding=\"async\" width=\"150\" height=\"150\" src=\"https:\/\/juvenala.ro\/wp-content\/uploads\/2018\/03\/13900082_1052175244851292_5925110644955515963_n-150x150.jpg\" class=\"attachment-thumbnail\" alt=\"\" title=\"13900082_1052175244851292_5925110644955515963_n\" srcset=\"https:\/\/juvenala.ro\/wp-content\/uploads\/2018\/03\/13900082_1052175244851292_5925110644955515963_n-150x150.jpg 150w, https:\/\/juvenala.ro\/wp-content\/uploads\/2018\/03\/13900082_1052175244851292_5925110644955515963_n-80x80.jpg 80w\" sizes=\"auto, (max-width: 150px) 100vw, 150px\" \/><\/a><\/li><li class=\"isotope-item\"><a href=\"https:\/\/juvenala.ro\/wp-content\/uploads\/2018\/03\/14528406_1686850098308555_914739242_n.jpg\" target=\"_self\"><img loading=\"lazy\" decoding=\"async\" width=\"150\" height=\"150\" src=\"https:\/\/juvenala.ro\/wp-content\/uploads\/2018\/03\/14528406_1686850098308555_914739242_n-150x150.jpg\" class=\"attachment-thumbnail\" alt=\"\" title=\"14528406_1686850098308555_914739242_n\" srcset=\"https:\/\/juvenala.ro\/wp-content\/uploads\/2018\/03\/14528406_1686850098308555_914739242_n-150x150.jpg 150w, https:\/\/juvenala.ro\/wp-content\/uploads\/2018\/03\/14528406_1686850098308555_914739242_n-80x80.jpg 80w\" sizes=\"auto, (max-width: 150px) 100vw, 150px\" \/><\/a><\/li><li class=\"isotope-item\"><a href=\"https:\/\/juvenala.ro\/wp-content\/uploads\/2018\/03\/14569116_1686850511641847_279887398_n.jpg\" target=\"_self\"><img loading=\"lazy\" decoding=\"async\" width=\"150\" height=\"150\" src=\"https:\/\/juvenala.ro\/wp-content\/uploads\/2018\/03\/14569116_1686850511641847_279887398_n-150x150.jpg\" class=\"attachment-thumbnail\" alt=\"\" title=\"14569116_1686850511641847_279887398_n\" srcset=\"https:\/\/juvenala.ro\/wp-content\/uploads\/2018\/03\/14569116_1686850511641847_279887398_n-150x150.jpg 150w, https:\/\/juvenala.ro\/wp-content\/uploads\/2018\/03\/14569116_1686850511641847_279887398_n-80x80.jpg 80w\" sizes=\"auto, (max-width: 150px) 100vw, 150px\" \/><\/a><\/li><li class=\"isotope-item\"><a href=\"https:\/\/juvenala.ro\/wp-content\/uploads\/2018\/03\/14569190_1686850391641859_334254111_n.jpg\" target=\"_self\"><img loading=\"lazy\" decoding=\"async\" width=\"150\" height=\"150\" src=\"https:\/\/juvenala.ro\/wp-content\/uploads\/2018\/03\/14569190_1686850391641859_334254111_n-150x150.jpg\" class=\"attachment-thumbnail\" alt=\"\" title=\"14569190_1686850391641859_334254111_n\" srcset=\"https:\/\/juvenala.ro\/wp-content\/uploads\/2018\/03\/14569190_1686850391641859_334254111_n-150x150.jpg 150w, https:\/\/juvenala.ro\/wp-content\/uploads\/2018\/03\/14569190_1686850391641859_334254111_n-80x80.jpg 80w\" sizes=\"auto, (max-width: 150px) 100vw, 150px\" \/><\/a><\/li><li class=\"isotope-item\"><a href=\"https:\/\/juvenala.ro\/wp-content\/uploads\/2018\/03\/17190751_399836067061203_6542169467216812869_n.jpg\" target=\"_self\"><img loading=\"lazy\" decoding=\"async\" width=\"150\" height=\"150\" src=\"https:\/\/juvenala.ro\/wp-content\/uploads\/2018\/03\/17190751_399836067061203_6542169467216812869_n-150x150.jpg\" class=\"attachment-thumbnail\" alt=\"\" title=\"17190751_399836067061203_6542169467216812869_n\" srcset=\"https:\/\/juvenala.ro\/wp-content\/uploads\/2018\/03\/17190751_399836067061203_6542169467216812869_n-150x150.jpg 150w, https:\/\/juvenala.ro\/wp-content\/uploads\/2018\/03\/17190751_399836067061203_6542169467216812869_n-80x80.jpg 80w\" sizes=\"auto, (max-width: 150px) 100vw, 150px\" \/><\/a><\/li><li class=\"isotope-item\"><a href=\"https:\/\/juvenala.ro\/wp-content\/uploads\/2018\/03\/DSCN5462.jpg\" target=\"_self\"><img loading=\"lazy\" decoding=\"async\" width=\"150\" height=\"150\" src=\"https:\/\/juvenala.ro\/wp-content\/uploads\/2018\/03\/DSCN5462-150x150.jpg\" class=\"attachment-thumbnail\" alt=\"\" title=\"DSCN5462\" srcset=\"https:\/\/juvenala.ro\/wp-content\/uploads\/2018\/03\/DSCN5462-150x150.jpg 150w, https:\/\/juvenala.ro\/wp-content\/uploads\/2018\/03\/DSCN5462-80x80.jpg 80w\" sizes=\"auto, (max-width: 150px) 100vw, 150px\" \/><\/a><\/li><li class=\"isotope-item\"><a href=\"https:\/\/juvenala.ro\/wp-content\/uploads\/2018\/03\/DSCN5489.jpg\" target=\"_self\"><img loading=\"lazy\" decoding=\"async\" width=\"150\" height=\"150\" src=\"https:\/\/juvenala.ro\/wp-content\/uploads\/2018\/03\/DSCN5489-150x150.jpg\" class=\"attachment-thumbnail\" alt=\"\" title=\"DSCN5489\" srcset=\"https:\/\/juvenala.ro\/wp-content\/uploads\/2018\/03\/DSCN5489-150x150.jpg 150w, https:\/\/juvenala.ro\/wp-content\/uploads\/2018\/03\/DSCN5489-80x80.jpg 80w\" sizes=\"auto, (max-width: 150px) 100vw, 150px\" \/><\/a><\/li><li class=\"isotope-item\"><a href=\"https:\/\/juvenala.ro\/wp-content\/uploads\/2018\/03\/DSCN5557-1.jpg\" target=\"_self\"><img loading=\"lazy\" decoding=\"async\" width=\"150\" height=\"150\" src=\"https:\/\/juvenala.ro\/wp-content\/uploads\/2018\/03\/DSCN5557-1-150x150.jpg\" class=\"attachment-thumbnail\" alt=\"\" title=\"DSCN5557\" srcset=\"https:\/\/juvenala.ro\/wp-content\/uploads\/2018\/03\/DSCN5557-1-150x150.jpg 150w, https:\/\/juvenala.ro\/wp-content\/uploads\/2018\/03\/DSCN5557-1-80x80.jpg 80w\" sizes=\"auto, (max-width: 150px) 100vw, 150px\" \/><\/a><\/li><li class=\"isotope-item\"><a href=\"https:\/\/juvenala.ro\/wp-content\/uploads\/2018\/03\/DSCN5613.jpg\" target=\"_self\"><img loading=\"lazy\" decoding=\"async\" width=\"150\" height=\"150\" src=\"https:\/\/juvenala.ro\/wp-content\/uploads\/2018\/03\/DSCN5613-150x150.jpg\" class=\"attachment-thumbnail\" alt=\"\" title=\"DSCN5613\" srcset=\"https:\/\/juvenala.ro\/wp-content\/uploads\/2018\/03\/DSCN5613-150x150.jpg 150w, https:\/\/juvenala.ro\/wp-content\/uploads\/2018\/03\/DSCN5613-80x80.jpg 80w\" sizes=\"auto, (max-width: 150px) 100vw, 150px\" \/><\/a><\/li><\/ul><\/div><\/div><\/div><\/div><\/div><\/div><\/div><\/div><\/div><\/div>\n<\/div>","protected":false},"excerpt":{"rendered":"Drume\u021bii \u00een spiritul JuvenALA In asocia\u021bia noastr\u0103 voluntariatul nu reprezint\u0103 doar proiecte sociale ci \u0219i educa\u021bionale - cunoa\u0219terea mediului natural \u00eenconjur\u0103tor. Pentru a \u00eent\u0103ri leg\u0103tura de milenii cu padurea am...","protected":false},"author":1,"featured_media":0,"parent":0,"menu_order":0,"comment_status":"closed","ping_status":"closed","template":"","meta":{"footnotes":""},"class_list":["post-1073","page","type-page","status-publish","hentry"],"_links":{"self":[{"href":"https:\/\/juvenala.ro\/de\/wp-json\/wp\/v2\/pages\/1073","targetHints":{"allow":["GET"]}}],"collection":[{"href":"https:\/\/juvenala.ro\/de\/wp-json\/wp\/v2\/pages"}],"about":[{"href":"https:\/\/juvenala.ro\/de\/wp-json\/wp\/v2\/types\/page"}],"author":[{"embeddable":true,"href":"https:\/\/juvenala.ro\/de\/wp-json\/wp\/v2\/users\/1"}],"replies":[{"embeddable":true,"href":"https:\/\/juvenala.ro\/de\/wp-json\/wp\/v2\/comments?post=1073"}],"version-history":[{"count":4,"href":"https:\/\/juvenala.ro\/de\/wp-json\/wp\/v2\/pages\/1073\/revisions"}],"predecessor-version":[{"id":2873,"href":"https:\/\/juvenala.ro\/de\/wp-json\/wp\/v2\/pages\/1073\/revisions\/2873"}],"wp:attachment":[{"href":"https:\/\/juvenala.ro\/de\/wp-json\/wp\/v2\/media?parent=1073"}],"curies":[{"name":"wp","href":"https:\/\/api.w.org\/{rel}","templated":true}]}}